{"id":46,"date":"2019-03-29T16:05:28","date_gmt":"2019-03-29T16:05:28","guid":{"rendered":"http:\/\/www.demmer.sk\/?page_id=46"},"modified":"2020-11-17T08:05:48","modified_gmt":"2020-11-17T08:05:48","slug":"welcome","status":"publish","type":"page","link":"https:\/\/www.positivitee.sk\/","title":{"rendered":"Sypan\u00e9 \u010daje &#8211; Ru\u010dne roben\u00e9 \u010dokol\u00e1dy a cukrovinky &#8211; Taliansk\u00e9 poch\u00fa\u0165ky a d\u017eemy"},"content":{"rendered":"<p style=\"text-align: left;\" align=\"center\">Ru\u010dne roben\u00e9 cukrovinky z Belgicka, Talianska a Ve\u013ekej Brit\u00e1nie<\/p>\n<p style=\"text-align: left;\" align=\"center\">Taliansk\u00e9 poch\u00fa\u0165ky od najstar\u0161ej talianskej konzerv\u00e1rne<\/p>\n<p style=\"text-align: left;\" align=\"center\">Sypan\u00e9 \u010daje a doplnky na ich pr\u00edpravu<\/p>\n","protected":false},"excerpt":{"rendered":"<p>Ru\u010dne roben\u00e9 cukrovinky z Belgicka, Talianska a Ve\u013ekej Brit\u00e1nie Taliansk\u00e9 poch\u00fa\u0165ky od najstar\u0161ej talianskej konzerv\u00e1rne Sypan\u00e9 \u010daje a doplnky na ich pr\u00edpravu<\/p>\n","protected":false},"author":22,"featured_media":0,"parent":0,"menu_order":0,"comment_status":"closed","ping_status":"closed","template":"template-homepage.php","meta":{"jetpack_post_was_ever_published":false,"footnotes":""},"class_list":["post-46","page","type-page","status-publish","hentry"],"jetpack_sharing_enabled":true,"jetpack_shortlink":"https:\/\/wp.me\/PaSZrj-K","_links":{"self":[{"href":"https:\/\/www.positivitee.sk\/index.php\/wp-json\/wp\/v2\/pages\/46","targetHints":{"allow":["GET"]}}],"collection":[{"href":"https:\/\/www.positivitee.sk\/index.php\/wp-json\/wp\/v2\/pages"}],"about":[{"href":"https:\/\/www.positivitee.sk\/index.php\/wp-json\/wp\/v2\/types\/page"}],"author":[{"embeddable":true,"href":"https:\/\/www.positivitee.sk\/index.php\/wp-json\/wp\/v2\/users\/22"}],"replies":[{"embeddable":true,"href":"https:\/\/www.positivitee.sk\/index.php\/wp-json\/wp\/v2\/comments?post=46"}],"version-history":[{"count":1,"href":"https:\/\/www.positivitee.sk\/index.php\/wp-json\/wp\/v2\/pages\/46\/revisions"}],"predecessor-version":[{"id":4500,"href":"https:\/\/www.positivitee.sk\/index.php\/wp-json\/wp\/v2\/pages\/46\/revisions\/4500"}],"wp:attachment":[{"href":"https:\/\/www.positivitee.sk\/index.php\/wp-json\/wp\/v2\/media?parent=46"}],"curies":[{"name":"wp","href":"https:\/\/api.w.org\/{rel}","templated":true}]}}