{"id":530,"date":"2019-04-23T12:47:19","date_gmt":"2019-04-23T12:47:19","guid":{"rendered":"http:\/\/www.positivitee.sk\/?page_id=530"},"modified":"2020-11-17T08:05:48","modified_gmt":"2020-11-17T08:05:48","slug":"subory-cookie","status":"publish","type":"page","link":"https:\/\/www.positivitee.sk\/index.php\/subory-cookie\/","title":{"rendered":"S\u00daBORY COOKIE"},"content":{"rendered":"\n<p>S cie\u013eom zabezpe\u010di\u0165 riadne fungovanie tejto webovej lokality uklad\u00e1me niekedy na va\u0161om zariaden\u00ed mal\u00e9 d\u00e1tov\u00e9 s\u00fabory, tzv. cookie. Je to be\u017en\u00e1 prax v\u00e4\u010d\u0161iny ve\u013ek\u00fdch webov\u00fdch lokal\u00edt.<\/p>\n\n\n\n<h2 class=\"wp-block-heading\">\u010co s\u00fa s\u00fabory cookie?<\/h2>\n\n\n\n<p>S\u00fabor cookie je mal\u00fd textov\u00fd s\u00fabor, ktor\u00fd webov\u00e1 lokalita uklad\u00e1 vo va\u0161om po\u010d\u00edta\u010di alebo mobilnom zariaden\u00ed pri jej prehliadan\u00ed. V\u010faka tomuto s\u00faboru si webov\u00e1 lokalita na ur\u010dit\u00fd \u010das uchov\u00e1va inform\u00e1cie o va\u0161ich krokoch a preferenci\u00e1ch (ako s\u00fa prihlasovacie meno, jazyk, ve\u013ekos\u0165 p\u00edsma a in\u00e9 nastavenia zobrazovania), tak\u017ee ich pri \u010fal\u0161ej n\u00e1v\u0161teve lokality alebo prehliadan\u00ed jej jednotliv\u00fdch str\u00e1nok nemus\u00edte op\u00e4tovne uv\u00e1dza\u0165.<\/p>\n\n\n\n<h2 class=\"wp-block-heading\">Ako pou\u017e\u00edvame s\u00fabory cookie?<\/h2>\n\n\n\n<p>Rad na\u0161ich str\u00e1nok pou\u017e\u00edva s\u00fabory cookie, aby sme uchovali:<\/p>\n\n\n\n<ul class=\"wp-block-list\"><li>va\u0161e preferencie zobrazenia, napr\u00edklad nastavenia kontrastu farieb alebo ve\u013ekosti p\u00edsma;<\/li><li>skuto\u010dnos\u0165, \u017ee ste u\u017e odpovedali na prieskum zobrazuj\u00faci sa v samostatnom okne (pop-up), prostredn\u00edctvom ktor\u00e9ho m\u00f4\u017eete vyjadri\u0165 svoj n\u00e1zor na obsah str\u00e1nky (nebude sa op\u00e4tovne zobrazova\u0165);<\/li><li>skuto\u010dnos\u0165, \u010di ste s\u00fahlasili (alebo nes\u00fahlasili) s t\u00fdm, aby sme vyu\u017e\u00edvali s\u00fabory cookie na tejto webovej lokalite.<\/li><li>Rovnako niektor\u00e9 vide\u00e1, ktor\u00e9 s\u00fa s\u00fa\u010das\u0165ou na\u0161ich str\u00e1nok, pou\u017e\u00edvaj\u00fa s\u00fabory cookie na anonymn\u00fd zber \u0161tatistick\u00fdch \u00fadajov o tom, ako ste sa tam dostali a ktor\u00e9 videoklipy ste si pozreli.<\/li><\/ul>\n\n\n\n<p>Povolenie pou\u017eitia s\u00faborov cookie nie je nevyhnutne potrebn\u00e9 na spr\u00e1vne fungovanie webovej lokality, ale poskytne v\u00e1m to lep\u0161\u00ed pou\u017e\u00edvate\u013esk\u00fd komfort pri pr\u00e1ci s \u0148ou. S\u00fabory cookie m\u00f4\u017eete vymaza\u0165 alebo zablokova\u0165. V takomto pr\u00edpade sa v\u0161ak m\u00f4\u017ee sta\u0165, \u017ee ur\u010dit\u00e9 funkcionality webovej lokality nebud\u00fa fungova\u0165 tak, ako by mali.<\/p>\n\n\n\n<p>Inform\u00e1cie ukladan\u00e9 v s\u00faboroch <strong>cookie sa nepou\u017eij\u00fa na va\u0161u osobn\u00fa identifik\u00e1ciu<\/strong> a \u0161trukt\u00fara \u00fadajov je plne pod na\u0161ou kontrolou. S\u00fabory cookie sa nepou\u017e\u00edvaj\u00fa na in\u00e9 \u00fa\u010dely ako tie, ktor\u00e9 s\u00fa uveden\u00e9 v tomto texte.<\/p>\n\n\n\n<h2 class=\"wp-block-heading\">Pou\u017e\u00edvame aj in\u00e9 s\u00fabory cookie?<br><\/h2>\n\n\n\n<p>Niektor\u00e9 z na\u0161ich str\u00e1nok alebo podlokal\u00edt m\u00f4\u017eu pou\u017e\u00edva\u0165 dodato\u010dn\u00e9 alebo odli\u0161n\u00e9 s\u00fabory cookie ne\u017e uveden\u00e9 v predch\u00e1dzaj\u00facom texte. V takomto pr\u00edpade bud\u00fa na predmetnej str\u00e1nke v osobitnom ozn\u00e1men\u00ed o s\u00faboroch cookie poskytnut\u00e9 podrobn\u00e9 \u00fadaje o ich pou\u017eit\u00ed. Komisia v\u00e1s m\u00f4\u017ee po\u017eiada\u0165, aby ste s\u00fahlasili s uchovan\u00edm t\u00fdchto s\u00faborov cookie.<\/p>\n\n\n\n<h2 class=\"wp-block-heading\">Ako kontrolova\u0165 s\u00fabory cookie<br><\/h2>\n\n\n\n<p>S\u00fabory cookie<strong> m\u00f4\u017eete kontrolova\u0165 a\/alebo zmaza\u0165<\/strong> pod\u013ea uv\u00e1\u017eenia \u2013 podrobnosti si pozrite na str\u00e1nke aboutcookies.org. M\u00f4\u017eete vymaza\u0165 v\u0161etky s\u00fabory cookie ulo\u017een\u00e9 vo svojom po\u010d\u00edta\u010di a v\u00e4\u010d\u0161inu prehliada\u010dov m\u00f4\u017eete nastavi\u0165 tak, aby ste im znemo\u017enili ich ukladanie. V takomto pr\u00edpade v\u0161ak pravdepodobne budete musie\u0165 pri ka\u017edej n\u00e1v\u0161teve webovej lokality manu\u00e1lne upravova\u0165 niektor\u00e9 nastavenia a niektor\u00e9 slu\u017eby a funkcie nebud\u00fa fungova\u0165.<\/p>\n","protected":false},"excerpt":{"rendered":"<p>S cie\u013eom zabezpe\u010di\u0165 riadne fungovanie tejto webovej lokality uklad\u00e1me niekedy na va\u0161om zariaden\u00ed mal\u00e9 d\u00e1tov\u00e9 s\u00fabory, tzv. cookie. Je to be\u017en\u00e1 prax v\u00e4\u010d\u0161iny ve\u013ek\u00fdch webov\u00fdch lokal\u00edt. \u010co s\u00fa s\u00fabory cookie? S\u00fabor cookie je mal\u00fd textov\u00fd s\u00fabor, ktor\u00fd webov\u00e1 lokalita uklad\u00e1 vo va\u0161om po\u010d\u00edta\u010di alebo mobilnom zariaden\u00ed pri jej prehliadan\u00ed. V\u010faka tomuto s\u00faboru si webov\u00e1 lokalita [&hellip;]<\/p>\n","protected":false},"author":22,"featured_media":0,"parent":0,"menu_order":0,"comment_status":"closed","ping_status":"closed","template":"","meta":{"jetpack_post_was_ever_published":false,"footnotes":""},"class_list":["post-530","page","type-page","status-publish","hentry"],"jetpack_sharing_enabled":true,"jetpack_shortlink":"https:\/\/wp.me\/PaSZrj-8y","_links":{"self":[{"href":"https:\/\/www.positivitee.sk\/index.php\/wp-json\/wp\/v2\/pages\/530","targetHints":{"allow":["GET"]}}],"collection":[{"href":"https:\/\/www.positivitee.sk\/index.php\/wp-json\/wp\/v2\/pages"}],"about":[{"href":"https:\/\/www.positivitee.sk\/index.php\/wp-json\/wp\/v2\/types\/page"}],"author":[{"embeddable":true,"href":"https:\/\/www.positivitee.sk\/index.php\/wp-json\/wp\/v2\/users\/22"}],"replies":[{"embeddable":true,"href":"https:\/\/www.positivitee.sk\/index.php\/wp-json\/wp\/v2\/comments?post=530"}],"version-history":[{"count":1,"href":"https:\/\/www.positivitee.sk\/index.php\/wp-json\/wp\/v2\/pages\/530\/revisions"}],"predecessor-version":[{"id":531,"href":"https:\/\/www.positivitee.sk\/index.php\/wp-json\/wp\/v2\/pages\/530\/revisions\/531"}],"wp:attachment":[{"href":"https:\/\/www.positivitee.sk\/index.php\/wp-json\/wp\/v2\/media?parent=530"}],"curies":[{"name":"wp","href":"https:\/\/api.w.org\/{rel}","templated":true}]}}