{"id":533,"date":"2019-04-23T12:54:30","date_gmt":"2019-04-23T12:54:30","guid":{"rendered":"http:\/\/www.positivitee.sk\/?page_id=533"},"modified":"2020-11-17T08:05:48","modified_gmt":"2020-11-17T08:05:48","slug":"kontakt","status":"publish","type":"page","link":"https:\/\/www.positivitee.sk\/index.php\/kontakt\/","title":{"rendered":"KONTAKT"},"content":{"rendered":"\n<p>M\u00e1ria Larsson &#8211; ARCIMBOLDO<\/p>\n\n\n\n<p><em><strong>Import a distrib\u00facia potrav\u00edn a pochut\u00edn<\/strong><\/em><\/p>\n\n\n\n<p>office@positivitee.sk <\/p>\n\n\n\n<p>Tel. 0910 128 403 <\/p>\n\n\n\n<p>Donnerova 23, 841 04 Bratislava<\/p>\n\n\n\n<p>I\u010cO: 41535251<\/p>\n\n\n\n<p>DI\u010c: 1075378040<\/p>\n\n\n\n<p>I\u010c DPH: SK1075378040<\/p>\n\n\n\n<p>Zap. v \u017eiv. reg. OU v Bratislave pod \u010d\u00edslom: 110-152553.<\/p>\n","protected":false},"excerpt":{"rendered":"<p>M\u00e1ria Larsson &#8211; ARCIMBOLDO Import a distrib\u00facia potrav\u00edn a pochut\u00edn office@positivitee.sk Tel. 0910 128 403 Donnerova 23, 841 04 Bratislava I\u010cO: 41535251 DI\u010c: 1075378040 I\u010c DPH: SK1075378040 Zap. v \u017eiv. reg. OU v Bratislave pod \u010d\u00edslom: 110-152553.<\/p>\n","protected":false},"author":22,"featured_media":0,"parent":0,"menu_order":0,"comment_status":"closed","ping_status":"closed","template":"","meta":{"jetpack_post_was_ever_published":false,"footnotes":""},"class_list":["post-533","page","type-page","status-publish","hentry"],"jetpack_sharing_enabled":true,"jetpack_shortlink":"https:\/\/wp.me\/PaSZrj-8B","_links":{"self":[{"href":"https:\/\/www.positivitee.sk\/index.php\/wp-json\/wp\/v2\/pages\/533","targetHints":{"allow":["GET"]}}],"collection":[{"href":"https:\/\/www.positivitee.sk\/index.php\/wp-json\/wp\/v2\/pages"}],"about":[{"href":"https:\/\/www.positivitee.sk\/index.php\/wp-json\/wp\/v2\/types\/page"}],"author":[{"embeddable":true,"href":"https:\/\/www.positivitee.sk\/index.php\/wp-json\/wp\/v2\/users\/22"}],"replies":[{"embeddable":true,"href":"https:\/\/www.positivitee.sk\/index.php\/wp-json\/wp\/v2\/comments?post=533"}],"version-history":[{"count":4,"href":"https:\/\/www.positivitee.sk\/index.php\/wp-json\/wp\/v2\/pages\/533\/revisions"}],"predecessor-version":[{"id":552,"href":"https:\/\/www.positivitee.sk\/index.php\/wp-json\/wp\/v2\/pages\/533\/revisions\/552"}],"wp:attachment":[{"href":"https:\/\/www.positivitee.sk\/index.php\/wp-json\/wp\/v2\/media?parent=533"}],"curies":[{"name":"wp","href":"https:\/\/api.w.org\/{rel}","templated":true}]}}