{"id":536,"date":"2019-04-23T13:19:37","date_gmt":"2019-04-23T13:19:37","guid":{"rendered":"http:\/\/www.positivitee.sk\/?page_id=536"},"modified":"2020-11-17T08:05:48","modified_gmt":"2020-11-17T08:05:48","slug":"vseobecne-obchodne-podmienky","status":"publish","type":"page","link":"https:\/\/www.positivitee.sk\/index.php\/vseobecne-obchodne-podmienky\/","title":{"rendered":"V\u0160EOBECN\u00c9 OBCHODN\u00c9 PODMIENKY"},"content":{"rendered":"\n<h2 class=\"wp-block-heading\">\u00a7 1  Platnos\u0165 v\u0161eobecn\u00fdch obchodn\u00fdch podmienok<\/h2>\n\n\n\n<ol class=\"wp-block-list\"><li>V\u0161eobecn\u00e9 obchodn\u00e9 podmienky dalej len \u201eVOP\u201c upravuj\u00fa vz\u0165ah medzi zmluvn\u00fdmi stranami &#8211; pred\u00e1vaj\u00facim a kupuj\u00facim &#8211; ktor\u00ed uzatv\u00e1raj\u00fa k\u00fapnu zmluvu na dia\u013eku prostredn\u00edctvom internetov\u00e9ho obchodu \u010falej len \u201eE-shop\u201c umiestnen\u00e9ho na str\u00e1nkach www.telelogical.sk, <\/li><li>Dod\u00e1vky tovarov a slu\u017eieb pred\u00e1vaj\u00faceho sa uskuto\u010dnia na z\u00e1klade t\u00fdchto VOP. Dod\u00e1vka tovarov a slu\u017eieb za odli\u0161n\u00fdch podmienok je mo\u017en\u00e1 len v pr\u00edpade, ak s t\u00fdm obe zmluvn\u00e9 strany p\u00edsomne s\u00fahlasia. <\/li><li>Na pr\u00e1vne vz\u0165ahy, ktor\u00e9 vznikaj\u00fa medzi pred\u00e1vaj\u00facim na jednej strane a kupuj\u00facim na strane druhej, sa vz\u0165ahuj\u00fa pr\u00edslu\u0161n\u00e9 ustanovenia z\u00e1kona \u010d. 108\/2000 Z.z. o ochrane spotrebite\u013ea pri podomovom predaji a z\u00e1sielkovom predaji v znen\u00ed neskor\u0161\u00edch predpisov a Ob\u010dianskeho z\u00e1konn\u00edka \u010d. 40\/1964 Zb. v znen\u00ed neskor\u0161\u00edch predpisov.<\/li><\/ol>\n\n\n\n<h2 class=\"wp-block-heading\">\u00a7 2  Vymedzenie pojmov<\/h2>\n\n\n\n<ol class=\"wp-block-list\"><li>\u201ePred\u00e1vaj\u00faci\u201d je M\u00e1ria Larsson &#8211; ARCIMBOLDO, Donnerova 23, 841 04 Bratislava, I\u010cO: 41535251, DI\u010c: 1075378040, I\u010c DPH: SK1075378040, zap. v \u017eiv. reg. OU v Bratislave pod \u010d\u00edslom: 110-152553. <\/li><li>Kupuj\u00faci\u201d je fyzick\u00e1 alebo pr\u00e1vnick\u00e1 osoba, ktor\u00e1 vst\u00fapila do pr\u00e1vneho vz\u0165ahu s pred\u00e1vaj\u00facim, d\u00f4sledkom ktor\u00e9ho je prevod vlastn\u00edckeho pr\u00e1va k predmetu predaja. <\/li><li>\u201eCena\u201d predstavuje pe\u0148a\u017en\u00fd ekvivalent, resp. finan\u010dn\u00e9 vyjadrenie hodnoty predmetu predaja a\/alebo slu\u017eby poskytovanej pred\u00e1vaj\u00facim. <\/li><li>\u201eTovar\u201d je hnute\u013en\u00e1 vec, ktor\u00e1 na z\u00e1klade uzavretej zmluvy a \u00fahrady ceny prech\u00e1dza do vlastn\u00edctva kupuj\u00faceho. <\/li><li>\u201eSlu\u017eba\u201d je pr\u00e1vny \u00fakon, ktor\u00fd pred\u00e1vaj\u00faci poskytne kupuj\u00facemu na z\u00e1klade vopred zaslanej objedn\u00e1vky za odplatu dojednan\u00fa v zmluve. <\/li><li>\u201eZmluva\u201d je dvojstrann\u00fd pr\u00e1vny \u00fakon, pr\u00e1vny titul uzavret\u00fd medzi pred\u00e1vaj\u00facim a kupuj\u00facim, obsahuj\u00faci podstatn\u00e9 a ved\u013eaj\u0161ie n\u00e1le\u017eitosti vz\u00e1jomnej dohody zmluvn\u00fdch str\u00e1n. <\/li><li>\u201eE-shop\u201c je internetov\u00fd obchod spolo\u010dnosti M\u00e1ria Larsson &#8211; ARCIMBOLDO umiestnen\u00fd na internetovej str\u00e1nke www.positivitee.sk umo\u017e\u0148uj\u00faci nakupovanie tovaru obchodu Positivitee pon\u00fakan\u00e9ho na uvedenej str\u00e1nke.<\/li><\/ol>\n\n\n\n<h2 class=\"wp-block-heading\">\u00a7 3  Objedn\u00e1vka a uzatvorenie zmluvy<\/h2>\n\n\n\n<ol class=\"wp-block-list\"><li>Objedn\u00e1vka je n\u00e1vrhom k\u00fapnej zmluvy, ktorej predmetom je tovar a\/alebo slu\u017eby uveden\u00e9 v objedn\u00e1vke. V\u0161etky objedn\u00e1vky realizovan\u00e9 prostredn\u00edctvom internetov\u00e9ho obchodu pred\u00e1vaj\u00faceho s\u00fa pre obidve zmluvn\u00e9 strany z\u00e1v\u00e4zn\u00e9. <\/li><li>Pre \u00fa\u010dely k\u00fapnej zmluvy je platn\u00e1 ponuka tovaru vr\u00e1tane k\u00fapnej ceny zverejnenej v aktu\u00e1lnom n\u00e1kupnom ko\u0161\u00edku v momente odoslania objedn\u00e1vky. Odoslan\u00edm objedn\u00e1vky kupuj\u00faci potvrdzuje, \u017ee sa zozn\u00e1mil s t\u00fdmito VOP a v plnom rozsahu s nimi s\u00fahlas\u00ed. Kupuj\u00faci je okamihom odoslania objedn\u00e1vky t\u00fdmito VOP viazan\u00fd. <\/li><li>K\u00fapna zmluva vznik\u00e1 odoslan\u00edm objedn\u00e1vky zo strany kupuj\u00faceho a jej prijat\u00edm na strane pred\u00e1vaj\u00faceho, a to za cenov\u00fdch podmienok uveden\u00fdch v objedn\u00e1vke. <\/li><li>Pred\u00e1vaj\u00faci po doru\u010den\u00ed objedn\u00e1vky za\u0161le kupuj\u00facemu elektronick\u00fa odpove\u010f na e-mailov\u00fa adresu kupuj\u00faceho, pri\u010dom v tejto odpovedi potvrd\u00ed doru\u010denie objedn\u00e1vky. <\/li><li>Pred\u00e1vaj\u00faci sa zav\u00e4zuje doda\u0165 len bezchybn\u00fd a kvalitn\u00fd tovar sp\u013a\u0148aj\u00faci v\u0161etky z\u00e1konn\u00e9 predpisy platn\u00e9 v SR. Kupuj\u00faci sa zav\u00e4zuje uvies\u0165 v objedn\u00e1vke len pravdiv\u00e9 a presn\u00e9 \u00fadaje. <\/li><li>Kupuj\u00faci sa \u010falej zav\u00e4zuje objednan\u00fd tovar prevzia\u0165 a zaplati\u0165 jeho cenu pred\u00e1vaj\u00facemu. <\/li><li>Kupuj\u00faci zodpoved\u00e1 pred\u00e1vaj\u00facemu za v\u0161etky finan\u010dn\u00e9 \u0161kody (t.j. n\u00e1klady na po\u0161tovn\u00e9) sp\u00f4soben\u00e9 nespr\u00e1vne alebo zav\u00e1dzaj\u00faco uveden\u00fdmi \u00fadajmi. Pred\u00e1vaj\u00faci si v pr\u00edpade takejto \u0161kody vyhradzuje pr\u00e1vo zverejnenia mena, priezviska a internetovej IP adresy kupuj\u00faceho.<\/li><\/ol>\n\n\n\n<h2 class=\"wp-block-heading\">\u00a7 4  Ceny<\/h2>\n\n\n\n<ol class=\"wp-block-list\"><li>Pred\u00e1vaj\u00faci si vyhradzuje pr\u00e1vo zmeny cien. Zverejnen\u00e9 ceny s\u00fa platn\u00e9 pre kupuj\u00faceho v okamihu vystavenia objedn\u00e1vky. <\/li><li>Po\u0161tovn\u00e9 a baln\u00e9 \u00fa\u010dtuje pred\u00e1vaj\u00faci pod\u013ea platn\u00e9ho cenn\u00edka, pri\u010dom v\u00fd\u0161ka t\u00fdchto poplatkov z\u00e1vis\u00ed od celkovej ceny tovaru, miesta a sp\u00f4sobu doru\u010denia a je uveden\u00e1 v objedn\u00e1vke, ako aj priebe\u017ene v n\u00e1kupnom ko\u0161\u00edku.<\/li><\/ol>\n\n\n\n<h2 class=\"wp-block-heading\">\u00a7 5  Platobn\u00e9 podmienky<\/h2>\n\n\n\n<ol class=\"wp-block-list\"><li>Platba kupuj\u00faceho za dod\u00e1vku tovaru a slu\u017eieb pred\u00e1vaj\u00faceho sa uskuto\u010dn\u00ed: <ul><li>v pr\u00edpade zaslania tovaru na ur\u010den\u00fa adresu &#8211; ako platba na \u00fa\u010det spolo\u010dnosti <\/li><\/ul><\/li><li>Po\u017eadovan\u00fd sp\u00f4sob doru\u010denia a platby je kupuj\u00faci povinn\u00fd uvies\u0165 v objedn\u00e1vke.<\/li><\/ol>\n\n\n\n<h2 class=\"wp-block-heading\">\u00a7 6  Dodacie podmienky<\/h2>\n\n\n\n<ol class=\"wp-block-list\"><li>Pred\u00e1vaj\u00faci je povinn\u00fd odosla\u0165 objednan\u00fd tovar kupuj\u00facemu spravidla do 3 pracovn\u00fdch dn\u00ed odo d\u0148a prijatia a potvrdenia objedn\u00e1vky, pokia\u013e sa obe strany nedohodli inak. <\/li><li>V pr\u00edpade vzniku prek\u00e1\u017eky br\u00e1niacej v\u010dasn\u00e9mu dodaniu tovaru je pred\u00e1vaj\u00faci povinn\u00fd o tejto skuto\u010dnosti bezodkladne informova\u0165 kupuj\u00faceho. Kupuj\u00faci je v takom pr\u00edpade opr\u00e1vnen\u00fd odst\u00fapi\u0165 od zmluvy. <\/li><li>Miestom dodania tovaru je adresa dodania uveden\u00e1 kupuj\u00facim v objedn\u00e1vke. <\/li><li>Tovar je pred\u00e1vaj\u00faci povinn\u00fd doda\u0165 vo vhodnom obale tak, aby sa zabr\u00e1nilo po\u0161kodeniu tovaru v d\u00f4sledku be\u017en\u00fdch vplyvov po\u010das dopravy. Obaly a n\u00e1klady na balenie s\u00fa \u00fa\u010dtovan\u00e9 pod\u013ea \u00a74, ods. 2 t\u00fdchto VOP. <\/li><li>Pri prevzat\u00ed tovaru je kupuj\u00faci povinn\u00fd vykona\u0165 kontrolu tovaru a presk\u00fama\u0165 splnenie nasleduj\u00facich podmienok: <ul><li>ide o tovar, ktor\u00fd kupuj\u00faci objednal, <\/li><li>tovar bol doru\u010den\u00fd v neporu\u0161enom stave, t.j. nem\u00e1 zjavn\u00fa vadu,<\/li><li>tovar m\u00e1 objednan\u00fa farbu, ve\u013ekos\u0165, resp. in\u00e9 propagovan\u00e9 vlastnosti. <\/li><\/ul><\/li><li>Ak kupuj\u00faci pri kontrole tovaru zist\u00ed, \u017ee mu bol dodan\u00fd in\u00fd ako objednan\u00fd tovar, je povinn\u00fd najnesk\u00f4r do 14 pracovn\u00fdch dn\u00ed informova\u0165 o tejto skuto\u010dnosti pred\u00e1vaj\u00faceho a tovar mu zasla\u0165 doporu\u010denou z\u00e1sielkou sp\u00e4\u0165 na v\u00fdmenu; v opa\u010dnom pr\u00edpade sa tovar pova\u017euje za prevzat\u00fd a po tejto lehote u\u017e nie je mo\u017ene tovar vymeni\u0165, alebo vr\u00e1ti\u0165.  <\/li><li>V pr\u00edpade po\u0161kodenia tovaru po\u010das prepravy je kupuj\u00faci povinn\u00fd sp\u00edsa\u0165 s prepravnou spolo\u010dnos\u0165ou z\u00e1pisnicu o po\u0161koden\u00ed z\u00e1sielky a je povinn\u00fd bezodkladne informova\u0165 o tejto skuto\u010dnosti pred\u00e1vaj\u00faceho &#8211; v opa\u010dnom pr\u00edpade pred\u00e1vaj\u00faci neuzn\u00e1 reklam\u00e1ciu dodan\u00e9ho tovaru.<\/li><\/ol>\n\n\n\n<h2 class=\"wp-block-heading\">\u00a7 7  Ome\u0161kanie prevzatia tovaru<\/h2>\n\n\n\n<p>Pokia\u013e nie je tovar prevzat\u00fd kupuj\u00facim od prepravnej spolo\u010dnosti, a t\u00e1to ho vr\u00e1ti sp\u00e4\u0165 pred\u00e1vaj\u00facemu, je pred\u00e1vaj\u00faci opr\u00e1vnen\u00fd \u017eiada\u0165 \u00fahradu n\u00e1kladov na po\u0161tovn\u00e9. Pred\u00e1vaj\u00faci si v pr\u00edpade takejto \u0161kody vyhradzuje pr\u00e1vo zverejnenia mena, priezviska a internetovej IP adresy kupuj\u00faceho.<\/p>\n\n\n\n<h2 class=\"wp-block-heading\">\u00a7 8  Z\u00e1ru\u010dn\u00e9 podmienky<\/h2>\n\n\n\n<ol class=\"wp-block-list\"><li>Z\u00e1ru\u010dn\u00e1 doba za\u010d\u00edna plyn\u00fa\u0165 d\u0148om prevzatia tovaru kupuj\u00facim a trv\u00e1 2 roky. S\u00fahlas so z\u00e1ru\u010dn\u00fdmi podmienkami potvrdzuje kupuj\u00faci prevzat\u00edm tovaru. <\/li><li>Ak kupuj\u00faci zist\u00ed vadu tovaru po\u010das z\u00e1ru\u010dnej doby, je opr\u00e1vnen\u00fd t\u00fato vadu najnesk\u00f4r do uplynutia z\u00e1ru\u010dnej doby reklamova\u0165. N\u00e1roky na z\u00e1ruku prin\u00e1le\u017eia iba kupuj\u00facemu a nie je ich mo\u017en\u00e9 previes\u0165 na tretiu osobu. <\/li><li>Kupuj\u00faci uplat\u0148uje reklam\u00e1ciu zaslan\u00edm riadne zabalen\u00e9ho tovaru doporu\u010denou z\u00e1sielkou na adresu pred\u00e1vaj\u00faceho, spolo\u010dne s k\u00f3piou pr\u00edslu\u0161nej fakt\u00fary, presn\u00fdm popisom a d\u00f4vodom vr\u00e1tenia tovaru, t.j. popisom vady. <\/li><li>Z\u00e1ruka sa nevz\u0165ahuje na vady tovaru sp\u00f4soben\u00e9 nespr\u00e1vnym pou\u017e\u00edvan\u00edm, skladovan\u00edm alebo po\u0161koden\u00edm tovaru. Kupuj\u00faci str\u00e1ca n\u00e1rok na reklam\u00e1ciu, ak z\u00e1vadu nenahl\u00e1si pred\u00e1vaj\u00facemu a\/alebo prevedie opravu s\u00e1m alebo prostredn\u00edctvom inej osoby bez vedomia pred\u00e1vaj\u00faceho. <\/li><li>Pred\u00e1vaj\u00faci sa zav\u00e4zuje vybavi\u0165 reklam\u00e1ciu do 30 dn\u00ed odo d\u0148a doru\u010denia tovaru kupuj\u00facim. Pokia\u013e je t\u00e1to lehota nedostato\u010dn\u00e1, je pred\u00e1vaj\u00faci povinn\u00fd upovedomi\u0165 kupuj\u00faceho a ur\u010di\u0165 sp\u00f4sob a term\u00edn vybavenia. Ak pred\u00e1vaj\u00faci uzn\u00e1 reklam\u00e1ciu produktu ako opr\u00e1vnen\u00fa, je povinn\u00fd tovar opravi\u0165 do p\u00f4vodn\u00e9ho stavu, vymeni\u0165 za rovnak\u00fd nepo\u0161koden\u00fd v\u00fdrobok, alebo vystavi\u0165 na vr\u00e1ten\u00fd tovar dobropis a vr\u00e1ti\u0165 kupuj\u00facemu k\u00fapnu cenu.<\/li><\/ol>\n\n\n\n<h2 class=\"wp-block-heading\">\u00a7 9  Autorsk\u00e9 pr\u00e1va<\/h2>\n\n\n\n<p>Na ochranu autorsk\u00fdch pr\u00e1v sa vz\u0165ahuje z\u00e1kon \u010d. 121\/2000 Zb. v znen\u00ed neskor\u0161\u00edch predpisov.<\/p>\n\n\n\n<h2 class=\"wp-block-heading\">\u00a7 10  Ochrana osobn\u00fdch \u00fadajov<\/h2>\n\n\n\n<ol class=\"wp-block-list\"><li>Ak je kupuj\u00faci fyzick\u00e1 osoba, je povinn\u00fd uvies\u0165 nasleduj\u00face \u00fadaje.  Tieto inform\u00e1cie s\u00fa nevyhnutn\u00e9 na identifik\u00e1ciu kupuj\u00faceho a pr\u00edpadn\u00fa komunik\u00e1ciu.  <ul><li>meno <\/li><li>priezvisko <\/li><li>titul (volite\u013ene) <\/li><li>ulica a \u010d\u00edslo <\/li><li>PS\u010c <\/li><li>mesto (obec) <\/li><li>\u0161t\u00e1t <\/li><li>e-mailov\u00e1 adresa <\/li><li>telefonick\u00fd kontakt <\/li><\/ul><\/li><li>Ak je kupuj\u00faci fyzick\u00e1 osoba &#8211; podnikate\u013e alebo pr\u00e1vnick\u00e1 osoba, je povinn\u00fd uvies\u0165 naviac nasleduj\u00face \u00fadaje.  Tieto inform\u00e1cie s\u00fa nevyhnutn\u00e9 na vyhotovenie da\u0148ov\u00e9ho dokladu. <ul><li>obchodn\u00e9 meno <\/li><li>I\u010cO <\/li><li>DI\u010c <\/li><li>I\u010c DPH <\/li><li><\/li><\/ul><\/li><li>\u00da\u010delom sprac\u00favania osobn\u00fdch \u00fadajov je: <ul><li>Vystavenie da\u0148ov\u00e9ho dokladu &#8211; fakt\u00fary, v zmysle z\u00e1kona 222\/2004 Z.z. o dani z pridanej hodnoty, \u00a7 71 ods. 2 pism. b). <\/li><li>Doru\u010denie tovaru a identifik\u00e1cia kupuj\u00faceho alebo opr\u00e1vnenej osoby pred odovzdan\u00edm vopred zaplaten\u00e9ho tovaru, <\/li><li>Potvrdenie objedn\u00e1vky, platby za tovar, dodania objednan\u00e9ho tovaru, <\/li><li>Evidencia os\u00f4b registrovan\u00fdch prostredn\u00edctvom e-shopu, <\/li><li>Evidencia objedn\u00e1vok a k\u00fapnych zml\u00fav pre vybavovanie pr\u00edpadn\u00fdch reklam\u00e1ci\u00ed, <\/li><li>Zasielanie aktu\u00e1lnej ponuky a komer\u010dn\u00fdch inform\u00e1ci\u00ed prostredn\u00edctvom elektronickej po\u0161ty (e-mail) so s\u00fahlasom adres\u00e1ta. <\/li><\/ul><\/li><li>Osobn\u00e9 \u00fadaje m\u00f4\u017ee pred\u00e1vaj\u00faci zhroma\u017e\u010fova\u0165 v\u00fdlu\u010dne za \u00fa\u010delom poskytovania a skvalit\u0148ovania svojich slu\u017eieb a nesmie ich poskytn\u00fa\u0165 ich tretej strane bez s\u00fahlasu kupuj\u00faceho. Pou\u017e\u00edvan\u00edm internetov\u00e9ho obchodu s\u00fahlas\u00ed kupuj\u00faci so zhroma\u017e\u010fovan\u00edm a pou\u017e\u00edvan\u00edm inform\u00e1ci\u00ed o sebe i svojich n\u00e1kupoch pre vn\u00fatorn\u00e9 potreby pred\u00e1vaj\u00faceho. <\/li><li>Pred\u00e1vaj\u00faci je povinn\u00fd chr\u00e1ni\u0165 osobn\u00e9 \u00fadaje kupuj\u00faceho pred zneu\u017eit\u00edm.<\/li><\/ol>\n\n\n\n<h2 class=\"wp-block-heading\">\u00a7 11  Odst\u00fapenie od k\u00fapnej zmluvy<\/h2>\n\n\n\n<ol class=\"wp-block-list\"><li>Pod\u013ea z\u00e1kona \u010d. 102\/2014 Z.z. je kupuj\u00faci opr\u00e1vnen\u00fd bez uvedenia d\u00f4vodu odst\u00fapi\u0165 od zmluvy do 14 kalend\u00e1rnych dn\u00ed odo d\u0148a prevzatia tovaru alebo od uzavretia zmluvy o poskytnut\u00ed slu\u017eby. Ak koniec lehoty pripadne na v\u00edkend alebo sviatok, term\u00edn sa pos\u00fava na nasleduj\u00faci pracovn\u00fd de\u0148. Pr\u00e1vo na odst\u00fapenie od zmluvy si m\u00f4\u017eete uplatni\u0165 na kontaktoch uveden\u00fdch na da\u0148ovom doklade, alebo v sekcii VR\u00c1TENIE TOVARU na na\u0161ej webovej str\u00e1nke. V odst\u00fapen\u00ed od zmluvy je potrebn\u00e9 uvies\u0165 v\u0161etky nevyhnutn\u00e9 \u00fadaje pre odst\u00fapenie od zmluvy. Najjednoduch\u0161ie pre V\u00e1s je ke\u010f tak sprav\u00edte prostredn\u00edctvom formul\u00e1ra, ktor\u00fd si m\u00f4\u017eete stiahnu\u0165 z na\u0161ej str\u00e1nky v sekcii VR\u00c1TENIE TOVARU. Pre zachovanie pr\u00e1vnej istoty a preuk\u00e1zate\u013enos\u0165 odst\u00fapenia od zmluvy V\u00e1m odpor\u00fa\u010dame, aby ste n\u00e1m odst\u00fapenie od zmluvy zaslali prostredn\u00edctvom elektronickej po\u0161ty. Odst\u00fapenie od zmluvy je mo\u017en\u00e9 len ak vr\u00e1ten\u00fd tovar je v p\u00f4vodnom a nepo\u0161kodenom obale. Tovar nesmie by\u0165 pou\u017eit\u00fd, po\u0161koden\u00fd a mus\u00ed by\u0165 kompletn\u00fd. Vr\u00e1ten\u00fd tovar kupuj\u00faci doru\u010d\u00ed po\u0161tou na vlastn\u00e9 n\u00e1klady na adresu pred\u00e1vaj\u00faceho. Tovar treba samozrejme vr\u00e1ti\u0165 s dokladom o k\u00fape. Tovar ktor\u00fd n\u00e1m chcete vr\u00e1ti\u0165 n\u00e1m neposielajte ako dobierku. Ak by sa tak stalo bal\u00edk nebude prevzat\u00fd. Za t\u00fdchto podmienok pred\u00e1vaj\u00faci vr\u00e1ti kupuj\u00facemu \u010diastku zaplaten\u00fa za vr\u00e1ten\u00fd tovar v najkrat\u0161om mo\u017enom term\u00edne najnesk\u00f4r v lehote 14 dn\u00ed odo d\u0148a odst\u00fapenia od zmluvy na \u00fa\u010det kupuj\u00faceho. <\/li><li>Pred\u00e1vaj\u00faci si vyhradzuje pr\u00e1vo na odst\u00fapenie od k\u00fapnej zmluvy, resp. na neprijatie objedn\u00e1vky, v nasleduj\u00facich pr\u00edpadoch: <ul><li>tovar sa u\u017e nevyr\u00e1ba alebo nedod\u00e1va alebo sa v\u00fdznamne zmenila cena tovaru, <\/li><li>pred\u00e1vaj\u00faci nie je schopn\u00fd doda\u0165 tak\u00fdto v\u00fdrobok z d\u00f4vodu, \u017ee objednan\u00fd tovar sa predal v inom obchode a nie je mo\u017en\u00e9 zabezpe\u010di\u0165 rovnak\u00fd v\u00fdrobok. <\/li><\/ul><\/li><li>Odst\u00fapenie od k\u00fapnej zmluvy, resp. neprijatie objedn\u00e1vky zo strany pred\u00e1vaj\u00faceho pod\u013ea bodu 2 je pred\u00e1vaj\u00faci povinn\u00fd ozn\u00e1mi\u0165 kupuj\u00facemu do 3 pracovn\u00fdch dn\u00ed odo d\u0148a vystavenia objedn\u00e1vky.<\/li><\/ol>\n\n\n\n<h2 class=\"wp-block-heading\">\u00a7 12  Pou\u017eite\u013en\u00e9 pr\u00e1vo, z\u00e1vere\u010dn\u00e9 ustanovenia<\/h2>\n\n\n\n<ol class=\"wp-block-list\"><li>Na tieto v\u0161eobecn\u00e9 obchodn\u00e9 podmienky a pr\u00e1vne vz\u0165ahy medzi pred\u00e1vaj\u00facim a kupuj\u00facim uzatvoren\u00e9 pod\u013ea t\u00fdchto VOP sa vz\u0165ahuje platn\u00fd pr\u00e1vny poriadok Slovenskej republiky. <\/li><li>Neplatnos\u0165, ne\u00fa\u010dinnos\u0165 alebo nerealizovate\u013enos\u0165 niektor\u00fdch ustanoven\u00ed VOP nem\u00e1 vplyv na platnos\u0165 a \u00fa\u010dinnos\u0165 ostatn\u00fdch ustanoven\u00ed. <\/li><li>Spory, ktor\u00e9 m\u00f4\u017eu vznikn\u00fa\u0165 medzi zmluvn\u00fdmi stranami pri plnen\u00ed zmluvn\u00fdch povinnost\u00ed, sa obe strany zav\u00e4zuj\u00fa rie\u0161i\u0165 v prvom rade mimos\u00fadnou cestou. <\/li><li>Ak ned\u00f4jde k mimos\u00fadnej dohode, ur\u010d\u00ed sa pr\u00edslu\u0161n\u00fd s\u00fad pod\u013ea s\u00eddla pred\u00e1vaj\u00faceho. <\/li><li>Vystaven\u00edm objedn\u00e1vky z\u00e1kazn\u00edk potvrdzuje svoj bezv\u00fdhradn\u00fd s\u00fahlas s t\u00fdmito VOP. <\/li><\/ol>\n\n\n\n<p>Tieto podmienky nadob\u00fadaj\u00fa \u00fa\u010dinnos\u0165 d\u0148om 23. apr\u00edla 2019. <\/p>\n","protected":false},"excerpt":{"rendered":"<p>\u00a7 1 Platnos\u0165 v\u0161eobecn\u00fdch obchodn\u00fdch podmienok V\u0161eobecn\u00e9 obchodn\u00e9 podmienky dalej len \u201eVOP\u201c upravuj\u00fa vz\u0165ah medzi zmluvn\u00fdmi stranami &#8211; pred\u00e1vaj\u00facim a kupuj\u00facim &#8211; ktor\u00ed uzatv\u00e1raj\u00fa k\u00fapnu zmluvu na dia\u013eku prostredn\u00edctvom internetov\u00e9ho obchodu \u010falej len \u201eE-shop\u201c umiestnen\u00e9ho na str\u00e1nkach www.telelogical.sk, Dod\u00e1vky tovarov a slu\u017eieb pred\u00e1vaj\u00faceho sa uskuto\u010dnia na z\u00e1klade t\u00fdchto VOP. Dod\u00e1vka tovarov a slu\u017eieb za odli\u0161n\u00fdch [&hellip;]<\/p>\n","protected":false},"author":22,"featured_media":0,"parent":0,"menu_order":0,"comment_status":"closed","ping_status":"closed","template":"","meta":{"jetpack_post_was_ever_published":false,"footnotes":""},"class_list":["post-536","page","type-page","status-publish","hentry"],"jetpack_sharing_enabled":true,"jetpack_shortlink":"https:\/\/wp.me\/PaSZrj-8E","_links":{"self":[{"href":"https:\/\/www.positivitee.sk\/index.php\/wp-json\/wp\/v2\/pages\/536","targetHints":{"allow":["GET"]}}],"collection":[{"href":"https:\/\/www.positivitee.sk\/index.php\/wp-json\/wp\/v2\/pages"}],"about":[{"href":"https:\/\/www.positivitee.sk\/index.php\/wp-json\/wp\/v2\/types\/page"}],"author":[{"embeddable":true,"href":"https:\/\/www.positivitee.sk\/index.php\/wp-json\/wp\/v2\/users\/22"}],"replies":[{"embeddable":true,"href":"https:\/\/www.positivitee.sk\/index.php\/wp-json\/wp\/v2\/comments?post=536"}],"version-history":[{"count":15,"href":"https:\/\/www.positivitee.sk\/index.php\/wp-json\/wp\/v2\/pages\/536\/revisions"}],"predecessor-version":[{"id":619,"href":"https:\/\/www.positivitee.sk\/index.php\/wp-json\/wp\/v2\/pages\/536\/revisions\/619"}],"wp:attachment":[{"href":"https:\/\/www.positivitee.sk\/index.php\/wp-json\/wp\/v2\/media?parent=536"}],"curies":[{"name":"wp","href":"https:\/\/api.w.org\/{rel}","templated":true}]}}