{"id":545,"date":"2019-04-23T13:40:28","date_gmt":"2019-04-23T13:40:28","guid":{"rendered":"http:\/\/www.positivitee.sk\/?page_id=545"},"modified":"2020-11-17T08:05:48","modified_gmt":"2020-11-17T08:05:48","slug":"vratenie-tovaru","status":"publish","type":"page","link":"https:\/\/www.positivitee.sk\/index.php\/vratenie-tovaru\/","title":{"rendered":"VR\u00c1TENIE TOVARU"},"content":{"rendered":"\n<p>Odst\u00fapenie od k\u00fapnej zmluvy<\/p>\n\n\n\n<p>Pod\u013ea z\u00e1kona \u010d. 102\/2014 Z.z. je kupuj\u00faci opr\u00e1vnen\u00fd bez uvedenia d\u00f4vodu odst\u00fapi\u0165 od zmluvy do 14 kalend\u00e1rnych dn\u00ed odo d\u0148a prevzatia tovaru alebo od uzavretia zmluvy o poskytnut\u00ed slu\u017eby. Ak koniec lehoty pripadne na v\u00edkend alebo sviatok, term\u00edn sa pos\u00fava na nasleduj\u00faci pracovn\u00fd de\u0148. Pr\u00e1vo na odst\u00fapenie od zmluvy si m\u00f4\u017eete uplatni\u0165 na kontaktoch uveden\u00fdch na da\u0148ovom doklade, alebo v sekcii VR\u00c1TENIE TOVARU na na\u0161ej webovej str\u00e1nke. V odst\u00fapen\u00ed od zmluvy je potrebn\u00e9 uvies\u0165 v\u0161etky nevyhnutn\u00e9 \u00fadaje pre odst\u00fapenie od zmluvy. Najjednoduch\u0161ie pre V\u00e1s je ke\u010f tak sprav\u00edte prostredn\u00edctvom formul\u00e1ra, ktor\u00fd si m\u00f4\u017eete stiahnu\u0165 tu: <\/p>\n\n\n\n<div class=\"wp-block-file\"><a href=\"https:\/\/www.positivitee.sk\/wp-content\/uploads\/2020\/03\/formular-1.pdf\">Formular:<\/a><a href=\"https:\/\/www.positivitee.sk\/wp-content\/uploads\/2020\/03\/formular-1.pdf\" class=\"wp-block-file__button\" download>Download<\/a><\/div>\n\n\n\n<p>Pre zachovanie pr\u00e1vnej istoty a preuk\u00e1zate\u013enos\u0165 odst\u00fapenia od zmluvy V\u00e1m odpor\u00fa\u010dame, aby ste n\u00e1m odst\u00fapenie od zmluvy zaslali prostredn\u00edctvom elektronickej po\u0161ty. Odst\u00fapenie od zmluvy je mo\u017en\u00e9 len ak vr\u00e1ten\u00fd tovar je v p\u00f4vodnom a nepo\u0161kodenom obale. Tovar nesmie by\u0165 pou\u017eit\u00fd, po\u0161koden\u00fd a mus\u00ed by\u0165 kompletn\u00fd. Vr\u00e1ten\u00fd tovar kupuj\u00faci doru\u010d\u00ed po\u0161tou alebo osobne na vlastn\u00e9 n\u00e1klady na adresu pred\u00e1vaj\u00faceho. Tovar treba samozrejme vr\u00e1ti\u0165 s dokladom o k\u00fape. Tovar ktor\u00fd n\u00e1m chcete vr\u00e1ti\u0165 n\u00e1m neposielajte ako dobierku. Ak by sa tak stalo bal\u00edk nebude prevzat\u00fd. Za t\u00fdchto podmienok pred\u00e1vaj\u00faci vr\u00e1ti kupuj\u00facemu \u010diastku zaplaten\u00fa za vr\u00e1ten\u00fd tovar v najkrat\u0161om mo\u017enom term\u00edne najnesk\u00f4r v lehote 14 dn\u00ed odo d\u0148a odst\u00fapenia od zmluvy na \u00fa\u010det kupuj\u00faceho.<\/p>\n\n\n\n<p>Pred\u00e1vaj\u00faci si vyhradzuje pr\u00e1vo na odst\u00fapenie od k\u00fapnej zmluvy, resp. na neprijatie objedn\u00e1vky, v nasleduj\u00facich pr\u00edpadoch:<\/p>\n\n\n\n<ul class=\"wp-block-list\"><li>tovar sa u\u017e nevyr\u00e1ba alebo nedod\u00e1va alebo sa v\u00fdznamne zmenila cena tovaru,<\/li><li>pred\u00e1vaj\u00faci nie je schopn\u00fd doda\u0165 tak\u00fdto v\u00fdrobok z d\u00f4vodu, \u017ee objednan\u00fd tovar sa predal v inom obchode a nie je mo\u017en\u00e9 zabezpe\u010di\u0165 rovnak\u00fd v\u00fdrobok.<\/li><\/ul>\n\n\n\n<p>Odst\u00fapenie od k\u00fapnej zmluvy, resp. neprijatie objedn\u00e1vky zo strany pred\u00e1vaj\u00faceho pod\u013ea bodu 2 je pred\u00e1vaj\u00faci povinn\u00fd ozn\u00e1mi\u0165 kupuj\u00facemu do 3 pracovn\u00fdch dn\u00ed odo d\u0148a vystavenia objedn\u00e1vky.<\/p>\n","protected":false},"excerpt":{"rendered":"<p>Odst\u00fapenie od k\u00fapnej zmluvy Pod\u013ea z\u00e1kona \u010d. 102\/2014 Z.z. je kupuj\u00faci opr\u00e1vnen\u00fd bez uvedenia d\u00f4vodu odst\u00fapi\u0165 od zmluvy do 14 kalend\u00e1rnych dn\u00ed odo d\u0148a prevzatia tovaru alebo od uzavretia zmluvy o poskytnut\u00ed slu\u017eby. Ak koniec lehoty pripadne na v\u00edkend alebo sviatok, term\u00edn sa pos\u00fava na nasleduj\u00faci pracovn\u00fd de\u0148. Pr\u00e1vo na odst\u00fapenie od zmluvy si m\u00f4\u017eete [&hellip;]<\/p>\n","protected":false},"author":22,"featured_media":0,"parent":0,"menu_order":0,"comment_status":"closed","ping_status":"closed","template":"","meta":{"jetpack_post_was_ever_published":false,"footnotes":""},"class_list":["post-545","page","type-page","status-publish","hentry"],"jetpack_sharing_enabled":true,"jetpack_shortlink":"https:\/\/wp.me\/PaSZrj-8N","_links":{"self":[{"href":"https:\/\/www.positivitee.sk\/index.php\/wp-json\/wp\/v2\/pages\/545","targetHints":{"allow":["GET"]}}],"collection":[{"href":"https:\/\/www.positivitee.sk\/index.php\/wp-json\/wp\/v2\/pages"}],"about":[{"href":"https:\/\/www.positivitee.sk\/index.php\/wp-json\/wp\/v2\/types\/page"}],"author":[{"embeddable":true,"href":"https:\/\/www.positivitee.sk\/index.php\/wp-json\/wp\/v2\/users\/22"}],"replies":[{"embeddable":true,"href":"https:\/\/www.positivitee.sk\/index.php\/wp-json\/wp\/v2\/comments?post=545"}],"version-history":[{"count":5,"href":"https:\/\/www.positivitee.sk\/index.php\/wp-json\/wp\/v2\/pages\/545\/revisions"}],"predecessor-version":[{"id":3812,"href":"https:\/\/www.positivitee.sk\/index.php\/wp-json\/wp\/v2\/pages\/545\/revisions\/3812"}],"wp:attachment":[{"href":"https:\/\/www.positivitee.sk\/index.php\/wp-json\/wp\/v2\/media?parent=545"}],"curies":[{"name":"wp","href":"https:\/\/api.w.org\/{rel}","templated":true}]}}