{"id":1084,"date":"2019-11-10T08:52:29","date_gmt":"2019-11-10T08:52:29","guid":{"rendered":"https:\/\/www.positivitee.sk\/?post_type=product&#038;p=1084"},"modified":"2024-11-20T15:45:53","modified_gmt":"2024-11-20T15:45:53","slug":"premium-tea-nana-mata-50g","status":"publish","type":"product","link":"https:\/\/www.positivitee.sk\/index.php\/product\/premium-tea-nana-mata-50g\/","title":{"rendered":"Premium Tea &#8211; NANA M\u00c4TA, 50g"},"content":{"rendered":"<p><code>6639<\/code>NANA M\u00c4TA, 50g. <img decoding=\"async\" src=\"https:\/\/www.positivitee.sk\/img\/Premium\/00-06639_stamm_1.jpg\" alt=\"NANA M\u00c4TA\" \/><\/p>\n<p>Vysokokvalitn\u00e1 &#8222;marock\u00e1 m\u00e4ta&#8220; s typickou m\u00e4tovou chu\u0165ou. Svetl\u00fd, mimoriadne osvie\u017euj\u00faci n\u00e1poj nasl\u00e1dlych t\u00f3nov. Chuti senza\u010dne tepl\u00fd aj studen\u00fd.<\/p>\n<p>Zlozenie: nana m\u00e4ta<\/p>\n<p>Pr\u00edprava: 1-2 \u010dajov\u00fa ly\u017ei\u010dku (2g) \u010daju zalejeme 2,5dl vriacej vody. L\u00fahujte 5 a\u017e 8 min\u00fat.<\/p>\n","protected":false},"excerpt":{"rendered":"<p>6639 NANA M\u00c4TA, 50g.<\/p>\n","protected":false},"featured_media":1085,"template":"","meta":{"jetpack_post_was_ever_published":false,"jetpack_publicize_message":"","jetpack_publicize_feature_enabled":true,"jetpack_social_post_already_shared":true,"jetpack_social_options":{"image_generator_settings":{"template":"highway","default_image_id":0,"font":"","enabled":false},"version":2}},"product_brand":[],"product_cat":[74,50],"product_tag":[],"class_list":{"0":"post-1084","1":"product","2":"type-product","3":"status-publish","4":"has-post-thumbnail","6":"product_cat-bylinkove","7":"product_cat-premium-caje","9":"first","10":"instock","11":"shipping-taxable","12":"purchasable","13":"product-type-simple"},"jetpack_publicize_connections":[],"jetpack_sharing_enabled":true,"_links":{"self":[{"href":"https:\/\/www.positivitee.sk\/index.php\/wp-json\/wp\/v2\/product\/1084","targetHints":{"allow":["GET"]}}],"collection":[{"href":"https:\/\/www.positivitee.sk\/index.php\/wp-json\/wp\/v2\/product"}],"about":[{"href":"https:\/\/www.positivitee.sk\/index.php\/wp-json\/wp\/v2\/types\/product"}],"wp:featuredmedia":[{"embeddable":true,"href":"https:\/\/www.positivitee.sk\/index.php\/wp-json\/wp\/v2\/media\/1085"}],"wp:attachment":[{"href":"https:\/\/www.positivitee.sk\/index.php\/wp-json\/wp\/v2\/media?parent=1084"}],"wp:term":[{"taxonomy":"product_brand","embeddable":true,"href":"https:\/\/www.positivitee.sk\/index.php\/wp-json\/wp\/v2\/product_brand?post=1084"},{"taxonomy":"product_cat","embeddable":true,"href":"https:\/\/www.positivitee.sk\/index.php\/wp-json\/wp\/v2\/product_cat?post=1084"},{"taxonomy":"product_tag","embeddable":true,"href":"https:\/\/www.positivitee.sk\/index.php\/wp-json\/wp\/v2\/product_tag?post=1084"}],"curies":[{"name":"wp","href":"https:\/\/api.w.org\/{rel}","templated":true}]}}