{"id":1086,"date":"2019-11-10T08:56:30","date_gmt":"2019-11-10T08:56:30","guid":{"rendered":"https:\/\/www.positivitee.sk\/?post_type=product&#038;p=1086"},"modified":"2024-11-20T15:44:55","modified_gmt":"2024-11-20T15:44:55","slug":"premium-tea-bio-kamilky-50g","status":"publish","type":"product","link":"https:\/\/www.positivitee.sk\/index.php\/product\/premium-tea-bio-kamilky-50g\/","title":{"rendered":"Premium Tea &#8211; BIO KAMILKY, 50g"},"content":{"rendered":"<p><code>6379<\/code>BIO KAMILKY, 50g. <img decoding=\"async\" src=\"https:\/\/www.positivitee.sk\/img\/Premium\/00-06378.jpg\" alt=\"BIO KAMILKY\" \/><\/p>\n<p>Tradi\u010dn\u00fd bylinkov\u00fd \u010daj, ktor\u00fd pili \u013eudia u\u017e pred tis\u00edckami rokov.<br \/>\nVysokokvalitn\u00e9 kamilky z organick\u00e9ho pestovania rastl\u00edn. Vysok\u00fd podiel esencialnych olej, aromatick\u00fd n\u00e1poj m\u00e1 mierne relaxa\u010dn\u00e9 \u00fa\u010dinky. Pitie kamilkov\u00e9ho \u010daju po jedle zlep\u0161uje tr\u00e1venie. U det\u00ed uvo\u013enuje koliku a hor\u00fa\u010dku. P\u00f4sob\u00ed proti k\u0155\u010dom, z\u00e1palom, proti ples\u0148am. Zlep\u0161uje stav poko\u017eky a vlasov, napom\u00e1ha dobr\u00e9mu sp\u00e1nku, posi\u013enuje imunitu a srdce. Upravuje hladinu cukru v krvi.<br \/>\nOdpor\u00fa\u010da sa pi\u0165 pri depresii a nespavosti.<\/p>\n<p>Zlozenie: kamilky<\/p>\n<p>Pr\u00edprava: 1-2 \u010dajov\u00fa ly\u017ei\u010dku (2g) \u010daju zalejeme 2,5dl vriacej vody. L\u00fahujte 5 a\u017e 8 min\u00fat.<\/p>\n","protected":false},"excerpt":{"rendered":"<p>6379 BIO KAMILKY, 50g.<\/p>\n","protected":false},"featured_media":1087,"template":"","meta":{"jetpack_post_was_ever_published":false,"jetpack_publicize_message":"","jetpack_publicize_feature_enabled":true,"jetpack_social_post_already_shared":true,"jetpack_social_options":{"image_generator_settings":{"template":"highway","default_image_id":0,"font":"","enabled":false},"version":2}},"product_brand":[],"product_cat":[74,50],"product_tag":[],"class_list":{"0":"post-1086","1":"product","2":"type-product","3":"status-publish","4":"has-post-thumbnail","6":"product_cat-bylinkove","7":"product_cat-premium-caje","9":"first","10":"instock","11":"shipping-taxable","12":"purchasable","13":"product-type-simple"},"jetpack_publicize_connections":[],"jetpack_sharing_enabled":true,"_links":{"self":[{"href":"https:\/\/www.positivitee.sk\/index.php\/wp-json\/wp\/v2\/product\/1086","targetHints":{"allow":["GET"]}}],"collection":[{"href":"https:\/\/www.positivitee.sk\/index.php\/wp-json\/wp\/v2\/product"}],"about":[{"href":"https:\/\/www.positivitee.sk\/index.php\/wp-json\/wp\/v2\/types\/product"}],"wp:featuredmedia":[{"embeddable":true,"href":"https:\/\/www.positivitee.sk\/index.php\/wp-json\/wp\/v2\/media\/1087"}],"wp:attachment":[{"href":"https:\/\/www.positivitee.sk\/index.php\/wp-json\/wp\/v2\/media?parent=1086"}],"wp:term":[{"taxonomy":"product_brand","embeddable":true,"href":"https:\/\/www.positivitee.sk\/index.php\/wp-json\/wp\/v2\/product_brand?post=1086"},{"taxonomy":"product_cat","embeddable":true,"href":"https:\/\/www.positivitee.sk\/index.php\/wp-json\/wp\/v2\/product_cat?post=1086"},{"taxonomy":"product_tag","embeddable":true,"href":"https:\/\/www.positivitee.sk\/index.php\/wp-json\/wp\/v2\/product_tag?post=1086"}],"curies":[{"name":"wp","href":"https:\/\/api.w.org\/{rel}","templated":true}]}}