{"id":1089,"date":"2019-11-10T09:57:59","date_gmt":"2019-11-10T09:57:59","guid":{"rendered":"https:\/\/www.positivitee.sk\/?post_type=product&#038;p=1089"},"modified":"2026-02-03T11:59:24","modified_gmt":"2026-02-03T11:59:24","slug":"premium-tea-relax-tea-100g","status":"publish","type":"product","link":"https:\/\/www.positivitee.sk\/index.php\/product\/premium-tea-relax-tea-100g\/","title":{"rendered":"Premium Tea &#8211; RELAX TEA, 100g"},"content":{"rendered":"<p><code>6751<\/code>RELAX TEA, 100g. <img decoding=\"async\" src=\"https:\/\/www.positivitee.sk\/img\/Premium\/00-06751.jpg\" alt=\"RELAX TEA\" \/><\/p>\n<p>Uvo\u013e\u0148uj\u00faca zmes medovky, k\u00faskov jablka, \u0161ipok, ibi\u0161teka, maty,\u00a0 lipov\u00fdch kvetov, citr\u00f3novej tr\u00e1vy a pomaran\u010dovej k\u00f4ry. Ide\u00e1lny \u013eahk\u00fd, jemne uk\u013eud\u0148uj\u00faci n\u00e1poj svie\u017eej chute na ve\u010der.<\/p>\n<p>Zlo\u017eenie: medovka, k\u00fasky jab\u013ak, k\u00f4ra \u0161\u00edpok, ibi\u0161tek, lipov\u00fd kvet, citr\u00f3nov\u00e1 tr\u00e1va, pomaran\u010dov\u00e1 k\u00f4ra.<\/p>\n<p>Pr\u00edprava: 1-2 \u010dajov\u00fa ly\u017ei\u010dku (2g) \u010daju zalejeme 2,5dl vriacej vody. L\u00fahujte 5 a\u017e 8 min\u00fat.<\/p>\n","protected":false},"excerpt":{"rendered":"<p>6751 RELAX TEA, 100g.<\/p>\n","protected":false},"featured_media":1090,"template":"","meta":{"jetpack_post_was_ever_published":false,"jetpack_publicize_message":"","jetpack_publicize_feature_enabled":true,"jetpack_social_post_already_shared":true,"jetpack_social_options":{"image_generator_settings":{"template":"highway","default_image_id":0,"font":"","enabled":false},"version":2}},"product_brand":[],"product_cat":[74,50],"product_tag":[],"class_list":{"0":"post-1089","1":"product","2":"type-product","3":"status-publish","4":"has-post-thumbnail","6":"product_cat-bylinkove","7":"product_cat-premium-caje","9":"first","10":"instock","11":"shipping-taxable","12":"purchasable","13":"product-type-simple"},"jetpack_publicize_connections":[],"jetpack_sharing_enabled":true,"_links":{"self":[{"href":"https:\/\/www.positivitee.sk\/index.php\/wp-json\/wp\/v2\/product\/1089","targetHints":{"allow":["GET"]}}],"collection":[{"href":"https:\/\/www.positivitee.sk\/index.php\/wp-json\/wp\/v2\/product"}],"about":[{"href":"https:\/\/www.positivitee.sk\/index.php\/wp-json\/wp\/v2\/types\/product"}],"wp:featuredmedia":[{"embeddable":true,"href":"https:\/\/www.positivitee.sk\/index.php\/wp-json\/wp\/v2\/media\/1090"}],"wp:attachment":[{"href":"https:\/\/www.positivitee.sk\/index.php\/wp-json\/wp\/v2\/media?parent=1089"}],"wp:term":[{"taxonomy":"product_brand","embeddable":true,"href":"https:\/\/www.positivitee.sk\/index.php\/wp-json\/wp\/v2\/product_brand?post=1089"},{"taxonomy":"product_cat","embeddable":true,"href":"https:\/\/www.positivitee.sk\/index.php\/wp-json\/wp\/v2\/product_cat?post=1089"},{"taxonomy":"product_tag","embeddable":true,"href":"https:\/\/www.positivitee.sk\/index.php\/wp-json\/wp\/v2\/product_tag?post=1089"}],"curies":[{"name":"wp","href":"https:\/\/api.w.org\/{rel}","templated":true}]}}