{"id":1091,"date":"2019-11-10T10:01:31","date_gmt":"2019-11-10T10:01:31","guid":{"rendered":"https:\/\/www.positivitee.sk\/?post_type=product&#038;p=1091"},"modified":"2023-09-05T11:19:49","modified_gmt":"2023-09-05T11:19:49","slug":"premium-tea-lesna-bylinkova-zmes-50g","status":"publish","type":"product","link":"https:\/\/www.positivitee.sk\/index.php\/product\/premium-tea-lesna-bylinkova-zmes-50g\/","title":{"rendered":"Premium Tea &#8211; LESN\u00c1 BYLINKOV\u00c1 ZMES, 50g"},"content":{"rendered":"<p><code>6969<\/code>LESN\u00c1 BYLINKOV\u00c1 ZMES, 50g. <img decoding=\"async\" src=\"https:\/\/www.positivitee.sk\/img\/Premium\/00-06961_stamm_1.jpg\" alt=\"LESN\u00c1 BYLINKOV\u00c1 ZMES\" \/><\/p>\n<p>Mimoriadne pr\u00edjemne vyladen\u00e1 zmes \u0161\u00edpok, sedmikr\u00e1sok, jahodov\u00fdch listov, m\u00e4ty, \u010dernicov\u00fdch a malinov\u00fdch listov, \u0161alvie, materinej d\u00fa\u0161ky a lipov\u00fdch kvetov. Delik\u00e1tna zmes s chu\u0165ou lesa uvo\u013en\u00ed stres a zmier\u0148uje potia\u017ee pri nachladnut\u00ed.<\/p>\n<p>Zlo\u017eenie: \u0161\u00edpky, sedmikr\u00e1sky, jahodov\u00e9 listy, m\u00e4ta pieporn\u00e1, \u010dernicov\u00e9 listy, marinka vo\u0148av\u00e1, malinov\u00e9 listy, \u0161alvia, lipov\u00e9 kvety.<\/p>\n<p>Pr\u00edprava: 1-2 \u010dajov\u00fa ly\u017ei\u010dku (2g) \u010daju zalejeme 2,5dl vriacej vody. L\u00fahujte 5 a\u017e 8 min\u00fat.<\/p>\n","protected":false},"excerpt":{"rendered":"<p>6969 LESN\u00c1 BYLINKOV\u00c1 ZMES, 50 g.<\/p>\n","protected":false},"featured_media":1092,"template":"","meta":{"jetpack_post_was_ever_published":false,"jetpack_publicize_message":"","jetpack_publicize_feature_enabled":true,"jetpack_social_post_already_shared":true,"jetpack_social_options":{"image_generator_settings":{"template":"highway","default_image_id":0,"font":"","enabled":false},"version":2}},"product_brand":[],"product_cat":[74,50],"product_tag":[],"class_list":{"0":"post-1091","1":"product","2":"type-product","3":"status-publish","4":"has-post-thumbnail","6":"product_cat-bylinkove","7":"product_cat-premium-caje","9":"first","10":"instock","11":"shipping-taxable","12":"purchasable","13":"product-type-simple"},"jetpack_publicize_connections":[],"jetpack_sharing_enabled":true,"_links":{"self":[{"href":"https:\/\/www.positivitee.sk\/index.php\/wp-json\/wp\/v2\/product\/1091","targetHints":{"allow":["GET"]}}],"collection":[{"href":"https:\/\/www.positivitee.sk\/index.php\/wp-json\/wp\/v2\/product"}],"about":[{"href":"https:\/\/www.positivitee.sk\/index.php\/wp-json\/wp\/v2\/types\/product"}],"wp:featuredmedia":[{"embeddable":true,"href":"https:\/\/www.positivitee.sk\/index.php\/wp-json\/wp\/v2\/media\/1092"}],"wp:attachment":[{"href":"https:\/\/www.positivitee.sk\/index.php\/wp-json\/wp\/v2\/media?parent=1091"}],"wp:term":[{"taxonomy":"product_brand","embeddable":true,"href":"https:\/\/www.positivitee.sk\/index.php\/wp-json\/wp\/v2\/product_brand?post=1091"},{"taxonomy":"product_cat","embeddable":true,"href":"https:\/\/www.positivitee.sk\/index.php\/wp-json\/wp\/v2\/product_cat?post=1091"},{"taxonomy":"product_tag","embeddable":true,"href":"https:\/\/www.positivitee.sk\/index.php\/wp-json\/wp\/v2\/product_tag?post=1091"}],"curies":[{"name":"wp","href":"https:\/\/api.w.org\/{rel}","templated":true}]}}