{"id":1221,"date":"2019-11-15T20:53:36","date_gmt":"2019-11-15T20:53:36","guid":{"rendered":"https:\/\/www.positivitee.sk\/?post_type=product&#038;p=1221"},"modified":"2024-12-04T13:52:18","modified_gmt":"2024-12-04T13:52:18","slug":"trendglas-jena-cajnik-pisa-12l","status":"publish","type":"product","link":"https:\/\/www.positivitee.sk\/index.php\/product\/trendglas-jena-cajnik-pisa-12l\/","title":{"rendered":"Trendglas Jena &#8211; \u010cajn\u00edk PISA, 1,2l"},"content":{"rendered":"<p>\u010cajn\u00edk PISA, 1,2l.<img decoding=\"async\" src=\"https:\/\/www.positivitee.sk\/img\/Trendglas\/cajnik_pisa12.jpg\" alt=\"\u010cajn\u00edk PISA\" \/><\/p>\n<p>\u010cajn\u00edk tradi\u010dnej nemeckej zna\u010dky Trendglas Jena Gmbh, objem 1,2 litra s jemne vrtan\u00fdm, hlbok\u00fdm antikorov\u00fdm integrovan\u00fdm s\u00edtkom.<\/p>\n<p>Sodno-v\u00e1penato-kremi\u010dit\u00e9 sklo, z ktor\u00e9ho je vyroben\u00e9 telo \u010dajn\u00edka, je v\u00f4bec najodolnej\u0161ie sklo vo\u010di vysok\u00fdm teplot\u00e1m a je vhodn\u00e9 do um\u00fdva\u010dky riadu aj do mikrovlnky (vrchn\u00e1k nie).<\/p>\n<p>S\u00fa\u010das\u0165ou je certifik\u00e1t p\u00f4vodu v\u00fdroku.<\/p>\n<p><a href=\"http:\/\/www.trendglas-jena.com\/\" target=\"_blank\" rel=\"noopener noreferrer\"><br \/>\n<img decoding=\"async\" src=\"https:\/\/www.positivitee.sk\/img\/Trendglas\/logo.png\" alt=\"Trendglas Jena\" \/><br \/>\n<\/a><\/p>\n","protected":false},"excerpt":{"rendered":"<p>\u010cajn\u00edk PISA, 1,2l.<\/p>\n","protected":false},"featured_media":1222,"template":"","meta":{"jetpack_post_was_ever_published":false,"jetpack_publicize_message":"","jetpack_publicize_feature_enabled":true,"jetpack_social_post_already_shared":true,"jetpack_social_options":{"image_generator_settings":{"template":"highway","default_image_id":0,"font":"","enabled":false},"version":2}},"product_brand":[],"product_cat":[84],"product_tag":[],"class_list":{"0":"post-1221","1":"product","2":"type-product","3":"status-publish","4":"has-post-thumbnail","6":"product_cat-trendglas-jena","8":"first","9":"instock","10":"shipping-taxable","11":"purchasable","12":"product-type-simple"},"jetpack_publicize_connections":[],"jetpack_sharing_enabled":true,"_links":{"self":[{"href":"https:\/\/www.positivitee.sk\/index.php\/wp-json\/wp\/v2\/product\/1221","targetHints":{"allow":["GET"]}}],"collection":[{"href":"https:\/\/www.positivitee.sk\/index.php\/wp-json\/wp\/v2\/product"}],"about":[{"href":"https:\/\/www.positivitee.sk\/index.php\/wp-json\/wp\/v2\/types\/product"}],"wp:featuredmedia":[{"embeddable":true,"href":"https:\/\/www.positivitee.sk\/index.php\/wp-json\/wp\/v2\/media\/1222"}],"wp:attachment":[{"href":"https:\/\/www.positivitee.sk\/index.php\/wp-json\/wp\/v2\/media?parent=1221"}],"wp:term":[{"taxonomy":"product_brand","embeddable":true,"href":"https:\/\/www.positivitee.sk\/index.php\/wp-json\/wp\/v2\/product_brand?post=1221"},{"taxonomy":"product_cat","embeddable":true,"href":"https:\/\/www.positivitee.sk\/index.php\/wp-json\/wp\/v2\/product_cat?post=1221"},{"taxonomy":"product_tag","embeddable":true,"href":"https:\/\/www.positivitee.sk\/index.php\/wp-json\/wp\/v2\/product_tag?post=1221"}],"curies":[{"name":"wp","href":"https:\/\/api.w.org\/{rel}","templated":true}]}}