{"id":1243,"date":"2019-11-16T15:27:59","date_gmt":"2019-11-16T15:27:59","guid":{"rendered":"https:\/\/www.positivitee.sk\/?post_type=product&#038;p=1243"},"modified":"2026-02-11T15:32:00","modified_gmt":"2026-02-11T15:32:00","slug":"premium-tea-earl-grey-lady-blue-100g","status":"publish","type":"product","link":"https:\/\/www.positivitee.sk\/index.php\/product\/premium-tea-earl-grey-lady-blue-100g\/","title":{"rendered":"Premium Tea &#8211; EARL GREY LADY BLUE, 100g"},"content":{"rendered":"<p><code>4161<\/code>EARL GREY LADY BLUE, 100g.<img decoding=\"async\" src=\"https:\/\/www.positivitee.sk\/img\/Premium\/00-04161_stamm_1.jpg\" alt=\"EARL GREY LADY BLUE\" \/><\/p>\n<p>Je kr\u00e1sna vo\u0148av\u00e1 zmes hladk\u00fdch \u010dajov z Himal\u00e1ji zjemnen\u00e1 bergamonotom a vylep\u0161en\u00e1 kvetinami nev\u00e4dze. \u010caj mimoriadne atrakt\u00edvny nie len na poh\u013ead. N\u00e1poj citrusov\u00fdch t\u00f3nov.<\/p>\n<p>Zlo\u017eenie: \u010dierny \u010daj, bergamot, lupene kvetov nev\u00e4dze<\/p>\n<p>Pr\u00edprava: 1 \u010dajov\u00fa ly\u017ei\u010dku (2g) \u010daju zalejeme 2,5dl vriacej vody. L\u00fahujte 2 a\u017e 4 minuty.<\/p>\n","protected":false},"excerpt":{"rendered":"<p>4161 EARL GREY LADY BLUE, 100g.<\/p>\n","protected":false},"featured_media":1244,"template":"","meta":{"jetpack_post_was_ever_published":false,"jetpack_publicize_message":"","jetpack_publicize_feature_enabled":true,"jetpack_social_post_already_shared":true,"jetpack_social_options":{"image_generator_settings":{"template":"highway","default_image_id":0,"font":"","enabled":false},"version":2}},"product_brand":[],"product_cat":[50,69],"product_tag":[],"class_list":{"0":"post-1243","1":"product","2":"type-product","3":"status-publish","4":"has-post-thumbnail","6":"product_cat-premium-caje","7":"product_cat-cierne","9":"first","10":"instock","11":"shipping-taxable","12":"purchasable","13":"product-type-simple"},"jetpack_publicize_connections":[],"jetpack_sharing_enabled":true,"_links":{"self":[{"href":"https:\/\/www.positivitee.sk\/index.php\/wp-json\/wp\/v2\/product\/1243","targetHints":{"allow":["GET"]}}],"collection":[{"href":"https:\/\/www.positivitee.sk\/index.php\/wp-json\/wp\/v2\/product"}],"about":[{"href":"https:\/\/www.positivitee.sk\/index.php\/wp-json\/wp\/v2\/types\/product"}],"wp:featuredmedia":[{"embeddable":true,"href":"https:\/\/www.positivitee.sk\/index.php\/wp-json\/wp\/v2\/media\/1244"}],"wp:attachment":[{"href":"https:\/\/www.positivitee.sk\/index.php\/wp-json\/wp\/v2\/media?parent=1243"}],"wp:term":[{"taxonomy":"product_brand","embeddable":true,"href":"https:\/\/www.positivitee.sk\/index.php\/wp-json\/wp\/v2\/product_brand?post=1243"},{"taxonomy":"product_cat","embeddable":true,"href":"https:\/\/www.positivitee.sk\/index.php\/wp-json\/wp\/v2\/product_cat?post=1243"},{"taxonomy":"product_tag","embeddable":true,"href":"https:\/\/www.positivitee.sk\/index.php\/wp-json\/wp\/v2\/product_tag?post=1243"}],"curies":[{"name":"wp","href":"https:\/\/api.w.org\/{rel}","templated":true}]}}