{"id":133,"date":"2019-04-02T05:39:54","date_gmt":"2019-04-02T05:39:54","guid":{"rendered":"http:\/\/www.demmer.sk\/?post_type=product&#038;p=133"},"modified":"2025-10-22T11:25:52","modified_gmt":"2025-10-22T11:25:52","slug":"dolfin-tmava-cokolada-s-lanom-a-bobulovym-ovocim","status":"publish","type":"product","link":"https:\/\/www.positivitee.sk\/index.php\/product\/dolfin-tmava-cokolada-s-lanom-a-bobulovym-ovocim\/","title":{"rendered":"Dolfin &#8211; Tmav\u00e1 \u010dokol\u00e1da s \u013eanom a bobu\u013eov\u00fdm ovoc\u00edm"},"content":{"rendered":"<p><code>DO2427<\/code>Tmav\u00e1 \u010dokol\u00e1da s \u013eanom a bobu\u013eov\u00fdm ovoc\u00edm, 70g.<\/p>\n<p>&nbsp;<\/p>\n<p><img decoding=\"async\" src=\"https:\/\/www.positivitee.sk\/wp-content\/uploads\/2019\/04\/DO2427_EU_Face-324x324.webp\" \/>Min. obsah kakaa 60%.<br \/>\nZlo\u017eenie: Kakov\u00e1 hmota, cukor, bobu\u013eov\u00e9 ovocie 6% (jahody, maliny, \u010derven\u00e9 a \u010dierne r\u00edbezle),<br \/>\n\u013eanov\u00e9 semienka 4%, kakov\u00e9 maslo, pr\u00edrodn\u00e1 vanilkov\u00e1 ar\u00f3ma, emulg\u00e1tor: <strong>s\u00f3jov\u00fd<\/strong> lecit\u00edn.<\/p>\n<p>Alerg\u00e9ny: obsahuje <strong>s\u00f3ju<\/strong>. M\u00f4\u017ee obsahova\u0165 stopy <strong>orechov<\/strong> a <strong>vaj\u00ed\u010dok<\/strong>.<\/p>\n<p>Krajina p\u00f4vodu: Belgicko.<\/p>\n<p>Cena 41,43 \u20ac\/kilo<\/p>\n<p><a href=\"http:\/\/www.dolfin.be\/\" target=\"_blank\" rel=\"noopener noreferrer\"><br \/>\n<img decoding=\"async\" src=\"https:\/\/www.positivitee.sk\/img\/Dolfin\/dolfin_logo_7.jpg\" alt=\"Dolfin - The Art of Blending\" \/><br \/>\n<\/a><\/p>\n","protected":false},"excerpt":{"rendered":"<p>DO2427 Tmav\u00e1 \u010dokol\u00e1da s \u013eanom a bobu\u013eov\u00fdm ovoc\u00edm, 70g.<\/p>\n","protected":false},"featured_media":5969,"template":"","meta":{"jetpack_post_was_ever_published":false,"jetpack_publicize_message":"","jetpack_publicize_feature_enabled":true,"jetpack_social_post_already_shared":true,"jetpack_social_options":{"image_generator_settings":{"template":"highway","default_image_id":0,"font":"","enabled":false},"version":2}},"product_brand":[],"product_cat":[40],"product_tag":[36],"class_list":{"0":"post-133","1":"product","2":"type-product","3":"status-publish","4":"has-post-thumbnail","6":"product_cat-rucne-robene-cukrovinky-z-belgicka","7":"product_tag-tmava-cokolada","9":"first","10":"instock","11":"shipping-taxable","12":"purchasable","13":"product-type-simple"},"jetpack_publicize_connections":[],"jetpack_sharing_enabled":true,"_links":{"self":[{"href":"https:\/\/www.positivitee.sk\/index.php\/wp-json\/wp\/v2\/product\/133","targetHints":{"allow":["GET"]}}],"collection":[{"href":"https:\/\/www.positivitee.sk\/index.php\/wp-json\/wp\/v2\/product"}],"about":[{"href":"https:\/\/www.positivitee.sk\/index.php\/wp-json\/wp\/v2\/types\/product"}],"wp:featuredmedia":[{"embeddable":true,"href":"https:\/\/www.positivitee.sk\/index.php\/wp-json\/wp\/v2\/media\/5969"}],"wp:attachment":[{"href":"https:\/\/www.positivitee.sk\/index.php\/wp-json\/wp\/v2\/media?parent=133"}],"wp:term":[{"taxonomy":"product_brand","embeddable":true,"href":"https:\/\/www.positivitee.sk\/index.php\/wp-json\/wp\/v2\/product_brand?post=133"},{"taxonomy":"product_cat","embeddable":true,"href":"https:\/\/www.positivitee.sk\/index.php\/wp-json\/wp\/v2\/product_cat?post=133"},{"taxonomy":"product_tag","embeddable":true,"href":"https:\/\/www.positivitee.sk\/index.php\/wp-json\/wp\/v2\/product_tag?post=133"}],"curies":[{"name":"wp","href":"https:\/\/api.w.org\/{rel}","templated":true}]}}