{"id":1343,"date":"2019-11-21T04:15:04","date_gmt":"2019-11-21T04:15:04","guid":{"rendered":"https:\/\/www.positivitee.sk\/?post_type=product&#038;p=1343"},"modified":"2019-12-06T21:14:16","modified_gmt":"2019-12-06T21:14:16","slug":"cajnik-fuzou-11l","status":"publish","type":"product","link":"https:\/\/www.positivitee.sk\/index.php\/product\/cajnik-fuzou-11l\/","title":{"rendered":"\u010cajn\u00edk FUZOU, 1,1l"},"content":{"rendered":"<p>\u010cajn\u00edk FUZOU, 1,1l.<img decoding=\"async\" src=\"https:\/\/www.positivitee.sk\/img\/liatina\/liatina fuzou.jpg\" alt=\"\u010cajn\u00edk FUZOU\" \/><\/p>\n<p>Liatinov\u00fd \u010dajn\u00edk, objem 1,1 litra.<\/p>\n<p>Jedine\u010dn\u00fd liatinov\u00fd \u010dajn\u00edk v op\u00e1lovej zelenej v kombin\u00e1cii so zlatou. Exceletn\u00e9 remeseln\u00e9 prevedenie.<br \/>\nKr\u00e1sny doplnok interi\u00e9ru a hlavne neocentite\u013en\u00e1 pom\u00f4cka pre ka\u017ed\u00e9ho \u010dajomilca a \u010dajov\u00e9ho nad\u0161enca. Liatina dr\u017e\u00ed \u010daj tepl\u00fdm dlh\u0161ie ne\u017e in\u00e9 materi\u00e1ly, \u010do je samozrejme jej obrovskou v\u00fdhodou. \u010cajn\u00edk je mimoriadne odoln\u00fd vo\u010di mechanick\u00e9mu po\u0161kodeniu a  prakticky nerozbitn\u00fd.<\/p>\n","protected":false},"excerpt":{"rendered":"<p>\u010cajn\u00edk FUZOU, 1,1l.<\/p>\n","protected":false},"featured_media":1344,"template":"","meta":{"jetpack_post_was_ever_published":false,"jetpack_publicize_message":"","jetpack_publicize_feature_enabled":true,"jetpack_social_post_already_shared":true,"jetpack_social_options":{"image_generator_settings":{"template":"highway","default_image_id":0,"font":"","enabled":false},"version":2}},"product_brand":[],"product_cat":[85],"product_tag":[],"class_list":{"0":"post-1343","1":"product","2":"type-product","3":"status-publish","4":"has-post-thumbnail","6":"product_cat-liatina","8":"first","9":"instock","10":"shipping-taxable","11":"purchasable","12":"product-type-simple"},"jetpack_publicize_connections":[],"jetpack_sharing_enabled":true,"_links":{"self":[{"href":"https:\/\/www.positivitee.sk\/index.php\/wp-json\/wp\/v2\/product\/1343","targetHints":{"allow":["GET"]}}],"collection":[{"href":"https:\/\/www.positivitee.sk\/index.php\/wp-json\/wp\/v2\/product"}],"about":[{"href":"https:\/\/www.positivitee.sk\/index.php\/wp-json\/wp\/v2\/types\/product"}],"wp:featuredmedia":[{"embeddable":true,"href":"https:\/\/www.positivitee.sk\/index.php\/wp-json\/wp\/v2\/media\/1344"}],"wp:attachment":[{"href":"https:\/\/www.positivitee.sk\/index.php\/wp-json\/wp\/v2\/media?parent=1343"}],"wp:term":[{"taxonomy":"product_brand","embeddable":true,"href":"https:\/\/www.positivitee.sk\/index.php\/wp-json\/wp\/v2\/product_brand?post=1343"},{"taxonomy":"product_cat","embeddable":true,"href":"https:\/\/www.positivitee.sk\/index.php\/wp-json\/wp\/v2\/product_cat?post=1343"},{"taxonomy":"product_tag","embeddable":true,"href":"https:\/\/www.positivitee.sk\/index.php\/wp-json\/wp\/v2\/product_tag?post=1343"}],"curies":[{"name":"wp","href":"https:\/\/api.w.org\/{rel}","templated":true}]}}