{"id":1401,"date":"2019-11-23T15:22:04","date_gmt":"2019-11-23T15:22:04","guid":{"rendered":"https:\/\/www.positivitee.sk\/?post_type=product&#038;p=1401"},"modified":"2026-03-30T15:02:03","modified_gmt":"2026-03-30T15:02:03","slug":"dolfin-ebene-vyber-48-tabuliek-o-hmotnosti-5g-2-prichuti","status":"publish","type":"product","link":"https:\/\/www.positivitee.sk\/index.php\/product\/dolfin-ebene-vyber-48-tabuliek-o-hmotnosti-5g-2-prichuti\/","title":{"rendered":"Dolfin &#8211; Ebene, V\u00fdber 48 tabuliek o hmotnosti 5g, 2 pr\u00edchut\u00ed"},"content":{"rendered":"<p><code>DO1038<\/code>Ebene, V\u00fdber 48 tabuliek o hmotnosti 5g, 2 pr\u00edchut\u00ed, 240g.<\/p>\n<p><img decoding=\"async\" src=\"https:\/\/www.positivitee.sk\/wp-content\/uploads\/2019\/11\/ebene-48-300x300.jpg\" \/><\/p>\n<p>Obsah kaka: 70% a 88%.<br \/>\nZlo\u017eenie: kakaov\u00e1 hmota, cukor, odtu\u010dnen\u00e9 kakao, emulg\u00e1tor: s\u00f3jov\u00fd lecit\u00edn, pr\u00edrodn\u00e1 vanilkov\u00e1 pr\u00edchu\u0165.<br \/>\nAlerg\u00e9ny: obsahuje <strong>s\u00f3ju<\/strong>. M\u00f4\u017ee obsahova\u0165 stopy <strong>mlieka<\/strong>, <strong>orechov<\/strong>, <strong>p\u0161enice<\/strong> a <strong>vaj\u00ed\u010dok<\/strong>.<\/p>\n<p>Krajina p\u00f4vodu: Belgicko.<\/p>\n<p>Cena 62,50 \u20ac\/kilo<\/p>\n<p><a href=\"http:\/\/www.dolfin.be\/\" target=\"_blank\" rel=\"noopener noreferrer\"><br \/>\n<img decoding=\"async\" src=\"https:\/\/www.positivitee.sk\/img\/Dolfin\/dolfin_logo_7.jpg\" alt=\"Dolfin - The Art of Blending\" \/><br \/>\n<\/a><\/p>\n","protected":false},"excerpt":{"rendered":"<p>DO1038 Ebene, V\u00fdber 48 tabuliek o hmotnosti 5g, 2 pr\u00edchut\u00ed, 240g.<\/p>\n","protected":false},"featured_media":4812,"template":"","meta":{"jetpack_post_was_ever_published":false,"jetpack_publicize_message":"","jetpack_publicize_feature_enabled":true,"jetpack_social_post_already_shared":true,"jetpack_social_options":{"image_generator_settings":{"template":"highway","default_image_id":0,"font":"","enabled":false},"version":2}},"product_brand":[],"product_cat":[40],"product_tag":[],"class_list":{"0":"post-1401","1":"product","2":"type-product","3":"status-publish","4":"has-post-thumbnail","6":"product_cat-rucne-robene-cukrovinky-z-belgicka","8":"first","9":"instock","10":"shipping-taxable","11":"purchasable","12":"product-type-simple"},"jetpack_publicize_connections":[],"jetpack_sharing_enabled":true,"_links":{"self":[{"href":"https:\/\/www.positivitee.sk\/index.php\/wp-json\/wp\/v2\/product\/1401","targetHints":{"allow":["GET"]}}],"collection":[{"href":"https:\/\/www.positivitee.sk\/index.php\/wp-json\/wp\/v2\/product"}],"about":[{"href":"https:\/\/www.positivitee.sk\/index.php\/wp-json\/wp\/v2\/types\/product"}],"wp:featuredmedia":[{"embeddable":true,"href":"https:\/\/www.positivitee.sk\/index.php\/wp-json\/wp\/v2\/media\/4812"}],"wp:attachment":[{"href":"https:\/\/www.positivitee.sk\/index.php\/wp-json\/wp\/v2\/media?parent=1401"}],"wp:term":[{"taxonomy":"product_brand","embeddable":true,"href":"https:\/\/www.positivitee.sk\/index.php\/wp-json\/wp\/v2\/product_brand?post=1401"},{"taxonomy":"product_cat","embeddable":true,"href":"https:\/\/www.positivitee.sk\/index.php\/wp-json\/wp\/v2\/product_cat?post=1401"},{"taxonomy":"product_tag","embeddable":true,"href":"https:\/\/www.positivitee.sk\/index.php\/wp-json\/wp\/v2\/product_tag?post=1401"}],"curies":[{"name":"wp","href":"https:\/\/api.w.org\/{rel}","templated":true}]}}