{"id":1452,"date":"2019-11-25T18:09:00","date_gmt":"2019-11-25T18:09:00","guid":{"rendered":"https:\/\/www.positivitee.sk\/?post_type=product&#038;p=1452"},"modified":"2025-04-09T14:57:08","modified_gmt":"2025-04-09T14:57:08","slug":"vannucci-cokolada-plnena-lieskovcami-35g","status":"publish","type":"product","link":"https:\/\/www.positivitee.sk\/index.php\/product\/vannucci-cokolada-plnena-lieskovcami-35g\/","title":{"rendered":"Vannucci &#8211; \u010cOKOL\u00c1DA PLNEN\u00c1 LIESKOVCAMI, 35g"},"content":{"rendered":"<p><code>1-012<\/code>\u010cOKOL\u00c1DA PLNEN\u00c1 LIESKOVCAMI, 35g.<img decoding=\"async\" src=\"https:\/\/www.positivitee.sk\/img\/Vannucci\/Sfogliatine_nocciola_-200x190.jpg\" alt=\"\u010cOKOL\u00c1DA PLNEN\u00c1 LIESKOVCAMI\" \/><\/p>\n<p>EXTRA TMAV\u00c1 \u010cOKOL\u00c1DA PLNEN\u00c1 LIESKOVCAMI, Obsah kakaa min. 58%.<\/p>\n<p>Zlo\u017eenie: kakaov\u00e1 hmota, lieskovce 26%, pr\u00e1\u0161kov\u00fd cukor (cukor, kukuri\u010dn\u00fd \u0161krob), cukor, kakaov\u00e9 maslo, plnotu\u010dn\u00e9 pr\u00e1\u0161kov\u00e9 mlieko, maslo, emulg\u00e1tor: s\u00f3jov\u00fd lecit\u00edn, pr\u00e1\u0161kov\u00e1 pr\u00edrodn\u00e1 vanilka. M\u00f4\u017ee obsahova\u0165stopy \u010fal\u0161\u00edch orechov.<\/p>\n<p>Nutri\u010dn\u00e9 hodnoty na 100g produktu: energia 2365 kJ\/565 kcal, tuk 38,8g z toho nas\u00fdten\u00e9 16,8g, uhlohydr\u00e1ty 46,1g z toho cukor 42,6g, bielkoviny 7,9g, so\u013e 0,01g.<\/p>\n<p>Krajina p\u00f4vodu: Taliansko.<\/p>\n<p><a href=\"http:\/\/www.vannuccichocolates.com\" target=\"_blank\" rel=\"noopener noreferrer\"><br \/>\n<img decoding=\"async\" src=\"https:\/\/www.positivitee.sk\/img\/Vannucci\/vann1_300x300.png\" alt=\"Vannucci il Cioccolato\" \/><br \/>\n<\/a><\/p>\n","protected":false},"excerpt":{"rendered":"<p>1-012 \u010cOKOL\u00c1DA PLNEN\u00c1 LIESKOVCAMI, 35g.<\/p>\n","protected":false},"featured_media":1453,"template":"","meta":{"jetpack_post_was_ever_published":false,"jetpack_publicize_message":"","jetpack_publicize_feature_enabled":true,"jetpack_social_post_already_shared":true,"jetpack_social_options":{"image_generator_settings":{"template":"highway","default_image_id":0,"font":"","enabled":false},"version":2}},"product_brand":[],"product_cat":[41],"product_tag":[],"class_list":{"0":"post-1452","1":"product","2":"type-product","3":"status-publish","4":"has-post-thumbnail","6":"product_cat-vannucci-il-cioccolato","8":"first","9":"instock","10":"featured","11":"shipping-taxable","12":"purchasable","13":"product-type-simple"},"jetpack_publicize_connections":[],"jetpack_sharing_enabled":true,"_links":{"self":[{"href":"https:\/\/www.positivitee.sk\/index.php\/wp-json\/wp\/v2\/product\/1452","targetHints":{"allow":["GET"]}}],"collection":[{"href":"https:\/\/www.positivitee.sk\/index.php\/wp-json\/wp\/v2\/product"}],"about":[{"href":"https:\/\/www.positivitee.sk\/index.php\/wp-json\/wp\/v2\/types\/product"}],"wp:featuredmedia":[{"embeddable":true,"href":"https:\/\/www.positivitee.sk\/index.php\/wp-json\/wp\/v2\/media\/1453"}],"wp:attachment":[{"href":"https:\/\/www.positivitee.sk\/index.php\/wp-json\/wp\/v2\/media?parent=1452"}],"wp:term":[{"taxonomy":"product_brand","embeddable":true,"href":"https:\/\/www.positivitee.sk\/index.php\/wp-json\/wp\/v2\/product_brand?post=1452"},{"taxonomy":"product_cat","embeddable":true,"href":"https:\/\/www.positivitee.sk\/index.php\/wp-json\/wp\/v2\/product_cat?post=1452"},{"taxonomy":"product_tag","embeddable":true,"href":"https:\/\/www.positivitee.sk\/index.php\/wp-json\/wp\/v2\/product_tag?post=1452"}],"curies":[{"name":"wp","href":"https:\/\/api.w.org\/{rel}","templated":true}]}}