{"id":1573,"date":"2019-11-30T21:50:35","date_gmt":"2019-11-30T21:50:35","guid":{"rendered":"https:\/\/www.positivitee.sk\/?post_type=product&#038;p=1573"},"modified":"2025-10-22T11:51:13","modified_gmt":"2025-10-22T11:51:13","slug":"dolfin-mliecna-cokolada-s-nugatom-a-medom-70g","status":"publish","type":"product","link":"https:\/\/www.positivitee.sk\/index.php\/product\/dolfin-mliecna-cokolada-s-nugatom-a-medom-70g\/","title":{"rendered":"Dolfin &#8211; Biela \u010dokol\u00e1da s malinami, 70g"},"content":{"rendered":"<p><code>DO3101<\/code>\u00a0Biela \u010dokol\u00e1da s malinami, 70g.<\/p>\n<p><img decoding=\"async\" src=\"https:\/\/www.positivitee.sk\/wp-content\/uploads\/2019\/11\/malina-biela.png\" \/><\/p>\n<p class=\"western\" lang=\"en-US\"><span style=\"font-size: medium;\"><span lang=\"sk-SK\">Zlo\u017eenie: cukor, plnotu\u010dn\u00e9 pr\u00e1\u0161kov\u00e9 <\/span><span lang=\"sk-SK\"><b>MLIEKO<\/b><\/span><span lang=\"sk-SK\">, kakaov\u00e9 maslo, chrumkav\u00e9 maliny 6 % <\/span><span lang=\"en-GB\"> (<\/span><span style=\"color: #000000;\"><span style=\"font-family: Liberation Serif, Times New Roman, serif;\"><span lang=\"sk-SK\">cukor<\/span><\/span><\/span><span lang=\"en-GB\">, <\/span><span style=\"color: #000000;\"><span style=\"font-family: Liberation Serif, Times New Roman, serif;\"><span lang=\"sk-SK\">maliny<\/span><\/span><\/span><span lang=\"en-GB\">, <\/span><span style=\"color: #000000;\"><span style=\"font-family: Liberation Serif, Times New Roman, serif;\"><span lang=\"sk-SK\">\u0161krob<\/span><\/span><\/span><span lang=\"en-GB\">, <\/span><span style=\"color: #000000;\"><span style=\"font-family: Liberation Serif, Times New Roman, serif;\"><span lang=\"sk-SK\">koncentrovan\u00e1 malinov\u00e1 \u0161\u0165ava<\/span><\/span><\/span><span lang=\"en-GB\">), <\/span><span lang=\"sk-SK\">emulg\u00e1tor: <\/span><span lang=\"sk-SK\"><b>S\u00d3JOV\u00dd<\/b><\/span><span lang=\"sk-SK\"> lecit\u00edn. Pr\u00edrodn\u00e1 ar\u00f3ma.<\/span><\/span><\/p>\n<p class=\"western\" lang=\"en-US\"><span style=\"font-size: medium;\"><span style=\"color: #383331;\"><span lang=\"sk-SK\">Minim\u00e1lny obsah kakaa v \u010dokol\u00e1de: <\/span><\/span><span style=\"color: #383331;\"><span lang=\"sk-SK\">minim\u00e1lne <\/span><\/span><span style=\"color: #383331;\"><span lang=\"sk-SK\">2<\/span><\/span><span style=\"color: #383331;\"><span lang=\"sk-SK\">8%, <\/span><\/span><span style=\"color: #383331;\"><span lang=\"sk-SK\">podiel mlieka 31 %<\/span><\/span><span style=\"color: #383331;\"><span lang=\"en-US\"><br \/>\n<\/span><\/span><span lang=\"sk-SK\">Alerg\u00e9ny: obsahuje <\/span><span lang=\"sk-SK\"><b>s\u00f3ju<\/b><\/span><span lang=\"sk-SK\"> a <\/span><span lang=\"sk-SK\"><b> mlieko<\/b><\/span><span lang=\"sk-SK\">. M\u00f4\u017ee obsahova\u0165 stopy <\/span><span lang=\"sk-SK\"><b>orechov<\/b><\/span><span lang=\"sk-SK\">,<\/span><b> <\/b><span lang=\"sk-SK\"><b>p\u0161eni\u010dn\u00e9ho lepku<\/b><\/span><span lang=\"sk-SK\">, <\/span><span style=\"color: #000000;\"><span style=\"font-family: Liberation Serif, Times New Roman, serif;\"><span lang=\"sk-SK\"><b>s\u00e9zamu<\/b><\/span><\/span><\/span><span lang=\"sk-SK\"> a <\/span><span lang=\"sk-SK\"><b>vajc.bielkov<\/b><\/span><span lang=\"sk-SK\">.<\/span><\/span><\/p>\n<p>Krajina p\u00f4vodu: Belgicko.<\/p>\n<p><a href=\"http:\/\/www.dolfin.be\/\" target=\"_blank\" rel=\"noopener noreferrer\"><br \/>\n<img decoding=\"async\" src=\"https:\/\/www.positivitee.sk\/img\/Dolfin\/dolfin_logo_7.jpg\" alt=\"Dolfin - The Art of Blending\" \/><br \/>\n<\/a><\/p>\n","protected":false},"excerpt":{"rendered":"<p><code>DO3101<\/code>\u00a0Biela \u010dokol\u00e1da s malinami, 70g.<\/p>\n","protected":false},"featured_media":4848,"template":"","meta":{"jetpack_post_was_ever_published":false,"jetpack_publicize_message":"","jetpack_publicize_feature_enabled":true,"jetpack_social_post_already_shared":true,"jetpack_social_options":{"image_generator_settings":{"template":"highway","default_image_id":0,"font":"","enabled":false},"version":2}},"product_brand":[],"product_cat":[40],"product_tag":[],"class_list":{"0":"post-1573","1":"product","2":"type-product","3":"status-publish","4":"has-post-thumbnail","6":"product_cat-rucne-robene-cukrovinky-z-belgicka","8":"first","9":"instock","10":"shipping-taxable","11":"purchasable","12":"product-type-simple"},"jetpack_publicize_connections":[],"jetpack_sharing_enabled":true,"_links":{"self":[{"href":"https:\/\/www.positivitee.sk\/index.php\/wp-json\/wp\/v2\/product\/1573","targetHints":{"allow":["GET"]}}],"collection":[{"href":"https:\/\/www.positivitee.sk\/index.php\/wp-json\/wp\/v2\/product"}],"about":[{"href":"https:\/\/www.positivitee.sk\/index.php\/wp-json\/wp\/v2\/types\/product"}],"wp:featuredmedia":[{"embeddable":true,"href":"https:\/\/www.positivitee.sk\/index.php\/wp-json\/wp\/v2\/media\/4848"}],"wp:attachment":[{"href":"https:\/\/www.positivitee.sk\/index.php\/wp-json\/wp\/v2\/media?parent=1573"}],"wp:term":[{"taxonomy":"product_brand","embeddable":true,"href":"https:\/\/www.positivitee.sk\/index.php\/wp-json\/wp\/v2\/product_brand?post=1573"},{"taxonomy":"product_cat","embeddable":true,"href":"https:\/\/www.positivitee.sk\/index.php\/wp-json\/wp\/v2\/product_cat?post=1573"},{"taxonomy":"product_tag","embeddable":true,"href":"https:\/\/www.positivitee.sk\/index.php\/wp-json\/wp\/v2\/product_tag?post=1573"}],"curies":[{"name":"wp","href":"https:\/\/api.w.org\/{rel}","templated":true}]}}