{"id":17,"date":"2019-04-04T13:07:28","date_gmt":"2019-04-04T13:07:28","guid":{"rendered":"http:\/\/www.demmer.sk\/?post_type=product&#038;p=17"},"modified":"2026-04-08T07:27:56","modified_gmt":"2026-04-08T07:27:56","slug":"rocca-hubove-carpaccio-v-olivovom-oleji","status":"publish","type":"product","link":"https:\/\/www.positivitee.sk\/index.php\/product\/rocca-hubove-carpaccio-v-olivovom-oleji\/","title":{"rendered":"Rocca &#8211; Hubov\u00e9 carpaccio v olivovom oleji"},"content":{"rendered":"<p><code>T929<\/code>Hubov\u00e9 carpaccio v olivovom oleji, 200g. <img decoding=\"async\" src=\"http:\/\/www.positivitee.sk\/img\/Rocca\/T929.jpg\" alt=\"Hubov\u00e9 carpaccio v olivovom oleji\" \/><\/p>\n<p>\u010cist\u00e1 hmotnos\u0165 200g.<br \/>\nZlo\u017eenie: hr\u00edb smrekov\u00fd 60% z \u010de\u013eade \u201eBoletus Edulis\u201c, olivov\u00fd olej, zeleninov\u00fd v\u00fdvar (m\u00f4\u017ee obsahova\u0165 stonkov\u00fd zeler), so\u013e, petr\u017elenov\u00e1 v\u0148at, ar\u00f3ma, antioxidant: kyselina L askorbov\u00e1, regul\u00e1tor kyslosti: kyselina citr\u00f3nov\u00e1.<br \/>\nNutri\u010dn\u00e9 hodnoty na 100g produktu: energia 215 kJ\/52 kcal, tuk 3,5g z toho nas\u00fdten\u00e9 1,3g, uh\u013eohydr\u00e1ty 2g z toho cukor 0,5g , bielkoviny 3g, so\u013e 1,7g.<\/p>\n<p><a href=\"https:\/\/rocca1870.it\/\" target=\"_blank\" rel=\"noopener noreferrer\"><br \/>\n<img decoding=\"async\" src=\"https:\/\/www.positivitee.sk\/img\/Rocca\/rocca-nuovo_300x300.png\" alt=\"Rocca Luigi &amp; Figlio srl\" \/><br \/>\n<\/a><\/p>\n","protected":false},"excerpt":{"rendered":"<p>T929 Hubov\u00e9 carpaccio v olivovom oleji, 200g.<\/p>\n","protected":false},"featured_media":181,"template":"","meta":{"jetpack_post_was_ever_published":false,"jetpack_publicize_message":"","jetpack_publicize_feature_enabled":true,"jetpack_social_post_already_shared":true,"jetpack_social_options":{"image_generator_settings":{"template":"highway","default_image_id":0,"font":"","enabled":false},"version":2}},"product_brand":[],"product_cat":[46],"product_tag":[],"class_list":{"0":"post-17","1":"product","2":"type-product","3":"status-publish","4":"has-post-thumbnail","6":"product_cat-talianske-pochutky","8":"first","9":"instock","10":"shipping-taxable","11":"purchasable","12":"product-type-simple"},"jetpack_publicize_connections":[],"jetpack_sharing_enabled":true,"_links":{"self":[{"href":"https:\/\/www.positivitee.sk\/index.php\/wp-json\/wp\/v2\/product\/17","targetHints":{"allow":["GET"]}}],"collection":[{"href":"https:\/\/www.positivitee.sk\/index.php\/wp-json\/wp\/v2\/product"}],"about":[{"href":"https:\/\/www.positivitee.sk\/index.php\/wp-json\/wp\/v2\/types\/product"}],"wp:featuredmedia":[{"embeddable":true,"href":"https:\/\/www.positivitee.sk\/index.php\/wp-json\/wp\/v2\/media\/181"}],"wp:attachment":[{"href":"https:\/\/www.positivitee.sk\/index.php\/wp-json\/wp\/v2\/media?parent=17"}],"wp:term":[{"taxonomy":"product_brand","embeddable":true,"href":"https:\/\/www.positivitee.sk\/index.php\/wp-json\/wp\/v2\/product_brand?post=17"},{"taxonomy":"product_cat","embeddable":true,"href":"https:\/\/www.positivitee.sk\/index.php\/wp-json\/wp\/v2\/product_cat?post=17"},{"taxonomy":"product_tag","embeddable":true,"href":"https:\/\/www.positivitee.sk\/index.php\/wp-json\/wp\/v2\/product_tag?post=17"}],"curies":[{"name":"wp","href":"https:\/\/api.w.org\/{rel}","templated":true}]}}