{"id":19,"date":"2019-04-04T12:32:05","date_gmt":"2019-04-04T12:32:05","guid":{"rendered":"http:\/\/www.demmer.sk\/?post_type=product&#038;p=19"},"modified":"2026-04-08T07:29:22","modified_gmt":"2026-04-08T07:29:22","slug":"rocca-pate-z-ciernych-oliv","status":"publish","type":"product","link":"https:\/\/www.positivitee.sk\/index.php\/product\/rocca-pate-z-ciernych-oliv\/","title":{"rendered":"Rocca &#8211; Pat\u00e9 z\u00a0\u010diernych ol\u00edv"},"content":{"rendered":"<p><code>S801<\/code>Lahodn\u00e9, kr\u00e9mov\u00e9 pat\u00e9 z\u00a0jemn\u00fdch \u010diernych ol\u00edv s\u00a0extra panensk\u00fdm olivov\u00fdm olejom. Senza\u010dn\u00e9 ako n\u00e1tierka na krostiny, dip alebo v\u00a0om\u00e1\u010dkach (110g).<img decoding=\"async\" src=\"http:\/\/www.positivitee.sk\/img\/Rocca\/S801.jpg\" alt=\"Pat\u00e9 z \u010diernych ol\u00edv\" \/><\/p>\n<p>\u010cist\u00e1 hmotnost 110g.<br \/>\nZlo\u017eenie: pasta z \u010diernych ol\u00edv 90%, olivov\u00fd olej EV, so\u013e.<br \/>\nNutri\u010dn\u00e9 hodnoty na 100g produktu: energia 1039 kJ\/252 kcal, tuk 25g z toho nas\u00fdten\u00e9 3,6g, uh\u013eohydr\u00e1ty 4g z toho cukor 3,9g , bielkoviny 2,7g, so\u013e 1,5g.<\/p>\n<p><a href=\"https:\/\/rocca1870.it\/\" target=\"_blank\" rel=\"noopener noreferrer\"><br \/>\n<img decoding=\"async\" src=\"https:\/\/www.positivitee.sk\/img\/Rocca\/rocca-nuovo_300x300.png\" alt=\"Rocca Luigi &amp; Figlio srl\" \/><br \/>\n<\/a><\/p>\n","protected":false},"excerpt":{"rendered":"<p>S801 Pat\u00e9 z\u00a0jemn\u00fdch \u010diernych ol\u00edv s\u00a0extra panensk\u00fdm olivov\u00fdm olejom, 110g.<\/p>\n","protected":false},"featured_media":178,"template":"","meta":{"jetpack_post_was_ever_published":false,"jetpack_publicize_message":"","jetpack_publicize_feature_enabled":true,"jetpack_social_post_already_shared":true,"jetpack_social_options":{"image_generator_settings":{"template":"highway","default_image_id":0,"font":"","enabled":false},"version":2}},"product_brand":[],"product_cat":[46],"product_tag":[],"class_list":{"0":"post-19","1":"product","2":"type-product","3":"status-publish","4":"has-post-thumbnail","6":"product_cat-talianske-pochutky","8":"first","9":"instock","10":"shipping-taxable","11":"purchasable","12":"product-type-simple"},"jetpack_publicize_connections":[],"jetpack_sharing_enabled":true,"_links":{"self":[{"href":"https:\/\/www.positivitee.sk\/index.php\/wp-json\/wp\/v2\/product\/19","targetHints":{"allow":["GET"]}}],"collection":[{"href":"https:\/\/www.positivitee.sk\/index.php\/wp-json\/wp\/v2\/product"}],"about":[{"href":"https:\/\/www.positivitee.sk\/index.php\/wp-json\/wp\/v2\/types\/product"}],"wp:featuredmedia":[{"embeddable":true,"href":"https:\/\/www.positivitee.sk\/index.php\/wp-json\/wp\/v2\/media\/178"}],"wp:attachment":[{"href":"https:\/\/www.positivitee.sk\/index.php\/wp-json\/wp\/v2\/media?parent=19"}],"wp:term":[{"taxonomy":"product_brand","embeddable":true,"href":"https:\/\/www.positivitee.sk\/index.php\/wp-json\/wp\/v2\/product_brand?post=19"},{"taxonomy":"product_cat","embeddable":true,"href":"https:\/\/www.positivitee.sk\/index.php\/wp-json\/wp\/v2\/product_cat?post=19"},{"taxonomy":"product_tag","embeddable":true,"href":"https:\/\/www.positivitee.sk\/index.php\/wp-json\/wp\/v2\/product_tag?post=19"}],"curies":[{"name":"wp","href":"https:\/\/api.w.org\/{rel}","templated":true}]}}