{"id":21,"date":"2019-04-04T12:29:33","date_gmt":"2019-04-04T12:29:33","guid":{"rendered":"http:\/\/www.demmer.sk\/?post_type=product&#038;p=21"},"modified":"2026-04-08T07:29:47","modified_gmt":"2026-04-08T07:29:47","slug":"rocca-pate-z-hribov-smrekovych-s-hluzovkou","status":"publish","type":"product","link":"https:\/\/www.positivitee.sk\/index.php\/product\/rocca-pate-z-hribov-smrekovych-s-hluzovkou\/","title":{"rendered":"Rocca &#8211; Pat\u00e9 z hr\u00edbov smrekov\u00fdch s h\u013euzovkou"},"content":{"rendered":"<p><code>S810<\/code>Hr\u00edbov\u00e9 pat\u00e9 ochuten\u00e9 \u010diernou h\u013euzovkou a\u00a0olivov\u00fdm olejom. Senza\u010dn\u00e9 ako n\u00e1tierka na krostiny, s\u00a0cestovinami alebo rizotom (110g).<img decoding=\"async\" src=\"http:\/\/www.positivitee.sk\/img\/Rocca\/S810.jpg\" alt=\"Hr\u00edbov\u00e9 pat\u00e9 ochuten\u00e9 \u010diernou h\u013euzovkou a\u00a0olivov\u00fdm olejom\" \/><\/p>\n<p>\u010cist\u00e1 hmotnos\u0165 110g.<br \/>\nZlo\u017eenie: hr\u00edb smrekov\u00fd (Boletus Edulis gruppo) 90%, olivov\u00fd olej, so\u013e, cukor, v\u00edno, zeleninov\u00fd v\u00fdvar, h\u013euzovka 2,7%, zmes byliniek, regul\u00e1tor kyslosti\u201c kyselina citr\u00f3nov\u00e1, antioxidant: kyselina askorbov\u00e1, m\u00f4\u017ee obsahova\u0165 <strong>zeler<\/strong><br \/>\nNutri\u010dn\u00e9 hodnoty na 100g produktu: energia 1039 kJ\/252 kcal, tuk 25g z toho nas\u00fdten\u00e9 3,6g, uh\u013eohydr\u00e1ty 4,0g z toho cukor 3,9g , bielkoviny 2,7g, so\u013e 1,5g.<\/p>\n<p><a href=\"https:\/\/rocca1870.it\/\" target=\"_blank\" rel=\"noopener noreferrer\"><br \/>\n<img decoding=\"async\" src=\"https:\/\/www.positivitee.sk\/img\/Rocca\/rocca-nuovo_300x300.png\" alt=\"Rocca Luigi &amp; Figlio srl\" \/><br \/>\n<\/a><\/p>\n","protected":false},"excerpt":{"rendered":"<p>S810 Hr\u00edbov\u00e9 pat\u00e9 ochuten\u00e9 \u010diernou h\u013euzovkou a\u00a0olivov\u00fdm olejom, 110g.<\/p>\n","protected":false},"featured_media":177,"template":"","meta":{"jetpack_post_was_ever_published":false,"jetpack_publicize_message":"","jetpack_publicize_feature_enabled":true,"jetpack_social_post_already_shared":true,"jetpack_social_options":{"image_generator_settings":{"template":"highway","default_image_id":0,"font":"","enabled":false},"version":2}},"product_brand":[],"product_cat":[46],"product_tag":[],"class_list":{"0":"post-21","1":"product","2":"type-product","3":"status-publish","4":"has-post-thumbnail","6":"product_cat-talianske-pochutky","8":"first","9":"instock","10":"shipping-taxable","11":"purchasable","12":"product-type-simple"},"jetpack_publicize_connections":[],"jetpack_sharing_enabled":true,"_links":{"self":[{"href":"https:\/\/www.positivitee.sk\/index.php\/wp-json\/wp\/v2\/product\/21","targetHints":{"allow":["GET"]}}],"collection":[{"href":"https:\/\/www.positivitee.sk\/index.php\/wp-json\/wp\/v2\/product"}],"about":[{"href":"https:\/\/www.positivitee.sk\/index.php\/wp-json\/wp\/v2\/types\/product"}],"wp:featuredmedia":[{"embeddable":true,"href":"https:\/\/www.positivitee.sk\/index.php\/wp-json\/wp\/v2\/media\/177"}],"wp:attachment":[{"href":"https:\/\/www.positivitee.sk\/index.php\/wp-json\/wp\/v2\/media?parent=21"}],"wp:term":[{"taxonomy":"product_brand","embeddable":true,"href":"https:\/\/www.positivitee.sk\/index.php\/wp-json\/wp\/v2\/product_brand?post=21"},{"taxonomy":"product_cat","embeddable":true,"href":"https:\/\/www.positivitee.sk\/index.php\/wp-json\/wp\/v2\/product_cat?post=21"},{"taxonomy":"product_tag","embeddable":true,"href":"https:\/\/www.positivitee.sk\/index.php\/wp-json\/wp\/v2\/product_tag?post=21"}],"curies":[{"name":"wp","href":"https:\/\/api.w.org\/{rel}","templated":true}]}}