{"id":2104,"date":"2019-12-22T09:09:45","date_gmt":"2019-12-22T09:09:45","guid":{"rendered":"https:\/\/www.positivitee.sk\/?post_type=product&#038;p=2104"},"modified":"2024-11-17T09:54:32","modified_gmt":"2024-11-17T09:54:32","slug":"premium-tea-ruska-zmes-100g","status":"publish","type":"product","link":"https:\/\/www.positivitee.sk\/index.php\/product\/premium-tea-ruska-zmes-100g\/","title":{"rendered":"Premium Tea &#8211; RUSK\u00c1 ZMES, 100g"},"content":{"rendered":"<p><code>3201<\/code>RUSK\u00c1 ZMES, 100g.<img decoding=\"async\" src=\"https:\/\/www.positivitee.sk\/img\/Premium\/00-03201_stamm_3.jpg\" alt=\"RUSK\u00c1 ZMES\" \/><\/p>\n<p>Aromatick\u00e1 zmes robostn\u00fdch \u010dajov. N\u00e1poj tmavej s\u00fdtej farby a diskr\u00e9tnych dymov\u00fdch t\u00f3nov. Okr\u00fahla chu\u0165 bez n\u00e1znakov horkosti. Vhodn\u00fd aj na pr\u00edpravu samovarom.<\/p>\n<p>Zlo\u017eenie: \u010cierny \u010daj z \u010c\u00edny, Cejl\u00f3nu a J\u00e1vy.<\/p>\n<p>Pr\u00edprava: 1 \u010dajov\u00fa ly\u017ei\u010dku (2g) \u010daju zalejeme 2,5dl vriacej vody. L\u00fahujte 2 a\u017e 4 minuty.<\/p>\n","protected":false},"excerpt":{"rendered":"<p>3201 RUSK\u00c1 ZMES, 100g.<\/p>\n","protected":false},"featured_media":2105,"template":"","meta":{"jetpack_post_was_ever_published":false,"jetpack_publicize_message":"","jetpack_publicize_feature_enabled":true,"jetpack_social_post_already_shared":true,"jetpack_social_options":{"image_generator_settings":{"template":"highway","default_image_id":0,"font":"","enabled":false},"version":2}},"product_brand":[],"product_cat":[50,69],"product_tag":[],"class_list":{"0":"post-2104","1":"product","2":"type-product","3":"status-publish","4":"has-post-thumbnail","6":"product_cat-premium-caje","7":"product_cat-cierne","9":"first","10":"instock","11":"shipping-taxable","12":"purchasable","13":"product-type-simple"},"jetpack_publicize_connections":[],"jetpack_sharing_enabled":true,"_links":{"self":[{"href":"https:\/\/www.positivitee.sk\/index.php\/wp-json\/wp\/v2\/product\/2104","targetHints":{"allow":["GET"]}}],"collection":[{"href":"https:\/\/www.positivitee.sk\/index.php\/wp-json\/wp\/v2\/product"}],"about":[{"href":"https:\/\/www.positivitee.sk\/index.php\/wp-json\/wp\/v2\/types\/product"}],"wp:featuredmedia":[{"embeddable":true,"href":"https:\/\/www.positivitee.sk\/index.php\/wp-json\/wp\/v2\/media\/2105"}],"wp:attachment":[{"href":"https:\/\/www.positivitee.sk\/index.php\/wp-json\/wp\/v2\/media?parent=2104"}],"wp:term":[{"taxonomy":"product_brand","embeddable":true,"href":"https:\/\/www.positivitee.sk\/index.php\/wp-json\/wp\/v2\/product_brand?post=2104"},{"taxonomy":"product_cat","embeddable":true,"href":"https:\/\/www.positivitee.sk\/index.php\/wp-json\/wp\/v2\/product_cat?post=2104"},{"taxonomy":"product_tag","embeddable":true,"href":"https:\/\/www.positivitee.sk\/index.php\/wp-json\/wp\/v2\/product_tag?post=2104"}],"curies":[{"name":"wp","href":"https:\/\/api.w.org\/{rel}","templated":true}]}}