{"id":22,"date":"2019-04-04T12:12:50","date_gmt":"2019-04-04T12:12:50","guid":{"rendered":"http:\/\/www.demmer.sk\/?post_type=product&#038;p=22"},"modified":"2026-04-08T07:30:30","modified_gmt":"2026-04-08T07:30:30","slug":"rocca-filety-ancoviciek-v-olivovom-oleji","status":"publish","type":"product","link":"https:\/\/www.positivitee.sk\/index.php\/product\/rocca-filety-ancoviciek-v-olivovom-oleji\/","title":{"rendered":"Rocca &#8211; Filety an\u010dovi\u010diek v olivovom oleji"},"content":{"rendered":"<p><code>M506<\/code>Filety an\u010dovi\u010diek v olivovom oleji , 80 ml<\/p>\n<p>\u010cist\u00e1 hmotnos\u0165 80 g, such\u00e1 hmotnos\u0165 42 g<br \/>\nZlo\u017eenie: filety an\u010dovi\u010diek 60%, olivov\u00fd olej 40%, so\u013e.<br \/>\nNutri\u010dn\u00e9 hodnoty na 100g produktu: energia 886kJ\/212kcal, tuk 12g z toho nas\u00fdten\u00e9 3,0g, uh\u013eohydr\u00e1ty 6g z toho cukor 0,0g , bielkoviny 25g, so\u013e 15g.<\/p>\n<p><a href=\"https:\/\/rocca1870.it\/\" target=\"_blank\" rel=\"noopener noreferrer\"><img loading=\"lazy\" decoding=\"async\" class=\"attachment-266x266 size-266x266\" src=\"https:\/\/www.positivitee.sk\/wp-content\/uploads\/2019\/04\/anc-324x324.png\" sizes=\"auto, (max-width: 266px) 100vw, 266px\" srcset=\"https:\/\/www.positivitee.sk\/wp-content\/uploads\/2019\/04\/anc-324x324.png 324w, https:\/\/www.positivitee.sk\/wp-content\/uploads\/2019\/04\/anc-150x150.png 150w, https:\/\/www.positivitee.sk\/wp-content\/uploads\/2019\/04\/anc-100x100.png 100w\" alt=\"\" width=\"266\" height=\"266\" \/><br \/>\n<img decoding=\"async\" src=\"https:\/\/www.positivitee.sk\/img\/Rocca\/rocca-nuovo_300x300.png\" alt=\"Rocca Luigi &amp; Figlio srl\" \/><br \/>\n<\/a><\/p>\n","protected":false},"excerpt":{"rendered":"<p>N506 Filety an\u010dovi\u010diek v olivovom oleji, 80 ml<\/p>\n","protected":false},"featured_media":4246,"template":"","meta":{"jetpack_post_was_ever_published":false,"jetpack_publicize_message":"","jetpack_publicize_feature_enabled":true,"jetpack_social_post_already_shared":true,"jetpack_social_options":{"image_generator_settings":{"template":"highway","default_image_id":0,"font":"","enabled":false},"version":2}},"product_brand":[],"product_cat":[46],"product_tag":[],"class_list":{"0":"post-22","1":"product","2":"type-product","3":"status-publish","4":"has-post-thumbnail","6":"product_cat-talianske-pochutky","8":"first","9":"instock","10":"shipping-taxable","11":"purchasable","12":"product-type-simple"},"jetpack_publicize_connections":[],"jetpack_sharing_enabled":true,"_links":{"self":[{"href":"https:\/\/www.positivitee.sk\/index.php\/wp-json\/wp\/v2\/product\/22","targetHints":{"allow":["GET"]}}],"collection":[{"href":"https:\/\/www.positivitee.sk\/index.php\/wp-json\/wp\/v2\/product"}],"about":[{"href":"https:\/\/www.positivitee.sk\/index.php\/wp-json\/wp\/v2\/types\/product"}],"wp:featuredmedia":[{"embeddable":true,"href":"https:\/\/www.positivitee.sk\/index.php\/wp-json\/wp\/v2\/media\/4246"}],"wp:attachment":[{"href":"https:\/\/www.positivitee.sk\/index.php\/wp-json\/wp\/v2\/media?parent=22"}],"wp:term":[{"taxonomy":"product_brand","embeddable":true,"href":"https:\/\/www.positivitee.sk\/index.php\/wp-json\/wp\/v2\/product_brand?post=22"},{"taxonomy":"product_cat","embeddable":true,"href":"https:\/\/www.positivitee.sk\/index.php\/wp-json\/wp\/v2\/product_cat?post=22"},{"taxonomy":"product_tag","embeddable":true,"href":"https:\/\/www.positivitee.sk\/index.php\/wp-json\/wp\/v2\/product_tag?post=22"}],"curies":[{"name":"wp","href":"https:\/\/api.w.org\/{rel}","templated":true}]}}