{"id":23,"date":"2019-04-04T12:07:40","date_gmt":"2019-04-04T12:07:40","guid":{"rendered":"http:\/\/www.demmer.sk\/?post_type=product&#038;p=23"},"modified":"2026-04-08T07:30:51","modified_gmt":"2026-04-08T07:30:51","slug":"rocca-tuniak-v-olivovym-oleji-yellowfin","status":"publish","type":"product","link":"https:\/\/www.positivitee.sk\/index.php\/product\/rocca-tuniak-v-olivovym-oleji-yellowfin\/","title":{"rendered":"Rocca &#8211; Filety tuniaka v olivovom oleji, 300g"},"content":{"rendered":"<p><code>M562<\/code>Filety tuniaka v olivovom oleji, 300g.<img decoding=\"async\" src=\"http:\/\/www.positivitee.sk\/img\/Rocca\/M562.jpg\" alt=\"Filety tuniaka v olivovom oleji, 300g\" \/><\/p>\n<p>Najlep\u0161ia kvalita, tuniak z\u00a0ryby ulovenej v\u00a0talianskych vod\u00e1ch. S\u00a0pr\u00eddavkom olivov\u00e9ho oleja a\u00a0soli, na zachovanie delik\u00e1tnej chute.<\/p>\n<p>\u010cist\u00e1 hmotnos\u0165 300g, such\u00e1 hmotnos\u0165 210g.<br \/>\nZlo\u017eenie: tuniak, olivov\u00fd olej, so\u013e.<br \/>\nNutri\u010dn\u00e9 hodnoty na 100g produktu: energia 795 kJ\/190 kcal, tuk 10g z toho nas\u00fdten\u00e9 0,0g, uh\u013eohydr\u00e1ty 0,0g z toho cukor 0,0g , bielkoviny 25g, so\u013e 0,8g.<\/p>\n<p><a href=\"https:\/\/rocca1870.it\/\" target=\"_blank\" rel=\"noopener noreferrer\"><br \/>\n<img decoding=\"async\" src=\"https:\/\/www.positivitee.sk\/img\/Rocca\/rocca-nuovo_300x300.png\" alt=\"Rocca Luigi &amp; Figlio srl\" \/><br \/>\n<\/a><\/p>\n","protected":false},"excerpt":{"rendered":"<p>M562 Filety tuniaka v olivovom oleji, 300g.<\/p>\n","protected":false},"featured_media":174,"template":"","meta":{"jetpack_post_was_ever_published":false,"jetpack_publicize_message":"","jetpack_publicize_feature_enabled":true,"jetpack_social_post_already_shared":true,"jetpack_social_options":{"image_generator_settings":{"template":"highway","default_image_id":0,"font":"","enabled":false},"version":2}},"product_brand":[],"product_cat":[46],"product_tag":[],"class_list":{"0":"post-23","1":"product","2":"type-product","3":"status-publish","4":"has-post-thumbnail","6":"product_cat-talianske-pochutky","8":"first","9":"instock","10":"shipping-taxable","11":"purchasable","12":"product-type-simple"},"jetpack_publicize_connections":[],"jetpack_sharing_enabled":true,"_links":{"self":[{"href":"https:\/\/www.positivitee.sk\/index.php\/wp-json\/wp\/v2\/product\/23","targetHints":{"allow":["GET"]}}],"collection":[{"href":"https:\/\/www.positivitee.sk\/index.php\/wp-json\/wp\/v2\/product"}],"about":[{"href":"https:\/\/www.positivitee.sk\/index.php\/wp-json\/wp\/v2\/types\/product"}],"wp:featuredmedia":[{"embeddable":true,"href":"https:\/\/www.positivitee.sk\/index.php\/wp-json\/wp\/v2\/media\/174"}],"wp:attachment":[{"href":"https:\/\/www.positivitee.sk\/index.php\/wp-json\/wp\/v2\/media?parent=23"}],"wp:term":[{"taxonomy":"product_brand","embeddable":true,"href":"https:\/\/www.positivitee.sk\/index.php\/wp-json\/wp\/v2\/product_brand?post=23"},{"taxonomy":"product_cat","embeddable":true,"href":"https:\/\/www.positivitee.sk\/index.php\/wp-json\/wp\/v2\/product_cat?post=23"},{"taxonomy":"product_tag","embeddable":true,"href":"https:\/\/www.positivitee.sk\/index.php\/wp-json\/wp\/v2\/product_tag?post=23"}],"curies":[{"name":"wp","href":"https:\/\/api.w.org\/{rel}","templated":true}]}}