{"id":239,"date":"2019-04-05T06:30:22","date_gmt":"2019-04-05T06:30:22","guid":{"rendered":"http:\/\/www.demmer.sk\/?post_type=product&#038;p=239"},"modified":"2024-09-27T09:52:40","modified_gmt":"2024-09-27T09:52:40","slug":"vannucci-extra-tmava-cokolada-73","status":"publish","type":"product","link":"https:\/\/www.positivitee.sk\/index.php\/product\/vannucci-extra-tmava-cokolada-73\/","title":{"rendered":"Vannucci &#8211; Extra tmav\u00e1 \u010dokol\u00e1da 73%"},"content":{"rendered":"<p><code>1-054<\/code>Extra tmav\u00e1 \u010dokol\u00e1da 73%, 100g.<img decoding=\"async\" src=\"http:\/\/www.positivitee.sk\/img\/Vannucci\/1-054.jpg\" alt=\"Extra tmav\u00e1 \u010dokol\u00e1da 73%\" \/><\/p>\n<p>Obsah kakaa: min. 73%.<\/p>\n<p>BEZ LEPKU<\/p>\n<p>Zlo\u017eenie: kakaov\u00e1 hmota, cukor, n\u00edzkotu\u010dn\u00fd kakaov\u00fd pr\u00e1\u0161ok, s\u00f3jov\u00fd lecit\u00edn, pr\u00e1\u0161ok pr\u00edrodnej vanilky. M\u00f4\u017ee obsahova\u0165 stopy <strong>orechov<\/strong> a <strong>mlieka<\/strong>.<br \/>\nNutri\u010dn\u00e9 hodnoty na 100g produktu: energia 2264 kJ\/542 kcal, tuk 36,6g z toho nas\u00fdten\u00e9 23,7g, uhlohydr\u00e1ty 29,0g z toho cukor 24,6g, bielkoviny 9,1g, so\u013e 0,02g.<\/p>\n<p><a href=\"http:\/\/www.vannuccichocolates.com\" target=\"_blank\" rel=\"noopener noreferrer\"><br \/>\n<img decoding=\"async\" src=\"https:\/\/www.positivitee.sk\/img\/Vannucci\/vann1_300x300.png\" alt=\"Vannucci il Cioccolato\" \/><br \/>\n<\/a><\/p>\n","protected":false},"excerpt":{"rendered":"<p>1-054 Extra tmav\u00e1 \u010dokol\u00e1da 73%, 100g.<\/p>\n","protected":false},"featured_media":243,"template":"","meta":{"jetpack_post_was_ever_published":false,"jetpack_publicize_message":"","jetpack_publicize_feature_enabled":true,"jetpack_social_post_already_shared":true,"jetpack_social_options":{"image_generator_settings":{"template":"highway","default_image_id":0,"font":"","enabled":false},"version":2}},"product_brand":[],"product_cat":[41],"product_tag":[],"class_list":{"0":"post-239","1":"product","2":"type-product","3":"status-publish","4":"has-post-thumbnail","6":"product_cat-vannucci-il-cioccolato","8":"first","9":"instock","10":"shipping-taxable","11":"purchasable","12":"product-type-simple"},"jetpack_publicize_connections":[],"jetpack_sharing_enabled":true,"_links":{"self":[{"href":"https:\/\/www.positivitee.sk\/index.php\/wp-json\/wp\/v2\/product\/239","targetHints":{"allow":["GET"]}}],"collection":[{"href":"https:\/\/www.positivitee.sk\/index.php\/wp-json\/wp\/v2\/product"}],"about":[{"href":"https:\/\/www.positivitee.sk\/index.php\/wp-json\/wp\/v2\/types\/product"}],"wp:featuredmedia":[{"embeddable":true,"href":"https:\/\/www.positivitee.sk\/index.php\/wp-json\/wp\/v2\/media\/243"}],"wp:attachment":[{"href":"https:\/\/www.positivitee.sk\/index.php\/wp-json\/wp\/v2\/media?parent=239"}],"wp:term":[{"taxonomy":"product_brand","embeddable":true,"href":"https:\/\/www.positivitee.sk\/index.php\/wp-json\/wp\/v2\/product_brand?post=239"},{"taxonomy":"product_cat","embeddable":true,"href":"https:\/\/www.positivitee.sk\/index.php\/wp-json\/wp\/v2\/product_cat?post=239"},{"taxonomy":"product_tag","embeddable":true,"href":"https:\/\/www.positivitee.sk\/index.php\/wp-json\/wp\/v2\/product_tag?post=239"}],"curies":[{"name":"wp","href":"https:\/\/api.w.org\/{rel}","templated":true}]}}