{"id":25,"date":"2019-04-04T11:56:20","date_gmt":"2019-04-04T11:56:20","guid":{"rendered":"http:\/\/www.demmer.sk\/?post_type=product&#038;p=25"},"modified":"2026-04-08T07:31:16","modified_gmt":"2026-04-08T07:31:16","slug":"rocca-puttanesca-omacka","status":"publish","type":"product","link":"https:\/\/www.positivitee.sk\/index.php\/product\/rocca-puttanesca-omacka\/","title":{"rendered":"Rocca &#8211; ARRABBIATA om\u00e1\u010dka"},"content":{"rendered":"<p><code>T934<\/code>ARRABBIATA om\u00e1\u010dka, 180g.<img decoding=\"async\" src=\"http:\/\/www.positivitee.sk\/img\/Rocca\/T936.jpg\" alt=\"Puttanesca om\u00e1\u010dka - ilustra\u010dn\u00e9 foto\" \/><\/p>\n<p>\u010cist\u00e1 hmotnos\u0165 180g, such\u00e1 hmotnos\u0165 180g.<br \/>\nZlo\u017eenie: talianske paradajky 70%, cibu\u013ea, talianske \u010dili papri\u010dky 10%, extra panensk\u00fd olivov\u00fd olej, mrkva, so\u013e, cukor, cesnak.<br \/>\nNutri\u010dn\u00e9 hodnoty na 100g produktu: energia 472 kJ\/113 kcal, tuk 7,7g z toho nas\u00fdten\u00e9 1,3g, uh\u013eohydr\u00e1ty 6g z toho cukor 4,2g, bielkoviny 5g, so\u013e 2g.<\/p>\n<p><a href=\"https:\/\/rocca1870.it\/\" target=\"_blank\" rel=\"noopener noreferrer\"><br \/>\n<img decoding=\"async\" src=\"https:\/\/www.positivitee.sk\/img\/Rocca\/rocca-nuovo_300x300.png\" alt=\"Rocca Luigi &amp; Figlio srl\" \/><br \/>\n<\/a><\/p>\n","protected":false},"excerpt":{"rendered":"<p><code>T934<\/code>ARRABBIATA om\u00e1\u010dka, 180g.<\/p>\n","protected":false},"featured_media":371,"template":"","meta":{"jetpack_post_was_ever_published":false,"jetpack_publicize_message":"","jetpack_publicize_feature_enabled":true,"jetpack_social_post_already_shared":true,"jetpack_social_options":{"image_generator_settings":{"template":"highway","default_image_id":0,"font":"","enabled":false},"version":2}},"product_brand":[],"product_cat":[46],"product_tag":[],"class_list":{"0":"post-25","1":"product","2":"type-product","3":"status-publish","4":"has-post-thumbnail","6":"product_cat-talianske-pochutky","8":"first","9":"instock","10":"shipping-taxable","11":"purchasable","12":"product-type-simple"},"jetpack_publicize_connections":[],"jetpack_sharing_enabled":true,"_links":{"self":[{"href":"https:\/\/www.positivitee.sk\/index.php\/wp-json\/wp\/v2\/product\/25","targetHints":{"allow":["GET"]}}],"collection":[{"href":"https:\/\/www.positivitee.sk\/index.php\/wp-json\/wp\/v2\/product"}],"about":[{"href":"https:\/\/www.positivitee.sk\/index.php\/wp-json\/wp\/v2\/types\/product"}],"wp:featuredmedia":[{"embeddable":true,"href":"https:\/\/www.positivitee.sk\/index.php\/wp-json\/wp\/v2\/media\/371"}],"wp:attachment":[{"href":"https:\/\/www.positivitee.sk\/index.php\/wp-json\/wp\/v2\/media?parent=25"}],"wp:term":[{"taxonomy":"product_brand","embeddable":true,"href":"https:\/\/www.positivitee.sk\/index.php\/wp-json\/wp\/v2\/product_brand?post=25"},{"taxonomy":"product_cat","embeddable":true,"href":"https:\/\/www.positivitee.sk\/index.php\/wp-json\/wp\/v2\/product_cat?post=25"},{"taxonomy":"product_tag","embeddable":true,"href":"https:\/\/www.positivitee.sk\/index.php\/wp-json\/wp\/v2\/product_tag?post=25"}],"curies":[{"name":"wp","href":"https:\/\/api.w.org\/{rel}","templated":true}]}}