{"id":2936,"date":"2020-01-26T07:59:50","date_gmt":"2020-01-26T07:59:50","guid":{"rendered":"https:\/\/www.positivitee.sk\/?post_type=product&#038;p=2936"},"modified":"2025-10-23T12:37:37","modified_gmt":"2025-10-23T12:37:37","slug":"premium-tea-ruzove-leto-100g","status":"publish","type":"product","link":"https:\/\/www.positivitee.sk\/index.php\/product\/premium-tea-ruzove-leto-100g\/","title":{"rendered":"Premium Tea &#8211; RU\u017dOV\u00c9 LETO, 100g"},"content":{"rendered":"<p><code>3951<\/code>RU\u017dOV\u00c9 LETO, 100g.<img decoding=\"async\" src=\"https:\/\/www.positivitee.sk\/img\/Premium\/00-03951_stamm_1.jpg\" alt=\"RU\u017dOV\u00c9 LETO\" \/><\/p>\n<p>Osvie\u017euj\u00faca a \u0161\u0165avnat\u00e1 letn\u00e1 zmes jemn\u00fdch zelen\u00fdch \u010dajov s chu\u0165ou grapefruitu, ru\u017eov\u00fdm koren\u00edm a lupienkami nev\u00e4dze. Mimoriadne vhodn\u00fd aj na pr\u00edpravu \u013eadov\u00e9ho \u010daju.<\/p>\n<p>Zlo\u017eenie: indick\u00fd zelen\u00fd \u010daj, k\u00f4ra a ar\u00f3ma grapefruitu, bobule ru\u017eov\u00e9ho korenia, lupene kvet\u00edn nev\u00e4dze<\/p>\n<p>Pr\u00edprava: 1 \u010dajov\u00fa ly\u017ei\u010dku (2g) \u010daju zalejeme 2,5dl vody 80\u00b0C. L\u00fahujte 2 minuty.<\/p>\n","protected":false},"excerpt":{"rendered":"<p>3951 RU\u017dOV\u00c9 LETO, 100g.<\/p>\n","protected":false},"featured_media":2937,"template":"","meta":{"jetpack_post_was_ever_published":false,"jetpack_publicize_message":"","jetpack_publicize_feature_enabled":true,"jetpack_social_post_already_shared":true,"jetpack_social_options":{"image_generator_settings":{"template":"highway","default_image_id":0,"font":"","enabled":false},"version":2}},"product_brand":[],"product_cat":[50,70],"product_tag":[],"class_list":{"0":"post-2936","1":"product","2":"type-product","3":"status-publish","4":"has-post-thumbnail","6":"product_cat-premium-caje","7":"product_cat-zelene","9":"first","10":"instock","11":"shipping-taxable","12":"purchasable","13":"product-type-simple"},"jetpack_publicize_connections":[],"jetpack_sharing_enabled":true,"_links":{"self":[{"href":"https:\/\/www.positivitee.sk\/index.php\/wp-json\/wp\/v2\/product\/2936","targetHints":{"allow":["GET"]}}],"collection":[{"href":"https:\/\/www.positivitee.sk\/index.php\/wp-json\/wp\/v2\/product"}],"about":[{"href":"https:\/\/www.positivitee.sk\/index.php\/wp-json\/wp\/v2\/types\/product"}],"wp:featuredmedia":[{"embeddable":true,"href":"https:\/\/www.positivitee.sk\/index.php\/wp-json\/wp\/v2\/media\/2937"}],"wp:attachment":[{"href":"https:\/\/www.positivitee.sk\/index.php\/wp-json\/wp\/v2\/media?parent=2936"}],"wp:term":[{"taxonomy":"product_brand","embeddable":true,"href":"https:\/\/www.positivitee.sk\/index.php\/wp-json\/wp\/v2\/product_brand?post=2936"},{"taxonomy":"product_cat","embeddable":true,"href":"https:\/\/www.positivitee.sk\/index.php\/wp-json\/wp\/v2\/product_cat?post=2936"},{"taxonomy":"product_tag","embeddable":true,"href":"https:\/\/www.positivitee.sk\/index.php\/wp-json\/wp\/v2\/product_tag?post=2936"}],"curies":[{"name":"wp","href":"https:\/\/api.w.org\/{rel}","templated":true}]}}