{"id":2939,"date":"2020-01-26T08:18:59","date_gmt":"2020-01-26T08:18:59","guid":{"rendered":"https:\/\/www.positivitee.sk\/?post_type=product&#038;p=2939"},"modified":"2020-11-06T21:19:17","modified_gmt":"2020-11-06T21:19:17","slug":"premium-tea-china-mao-feng-rong-chang-100g","status":"publish","type":"product","link":"https:\/\/www.positivitee.sk\/index.php\/product\/premium-tea-china-mao-feng-rong-chang-100g\/","title":{"rendered":"Premium Tea &#8211; CHINA MAO FENG RONG CHANG, 100g"},"content":{"rendered":"<p><code>2231<\/code>CHINA MAO FENG RONG CHANG, 100g.<img decoding=\"async\" src=\"https:\/\/www.positivitee.sk\/img\/Premium\/00-02231_stamm_1.jpg\" alt=\"CHINA MAO FENG RONG CHANG\" \/><\/p>\n<p>N\u00e1dherne remeselne spracovyn\u00e9 l\u00edsky tvaru ihli\u010diek (preto n\u00e1zov feng ) produkuj\u00fa jasn\u00fa \u0161\u00e1lku nevtieravej chute sldk\u00fdch t\u00f3nov.<\/p>\n<p>Odpor\u00fa\u010dame 2 &#8211; 3 n\u00e1levy.<\/p>\n<p>Zlo\u017eenie: \u010d\u00ednsky zelen\u00fd \u010daj<\/p>\n<p>Pr\u00edprava: 1 \u010dajov\u00fa ly\u017ei\u010dku (2g) \u010daju zalejeme 2,5dl vody 70\u00b0C. L\u00fahujte 1 -2 minuty.<\/p>\n","protected":false},"excerpt":{"rendered":"<p>2231 CHINA MAO FENG RONG CHANG, 100g.<\/p>\n","protected":false},"featured_media":2940,"template":"","meta":{"jetpack_post_was_ever_published":false,"jetpack_publicize_message":"","jetpack_publicize_feature_enabled":true,"jetpack_social_post_already_shared":true,"jetpack_social_options":{"image_generator_settings":{"template":"highway","default_image_id":0,"font":"","enabled":false},"version":2}},"product_brand":[],"product_cat":[50,70],"product_tag":[],"class_list":{"0":"post-2939","1":"product","2":"type-product","3":"status-publish","4":"has-post-thumbnail","6":"product_cat-premium-caje","7":"product_cat-zelene","9":"first","10":"instock","11":"shipping-taxable","12":"purchasable","13":"product-type-simple"},"jetpack_publicize_connections":[],"jetpack_sharing_enabled":true,"_links":{"self":[{"href":"https:\/\/www.positivitee.sk\/index.php\/wp-json\/wp\/v2\/product\/2939","targetHints":{"allow":["GET"]}}],"collection":[{"href":"https:\/\/www.positivitee.sk\/index.php\/wp-json\/wp\/v2\/product"}],"about":[{"href":"https:\/\/www.positivitee.sk\/index.php\/wp-json\/wp\/v2\/types\/product"}],"wp:featuredmedia":[{"embeddable":true,"href":"https:\/\/www.positivitee.sk\/index.php\/wp-json\/wp\/v2\/media\/2940"}],"wp:attachment":[{"href":"https:\/\/www.positivitee.sk\/index.php\/wp-json\/wp\/v2\/media?parent=2939"}],"wp:term":[{"taxonomy":"product_brand","embeddable":true,"href":"https:\/\/www.positivitee.sk\/index.php\/wp-json\/wp\/v2\/product_brand?post=2939"},{"taxonomy":"product_cat","embeddable":true,"href":"https:\/\/www.positivitee.sk\/index.php\/wp-json\/wp\/v2\/product_cat?post=2939"},{"taxonomy":"product_tag","embeddable":true,"href":"https:\/\/www.positivitee.sk\/index.php\/wp-json\/wp\/v2\/product_tag?post=2939"}],"curies":[{"name":"wp","href":"https:\/\/api.w.org\/{rel}","templated":true}]}}