{"id":2944,"date":"2020-01-26T08:30:37","date_gmt":"2020-01-26T08:30:37","guid":{"rendered":"https:\/\/www.positivitee.sk\/?post_type=product&#038;p=2944"},"modified":"2023-09-20T11:33:43","modified_gmt":"2023-09-20T11:33:43","slug":"premium-tea-bio-japan-sencha-100g","status":"publish","type":"product","link":"https:\/\/www.positivitee.sk\/index.php\/product\/premium-tea-bio-japan-sencha-100g\/","title":{"rendered":"Premium Tea &#8211; BIO JAPAN SENCHA, 100g"},"content":{"rendered":"<p><code>3751<\/code>BIO JAPAN SENCHA, 100g.<img decoding=\"async\" src=\"https:\/\/www.positivitee.sk\/img\/Premium\/00-03751_stamm_1.jpg\" alt=\"BIO JAPAN SENCHA\" \/><\/p>\n<p>Zn\u00e1my japonsk\u00fd zelen\u00fd \u010daj z ju\u017en\u00e9ho Japonska. Sencha je najpopul\u00e1rnej\u0161\u00edm japonsk\u00fdm \u010dajom a predstavuje 80% z celkovej japonskej produkcie.<br \/>\nListy ihli\u010dkovit\u00e9ho tvaru, homog\u00e9nnej kvality. N\u00e1poj svie\u017eej mierne veget\u00e1lnej chute, \u010distej bledozelenej farby.<\/p>\n<p>Udr\u017euje bystr\u00fa myse\u013e a pozornos\u0165. Sencha je pova\u017eovan\u00e1 ya stimulant mozgu. Antioxidanty v nej obsiahnut\u00e9 stimuluj\u00fa nervov\u00e9 spojenia a p\u00f4sobia ako prevencia oxida\u010dn\u00e9ho stesu v mozgu.<br \/>\nSencha je najbohat\u0161ia na katech\u00edny, obzvl\u00e1\u0161\u0165 Epigallocatechin Galato-3 (EGCG), je naj\u00fa\u010dinej\u0161\u00edm zelen\u00fdm \u010dajom v boji proti onkologick\u00fdm ochoreniam.<br \/>\nJe \u00fa\u010dinn\u00e1 v boji s nadv\u00e1hou. Odpor\u00fa\u010daj\u00fa sa dve \u0161\u00e1lky denne. Jednu r\u00e1no a \u010fal\u0161ia okolo poludnia.<\/p>\n<p>Vysok\u00e1 hladina vitam\u00ednu C a mnoho antioxidantov robia Senchu mimoriadne \u00fa\u010dinnym v ochrane a posilnen\u00ed imunity organizmu.<br \/>\nUr\u00fdch\u013euje uzdravenie pri nachadnut\u00fd a chr\u00edpke.<br \/>\n\u0160t\u00fadie ukazuj\u00fa, \u017ee Sencha aj napriek relat\u00edvne vysok\u00e9mu obsahu kefe\u00ednu zni\u017euje krvn\u00fd tlak.<\/p>\n<p>Odpor\u00fa\u010dame 2 n\u00e1levy.<\/p>\n<p>Zlo\u017eenie: japonsk\u00fd zelen\u00fd \u010daj<\/p>\n<p>Pr\u00edprava: 1 \u010dajov\u00fa ly\u017ei\u010dku (2g) \u010daju zalejeme 2,5dl vody 80\u00b0C. L\u00fahujte 2 minuty.<\/p>\n","protected":false},"excerpt":{"rendered":"<p>3751 BIO JAPAN SENCHA, 100g.<\/p>\n","protected":false},"featured_media":2945,"template":"","meta":{"jetpack_post_was_ever_published":false,"jetpack_publicize_message":"","jetpack_publicize_feature_enabled":true,"jetpack_social_post_already_shared":true,"jetpack_social_options":{"image_generator_settings":{"template":"highway","default_image_id":0,"font":"","enabled":false},"version":2}},"product_brand":[],"product_cat":[50,70],"product_tag":[],"class_list":{"0":"post-2944","1":"product","2":"type-product","3":"status-publish","4":"has-post-thumbnail","6":"product_cat-premium-caje","7":"product_cat-zelene","9":"first","10":"instock","11":"shipping-taxable","12":"purchasable","13":"product-type-simple"},"jetpack_publicize_connections":[],"jetpack_sharing_enabled":true,"_links":{"self":[{"href":"https:\/\/www.positivitee.sk\/index.php\/wp-json\/wp\/v2\/product\/2944","targetHints":{"allow":["GET"]}}],"collection":[{"href":"https:\/\/www.positivitee.sk\/index.php\/wp-json\/wp\/v2\/product"}],"about":[{"href":"https:\/\/www.positivitee.sk\/index.php\/wp-json\/wp\/v2\/types\/product"}],"wp:featuredmedia":[{"embeddable":true,"href":"https:\/\/www.positivitee.sk\/index.php\/wp-json\/wp\/v2\/media\/2945"}],"wp:attachment":[{"href":"https:\/\/www.positivitee.sk\/index.php\/wp-json\/wp\/v2\/media?parent=2944"}],"wp:term":[{"taxonomy":"product_brand","embeddable":true,"href":"https:\/\/www.positivitee.sk\/index.php\/wp-json\/wp\/v2\/product_brand?post=2944"},{"taxonomy":"product_cat","embeddable":true,"href":"https:\/\/www.positivitee.sk\/index.php\/wp-json\/wp\/v2\/product_cat?post=2944"},{"taxonomy":"product_tag","embeddable":true,"href":"https:\/\/www.positivitee.sk\/index.php\/wp-json\/wp\/v2\/product_tag?post=2944"}],"curies":[{"name":"wp","href":"https:\/\/api.w.org\/{rel}","templated":true}]}}