{"id":2948,"date":"2020-01-26T08:35:47","date_gmt":"2020-01-26T08:35:47","guid":{"rendered":"https:\/\/www.positivitee.sk\/?post_type=product&#038;p=2948"},"modified":"2024-11-20T15:43:28","modified_gmt":"2024-11-20T15:43:28","slug":"premium-tea-bio-harmonia-50g","status":"publish","type":"product","link":"https:\/\/www.positivitee.sk\/index.php\/product\/premium-tea-bio-harmonia-50g\/","title":{"rendered":"Premium Tea &#8211; BIO HARM\u00d3NIA, 50g"},"content":{"rendered":"<p><code>6469<\/code>BIO HARM\u00d3NIA, 50g.<\/p>\n<p><img loading=\"lazy\" decoding=\"async\" class=\"attachment-266x266 size-266x266\" src=\"https:\/\/www.positivitee.sk\/wp-content\/uploads\/2020\/01\/00-06468-300x300.jpg\" sizes=\"auto, (max-width: 266px) 100vw, 266px\" srcset=\"https:\/\/www.positivitee.sk\/wp-content\/uploads\/2020\/01\/00-06468-300x300.jpg 300w, https:\/\/www.positivitee.sk\/wp-content\/uploads\/2020\/01\/00-06468-150x150.jpg 150w, https:\/\/www.positivitee.sk\/wp-content\/uploads\/2020\/01\/00-06468-324x324.jpg 324w, https:\/\/www.positivitee.sk\/wp-content\/uploads\/2020\/01\/00-06468-100x100.jpg 100w, https:\/\/www.positivitee.sk\/wp-content\/uploads\/2020\/01\/00-06468.jpg 340w\" alt=\"\" width=\"266\" height=\"266\" \/><\/p>\n<p>Pr\u00edjemne chutiaca relaxa\u010dn\u00e1 bylinkov\u00e1 zmes z malinov\u00fdch l\u00edstkov, l\u00edstkov medovky lek\u00e1rskej, feniklu, \u010dernicov\u00fdch l\u00edstkov, kvetov lipy, nev\u00e4dze a necht\u00edka, an\u00edzu, m\u00e4ty, skorocelu kopijovit\u00e9ho, rozmar\u00ednu, materinej d\u00fa\u0161ky a lupienkov ru\u017ee.<\/p>\n<p>Zlo\u017eenie: malinov\u00e9 listy, medovka lek\u00e1rka, fenikel, \u010dernicov\u00e9 listy, kvet lipy, nev\u00e4dze a necht\u00edk, an\u00edz, m\u00e4ta pieporn\u00e1, skorocel kopiovit\u00fd, rozmar\u00edn, materin\u00e1 d\u00fa\u0161ka, lupienky ku\u017ee<\/p>\n<p>Pr\u00edprava: 1-2 \u010dajov\u00fa ly\u017ei\u010dku (2g) \u010daju zalejeme 2,5dl vriacej vody. L\u00fahujte 5 a\u017e 8 min\u00fat.<\/p>\n","protected":false},"excerpt":{"rendered":"<p>6469 BIO HARM\u00d3NIA, 50g.<\/p>\n","protected":false},"featured_media":2949,"template":"","meta":{"jetpack_post_was_ever_published":false,"jetpack_publicize_message":"","jetpack_publicize_feature_enabled":true,"jetpack_social_post_already_shared":true,"jetpack_social_options":{"image_generator_settings":{"template":"highway","default_image_id":0,"font":"","enabled":false},"version":2}},"product_brand":[],"product_cat":[74,50],"product_tag":[],"class_list":{"0":"post-2948","1":"product","2":"type-product","3":"status-publish","4":"has-post-thumbnail","6":"product_cat-bylinkove","7":"product_cat-premium-caje","9":"first","10":"instock","11":"shipping-taxable","12":"purchasable","13":"product-type-simple"},"jetpack_publicize_connections":[],"jetpack_sharing_enabled":true,"_links":{"self":[{"href":"https:\/\/www.positivitee.sk\/index.php\/wp-json\/wp\/v2\/product\/2948","targetHints":{"allow":["GET"]}}],"collection":[{"href":"https:\/\/www.positivitee.sk\/index.php\/wp-json\/wp\/v2\/product"}],"about":[{"href":"https:\/\/www.positivitee.sk\/index.php\/wp-json\/wp\/v2\/types\/product"}],"wp:featuredmedia":[{"embeddable":true,"href":"https:\/\/www.positivitee.sk\/index.php\/wp-json\/wp\/v2\/media\/2949"}],"wp:attachment":[{"href":"https:\/\/www.positivitee.sk\/index.php\/wp-json\/wp\/v2\/media?parent=2948"}],"wp:term":[{"taxonomy":"product_brand","embeddable":true,"href":"https:\/\/www.positivitee.sk\/index.php\/wp-json\/wp\/v2\/product_brand?post=2948"},{"taxonomy":"product_cat","embeddable":true,"href":"https:\/\/www.positivitee.sk\/index.php\/wp-json\/wp\/v2\/product_cat?post=2948"},{"taxonomy":"product_tag","embeddable":true,"href":"https:\/\/www.positivitee.sk\/index.php\/wp-json\/wp\/v2\/product_tag?post=2948"}],"curies":[{"name":"wp","href":"https:\/\/api.w.org\/{rel}","templated":true}]}}