{"id":2974,"date":"2020-01-27T04:39:39","date_gmt":"2020-01-27T04:39:39","guid":{"rendered":"https:\/\/www.positivitee.sk\/?post_type=product&#038;p=2974"},"modified":"2024-12-10T09:59:40","modified_gmt":"2024-12-10T09:59:40","slug":"premium-tea-havajsky-koktail-100g","status":"publish","type":"product","link":"https:\/\/www.positivitee.sk\/index.php\/product\/premium-tea-havajsky-koktail-100g\/","title":{"rendered":"Premium Tea &#8211; HAVAJSK\u00dd KOKTAIL, 100g"},"content":{"rendered":"<p><code>5541<\/code>HAVAJSK\u00dd KOKTAIL, 100g.<img decoding=\"async\" src=\"https:\/\/www.positivitee.sk\/img\/Premium\/00-05541_stamm_2.jpg\" alt=\"HAVAJSK\u00dd KOKTAIL\" \/><\/p>\n<p>Exotick\u00e1 ovocn\u00e1 zmes ibi\u0161teka, \u0161\u00edpok, r\u00edbezl\u00ed, k\u00faskov anan\u00e1su, pap\u00e1je a manga, zjemnen\u00e1 k\u00f4rou pomaran\u010dov a pr\u00edrodnou ar\u00f3mou zrel\u00fdch brosk\u00fd\u0148 a manga.<\/p>\n<p>bohatej chute a farby. Ovocn\u00e1 \u0161\u00e1lka, skvel\u00fd aj na pr\u00edpravu \u013eadov\u00e9ho \u010daju.<\/p>\n<p>Zlo\u017eenie: ibi\u0161tek, \u0161\u00edpky, r\u00edbezle, k\u00fasky kandizovan\u00e9ho anan\u00e1su, pap\u00e1je a manga, k\u00f4ra a pr\u00edrodn\u00e1 ar\u00f3ma ovocia.<\/p>\n<p>Pr\u00edprava: 1 \u010dajov\u00fa ly\u017ei\u010dku (2g) \u010daju zalejeme 2,5dl vriacej vody. L\u00fahujte 5 a\u017e 8 min\u00fat.<\/p>\n","protected":false},"excerpt":{"rendered":"<p>5541 HAVAJSK\u00dd KOKTAIL, 100g.<\/p>\n","protected":false},"featured_media":2975,"template":"","meta":{"jetpack_post_was_ever_published":false,"jetpack_publicize_message":"","jetpack_publicize_feature_enabled":true,"jetpack_social_post_already_shared":true,"jetpack_social_options":{"image_generator_settings":{"template":"highway","default_image_id":0,"font":"","enabled":false},"version":2}},"product_brand":[],"product_cat":[50,72],"product_tag":[],"class_list":{"0":"post-2974","1":"product","2":"type-product","3":"status-publish","4":"has-post-thumbnail","6":"product_cat-premium-caje","7":"product_cat-ovocne","9":"first","10":"instock","11":"shipping-taxable","12":"purchasable","13":"product-type-simple"},"jetpack_publicize_connections":[],"jetpack_sharing_enabled":true,"_links":{"self":[{"href":"https:\/\/www.positivitee.sk\/index.php\/wp-json\/wp\/v2\/product\/2974","targetHints":{"allow":["GET"]}}],"collection":[{"href":"https:\/\/www.positivitee.sk\/index.php\/wp-json\/wp\/v2\/product"}],"about":[{"href":"https:\/\/www.positivitee.sk\/index.php\/wp-json\/wp\/v2\/types\/product"}],"wp:featuredmedia":[{"embeddable":true,"href":"https:\/\/www.positivitee.sk\/index.php\/wp-json\/wp\/v2\/media\/2975"}],"wp:attachment":[{"href":"https:\/\/www.positivitee.sk\/index.php\/wp-json\/wp\/v2\/media?parent=2974"}],"wp:term":[{"taxonomy":"product_brand","embeddable":true,"href":"https:\/\/www.positivitee.sk\/index.php\/wp-json\/wp\/v2\/product_brand?post=2974"},{"taxonomy":"product_cat","embeddable":true,"href":"https:\/\/www.positivitee.sk\/index.php\/wp-json\/wp\/v2\/product_cat?post=2974"},{"taxonomy":"product_tag","embeddable":true,"href":"https:\/\/www.positivitee.sk\/index.php\/wp-json\/wp\/v2\/product_tag?post=2974"}],"curies":[{"name":"wp","href":"https:\/\/api.w.org\/{rel}","templated":true}]}}