{"id":2996,"date":"2020-01-27T18:53:48","date_gmt":"2020-01-27T18:53:48","guid":{"rendered":"https:\/\/www.positivitee.sk\/?post_type=product&#038;p=2996"},"modified":"2022-12-07T19:13:44","modified_gmt":"2022-12-07T19:13:44","slug":"forlife-tea-for-one-cervena-objem-347ml","status":"publish","type":"product","link":"https:\/\/www.positivitee.sk\/index.php\/product\/forlife-tea-for-one-cervena-objem-347ml\/","title":{"rendered":"ForLife &#8211; Tea for One, \u010derven\u00e1, objem \u010dajn\u00edka 347ml"},"content":{"rendered":"<p>ForLife \u2013 Tea for One, \u010derven\u00e1, objem \u010dajn\u00edka 347ml.<img decoding=\"async\" src=\"https:\/\/www.positivitee.sk\/img\/ForLife\/347_RED_1.jpg\" alt=\"Tea for One, \u010derven\u00e1\" \/><\/p>\n<p>Tea for One zna\u010dky ForLife Design, objem \u010dajn\u00edka = objem hrn\u010deka, 347 ml. S\u00fa\u010dastou je hlbok\u00e9, jemne v\u0155tan\u00e9 s\u00edtko (priemer dier 2 mm). Farba \u010cERVEN\u00c1.<\/p>\n<p>Jednoduch\u00e1 a \u010dist\u00e1 pr\u00edprava senza\u010dnej \u0161\u00e1lky \u010daju. Praktick\u00e9 uskladnenie a nahrievanie \u0161\u00e1lky po\u010das l\u00fahovania \u010daju. \u0160t\u00fdlov\u00e9 s\u00edtko s jemne v\u0155tan\u00fdmi otvormi umo\u017en\u00ed \u00faplne rozvinutie \u010dajov\u00e9ho l\u00edstku a uvo\u013enenie ar\u00f3my a chuti. Vhodn\u00e9 aj na pr\u00edpravu rooibosu a \u010fal\u0161\u00edch \u010dajov s drobn\u00fdmi l\u00edstkami. Vykl\u00e1pacia pokrievka na \u010dajn\u00edku.<\/p>\n<p><a href=\"https:\/\/www.forlifedesign.com\/\" target=\"_blank\" rel=\"noopener noreferrer\"><br \/>\n<img decoding=\"async\" src=\"https:\/\/www.positivitee.sk\/img\/ForLife\/logo_300x300.png\" alt=\"FORLIFE\" \/><br \/>\n<\/a><\/p>\n","protected":false},"excerpt":{"rendered":"<p>ForLife \u2013 Tea for One, \u010derven\u00e1, objem 347ml.<\/p>\n","protected":false},"featured_media":2997,"template":"","meta":{"jetpack_post_was_ever_published":false,"jetpack_publicize_message":"","jetpack_publicize_feature_enabled":true,"jetpack_social_post_already_shared":true,"jetpack_social_options":{"image_generator_settings":{"template":"highway","default_image_id":0,"font":"","enabled":false},"version":2}},"product_brand":[],"product_cat":[58],"product_tag":[],"class_list":{"0":"post-2996","1":"product","2":"type-product","3":"status-publish","4":"has-post-thumbnail","6":"product_cat-forlife","8":"first","9":"outofstock","10":"shipping-taxable","11":"purchasable","12":"product-type-simple"},"jetpack_publicize_connections":[],"jetpack_sharing_enabled":true,"_links":{"self":[{"href":"https:\/\/www.positivitee.sk\/index.php\/wp-json\/wp\/v2\/product\/2996","targetHints":{"allow":["GET"]}}],"collection":[{"href":"https:\/\/www.positivitee.sk\/index.php\/wp-json\/wp\/v2\/product"}],"about":[{"href":"https:\/\/www.positivitee.sk\/index.php\/wp-json\/wp\/v2\/types\/product"}],"wp:featuredmedia":[{"embeddable":true,"href":"https:\/\/www.positivitee.sk\/index.php\/wp-json\/wp\/v2\/media\/2997"}],"wp:attachment":[{"href":"https:\/\/www.positivitee.sk\/index.php\/wp-json\/wp\/v2\/media?parent=2996"}],"wp:term":[{"taxonomy":"product_brand","embeddable":true,"href":"https:\/\/www.positivitee.sk\/index.php\/wp-json\/wp\/v2\/product_brand?post=2996"},{"taxonomy":"product_cat","embeddable":true,"href":"https:\/\/www.positivitee.sk\/index.php\/wp-json\/wp\/v2\/product_cat?post=2996"},{"taxonomy":"product_tag","embeddable":true,"href":"https:\/\/www.positivitee.sk\/index.php\/wp-json\/wp\/v2\/product_tag?post=2996"}],"curies":[{"name":"wp","href":"https:\/\/api.w.org\/{rel}","templated":true}]}}