{"id":3000,"date":"2020-01-27T19:20:21","date_gmt":"2020-01-27T19:20:21","guid":{"rendered":"https:\/\/www.positivitee.sk\/?post_type=product&#038;p=3000"},"modified":"2020-12-21T19:54:09","modified_gmt":"2020-12-21T19:54:09","slug":"qdo-cajnik-glazovana-kamenina-1l","status":"publish","type":"product","link":"https:\/\/www.positivitee.sk\/index.php\/product\/qdo-cajnik-glazovana-kamenina-1l\/","title":{"rendered":"QDO &#8211; \u010cajn\u00edk, glazovan\u00e1 kamenina, objem 1l"},"content":{"rendered":"<p>QDO &#8211; \u010cajn\u00edk, glazovan\u00e1 kamenina, objem 1l.<img decoding=\"async\" src=\"https:\/\/www.positivitee.sk\/img\/QDO\/QDO-1.png\" alt=\"\u010cajn\u00edk, glazovan\u00e1 kamenina, tyrkysov\u00e1\" \/><\/p>\n<p>Vysokokvalitn\u00fd, modern\u00fd kameninov\u00fd \u010dajn\u00edk zna\u010dky QDO, vr\u00e1tane integrovan\u00e9ho s\u00edtka, objem \u010dajn\u00edka 1 liter.<\/p>\n<p>&#8211; materi\u00e1l glazovan\u00e1 kamenina<br \/>\n&#8211; kvalitne plastov\u00e9 v\u0155tan\u00e9 s\u00edtko<br \/>\n&#8211; v ponuke tyrkysov\u00e1<\/p>\n<p><a href=\"https:\/\/qdo.dk\/\" target=\"_blank\" rel=\"noopener noreferrer\"><br \/>\n<img decoding=\"async\" src=\"https:\/\/www.positivitee.sk\/img\/QDO\/qdo_logo_150x.png\" alt=\"QDO\" \/><br \/>\n<\/a><\/p>\n","protected":false},"excerpt":{"rendered":"<p>QDO &#8211; \u010cajn\u00edk, glazovan\u00e1 kamenina, objem 1l.<\/p>\n","protected":false},"featured_media":3001,"template":"","meta":{"jetpack_post_was_ever_published":false,"jetpack_publicize_message":"","jetpack_publicize_feature_enabled":true,"jetpack_social_post_already_shared":true,"jetpack_social_options":{"image_generator_settings":{"template":"highway","default_image_id":0,"font":"","enabled":false},"version":2}},"product_brand":[],"product_cat":[89],"product_tag":[],"class_list":{"0":"post-3000","1":"product","2":"type-product","3":"status-publish","4":"has-post-thumbnail","6":"product_cat-qdo","8":"first","9":"outofstock","10":"shipping-taxable","11":"purchasable","12":"product-type-simple"},"jetpack_publicize_connections":[],"jetpack_sharing_enabled":true,"_links":{"self":[{"href":"https:\/\/www.positivitee.sk\/index.php\/wp-json\/wp\/v2\/product\/3000","targetHints":{"allow":["GET"]}}],"collection":[{"href":"https:\/\/www.positivitee.sk\/index.php\/wp-json\/wp\/v2\/product"}],"about":[{"href":"https:\/\/www.positivitee.sk\/index.php\/wp-json\/wp\/v2\/types\/product"}],"wp:featuredmedia":[{"embeddable":true,"href":"https:\/\/www.positivitee.sk\/index.php\/wp-json\/wp\/v2\/media\/3001"}],"wp:attachment":[{"href":"https:\/\/www.positivitee.sk\/index.php\/wp-json\/wp\/v2\/media?parent=3000"}],"wp:term":[{"taxonomy":"product_brand","embeddable":true,"href":"https:\/\/www.positivitee.sk\/index.php\/wp-json\/wp\/v2\/product_brand?post=3000"},{"taxonomy":"product_cat","embeddable":true,"href":"https:\/\/www.positivitee.sk\/index.php\/wp-json\/wp\/v2\/product_cat?post=3000"},{"taxonomy":"product_tag","embeddable":true,"href":"https:\/\/www.positivitee.sk\/index.php\/wp-json\/wp\/v2\/product_tag?post=3000"}],"curies":[{"name":"wp","href":"https:\/\/api.w.org\/{rel}","templated":true}]}}