{"id":3005,"date":"2020-01-27T19:33:54","date_gmt":"2020-01-27T19:33:54","guid":{"rendered":"https:\/\/www.positivitee.sk\/?post_type=product&#038;p=3005"},"modified":"2026-04-07T18:30:26","modified_gmt":"2026-04-07T18:30:26","slug":"bredemeijer-duet-bella-ronde-obsah-1-2l","status":"publish","type":"product","link":"https:\/\/www.positivitee.sk\/index.php\/product\/bredemeijer-duet-bella-ronde-obsah-1-2l\/","title":{"rendered":"Bredemeijer &#8211; \u010cajov\u00fd set Duet\u00ae Bella Ronde, objem \u010dajn\u00edka 1.2l"},"content":{"rendered":"<p>Bredemeijer &#8211; \u010cajov\u00fd set Duet\u00ae Bella Ronde, objem \u010dajn\u00edka 1.2l.<img decoding=\"async\" src=\"https:\/\/www.positivitee.sk\/img\/Bredemeijer\/ duet bella ronde wood.jpg\" alt=\"Duet Bella Ronde, set\" \/><\/p>\n<p>\u010cajov\u00fd set holandskej zna\u010dky BREDEMEIJER\u00ae zalo\u017eenej v roku 1914. Objem \u010dajn\u00edka: 1,2 liter.<br \/>\nMateri\u00e1l \u010dajn\u00edka: nerezov\u00e1 oce\u013e, materi\u00e1l \u00fachytiek: drevo.<\/p>\n<p>\u010cajn\u00edk Duet\u00ae Bella Ronde, dvojstenn\u00fd \u010dajn\u00edk holandskej zna\u010dky BREDEMEIJER\u00ae. Mnoho rokov najpopul\u00e1rnej\u0161\u00ed model tejto zna\u010dky a v\u00fd\u0165az mnoh\u00fdch medzin\u00e1rodn\u00fdch design\u00e9rkych s\u00fa\u0165a\u017ei, design od Tassilo von Grolman.<\/p>\n<p>\u010cajn\u00edk s dvojitou izol\u00e1coiu garantuje ide\u00e1lnu teplotu n\u00e1poja, \u010daj ostatne dlh\u0161ie tepl\u00fd \u010d\u00edm si zachov\u00e1 kvalitu a ar\u00f3mu. \u0160peci\u00e1lne navrhnut\u00e1 v\u00fdlevka sa postar\u00e1 o bezchybn\u00e9 nalievanie, bez kvapiek na obruse.<\/p>\n<p>S\u00fa\u010das\u0165ou setu je mlie\u010dnik, cukorni\u010dka a 4 ks poh\u00e1rov (objem 2,5 dl).<\/p>\n<p><a href=\"https:\/\/www.bredemeijer.com\/\" target=\"_blank\" rel=\"noopener noreferrer\"><br \/>\n<img decoding=\"async\" src=\"https:\/\/www.positivitee.sk\/img\/Bredemeijer\/312x74_298-bredemeijer_logo.jpg\" alt=\"Bredemeijer\" \/><br \/>\n<\/a><\/p>\n","protected":false},"excerpt":{"rendered":"<p>BREDEMEIJER\u00ae- Duet\u00ae Bella Ronde, objem \u010dajn\u00edka 1.2l.<\/p>\n","protected":false},"featured_media":3006,"template":"","meta":{"jetpack_post_was_ever_published":false,"jetpack_publicize_message":"","jetpack_publicize_feature_enabled":true,"jetpack_social_post_already_shared":true,"jetpack_social_options":{"image_generator_settings":{"template":"highway","default_image_id":0,"font":"","enabled":false},"version":2}},"product_brand":[],"product_cat":[57],"product_tag":[],"class_list":{"0":"post-3005","1":"product","2":"type-product","3":"status-publish","4":"has-post-thumbnail","6":"product_cat-bredemeijer","8":"first","9":"instock","10":"shipping-taxable","11":"purchasable","12":"product-type-simple"},"jetpack_publicize_connections":[],"jetpack_sharing_enabled":true,"_links":{"self":[{"href":"https:\/\/www.positivitee.sk\/index.php\/wp-json\/wp\/v2\/product\/3005","targetHints":{"allow":["GET"]}}],"collection":[{"href":"https:\/\/www.positivitee.sk\/index.php\/wp-json\/wp\/v2\/product"}],"about":[{"href":"https:\/\/www.positivitee.sk\/index.php\/wp-json\/wp\/v2\/types\/product"}],"wp:featuredmedia":[{"embeddable":true,"href":"https:\/\/www.positivitee.sk\/index.php\/wp-json\/wp\/v2\/media\/3006"}],"wp:attachment":[{"href":"https:\/\/www.positivitee.sk\/index.php\/wp-json\/wp\/v2\/media?parent=3005"}],"wp:term":[{"taxonomy":"product_brand","embeddable":true,"href":"https:\/\/www.positivitee.sk\/index.php\/wp-json\/wp\/v2\/product_brand?post=3005"},{"taxonomy":"product_cat","embeddable":true,"href":"https:\/\/www.positivitee.sk\/index.php\/wp-json\/wp\/v2\/product_cat?post=3005"},{"taxonomy":"product_tag","embeddable":true,"href":"https:\/\/www.positivitee.sk\/index.php\/wp-json\/wp\/v2\/product_tag?post=3005"}],"curies":[{"name":"wp","href":"https:\/\/api.w.org\/{rel}","templated":true}]}}