{"id":3048,"date":"2020-01-29T05:29:26","date_gmt":"2020-01-29T05:29:26","guid":{"rendered":"https:\/\/www.positivitee.sk\/?post_type=product&#038;p=3048"},"modified":"2021-11-02T12:48:13","modified_gmt":"2021-11-02T12:48:13","slug":"asa-cajnik-kostny-porcelan-objem-1l","status":"publish","type":"product","link":"https:\/\/www.positivitee.sk\/index.php\/product\/asa-cajnik-kostny-porcelan-objem-1l\/","title":{"rendered":"ASA &#8211; \u010cajn\u00edk, kostn\u00fd porcel\u00e1n, objem 1l"},"content":{"rendered":"<p>ASA &#8211; \u010cajn\u00edk, kostn\u00fd porcel\u00e1n, objem 1l.<\/p>\n<p><img decoding=\"async\" src=\"https:\/\/www.positivitee.sk\/wp-content\/uploads\/2020\/01\/ASA-300x300.jpg\" \/><\/p>\n<p>Kr\u00e1sny biely \u010dajn\u00edk z kostn\u00e9ho porcel\u00e1nu zna\u010dky ASA, vr\u00e1tane integrovan\u00e9ho s\u00edtka, objem \u010dajn\u00edka 1 liter.<\/p>\n<p>&#8211; materi\u00e1l kostn\u00fd porcel\u00e1n<br \/>\n&#8211; kvalitn\u00e9 jemn\u00e9 tkan\u00e9 s\u00edtko<\/p>\n","protected":false},"excerpt":{"rendered":"<p>ASA &#8211; \u010cajn\u00edk, kostn\u00fd porcel\u00e1n, objem 1l.<\/p>\n","protected":false},"featured_media":3049,"template":"","meta":{"jetpack_post_was_ever_published":false,"jetpack_publicize_message":"","jetpack_publicize_feature_enabled":true,"jetpack_social_post_already_shared":true,"jetpack_social_options":{"image_generator_settings":{"template":"highway","default_image_id":0,"font":"","enabled":false},"version":2}},"product_brand":[],"product_cat":[88],"product_tag":[],"class_list":{"0":"post-3048","1":"product","2":"type-product","3":"status-publish","4":"has-post-thumbnail","6":"product_cat-asa","8":"first","9":"instock","10":"shipping-taxable","11":"purchasable","12":"product-type-simple"},"jetpack_publicize_connections":[],"jetpack_sharing_enabled":true,"_links":{"self":[{"href":"https:\/\/www.positivitee.sk\/index.php\/wp-json\/wp\/v2\/product\/3048","targetHints":{"allow":["GET"]}}],"collection":[{"href":"https:\/\/www.positivitee.sk\/index.php\/wp-json\/wp\/v2\/product"}],"about":[{"href":"https:\/\/www.positivitee.sk\/index.php\/wp-json\/wp\/v2\/types\/product"}],"wp:featuredmedia":[{"embeddable":true,"href":"https:\/\/www.positivitee.sk\/index.php\/wp-json\/wp\/v2\/media\/3049"}],"wp:attachment":[{"href":"https:\/\/www.positivitee.sk\/index.php\/wp-json\/wp\/v2\/media?parent=3048"}],"wp:term":[{"taxonomy":"product_brand","embeddable":true,"href":"https:\/\/www.positivitee.sk\/index.php\/wp-json\/wp\/v2\/product_brand?post=3048"},{"taxonomy":"product_cat","embeddable":true,"href":"https:\/\/www.positivitee.sk\/index.php\/wp-json\/wp\/v2\/product_cat?post=3048"},{"taxonomy":"product_tag","embeddable":true,"href":"https:\/\/www.positivitee.sk\/index.php\/wp-json\/wp\/v2\/product_tag?post=3048"}],"curies":[{"name":"wp","href":"https:\/\/api.w.org\/{rel}","templated":true}]}}