{"id":3073,"date":"2020-01-30T05:56:17","date_gmt":"2020-01-30T05:56:17","guid":{"rendered":"https:\/\/www.positivitee.sk\/?post_type=product&#038;p=3073"},"modified":"2025-04-09T14:55:02","modified_gmt":"2025-04-09T14:55:02","slug":"vannucci-cokolada-plnena-kavou-35g","status":"publish","type":"product","link":"https:\/\/www.positivitee.sk\/index.php\/product\/vannucci-cokolada-plnena-kavou-35g\/","title":{"rendered":"Vannucci &#8211; \u010cOKOL\u00c1DA PLNEN\u00c1 K\u00c1VOU, 35g"},"content":{"rendered":"<p><code>1-013<\/code>\u010cOKOL\u00c1DA PLNEN\u00c1 K\u00c1VOU, 35g.<img decoding=\"async\" src=\"https:\/\/www.positivitee.sk\/img\/Vannucci\/Sfogliatine_caffe_-200x190.jpg\" alt=\"\u010cOKOL\u00c1DA PLNEN\u00c1 K\u00c1VOU\" \/><\/p>\n<p>EXTRA TMAV\u00c1 \u010cOKOL\u00c1DA PLNEN\u00c1 K\u00c1VOU, Obsah kakaa min. 58%.<\/p>\n<p>Zlo\u017eenie: kakaov\u00e1 hmota, cukor, <strong>smotana<\/strong>, kakaov\u00e9 maslo, invertn\u00fd cukrov\u00fd sirup, k\u00e1va 3%, <strong>lieskovce<\/strong>, <strong>maslo<\/strong>, plnotu\u010dn\u00e9 pr\u00e1\u0161kov\u00e9 mlieko, <strong>s\u00f3jov\u00fd<\/strong><br \/>\nlecit\u00edn, pr\u00e1\u0161kov\u00e1 pr\u00edrodn\u00e1 vanilka, stabiliz\u00e1tor: invert\u00e1za. M\u00f4\u017ee obsahova\u0165 <strong>mandle<\/strong> a <strong>p\u0161enicu<\/strong>.<\/p>\n<p>Nutri\u010dn\u00e9 hodnoty na 100g produktu: energia 2164 kJ\/517 kcal, tuk 36g z toho nas\u00fdten\u00e9 22g, uhlohydr\u00e1ty 41g z toho cukor 12g, bielkoviny 8,1g, so\u013e 0,1g (d\u00f4sledok prirodzen\u00e9ho v\u00fdskytu sod\u00edka).<\/p>\n<p>Krajina p\u00f4vodu: Taliansko.<\/p>\n<p><a href=\"http:\/\/www.vannuccichocolates.com\" target=\"_blank\" rel=\"noopener noreferrer\"><br \/>\n<img decoding=\"async\" src=\"https:\/\/www.positivitee.sk\/img\/Vannucci\/vann1_300x300.png\" alt=\"Vannucci il Cioccolato\" \/><br \/>\n<\/a><\/p>\n","protected":false},"excerpt":{"rendered":"<p>1-013 \u010cOKOL\u00c1DA PLNEN\u00c1 K\u00c1VOU, 35g.<\/p>\n","protected":false},"featured_media":3074,"template":"","meta":{"jetpack_post_was_ever_published":false,"jetpack_publicize_message":"","jetpack_publicize_feature_enabled":true,"jetpack_social_post_already_shared":true,"jetpack_social_options":{"image_generator_settings":{"template":"highway","default_image_id":0,"font":"","enabled":false},"version":2}},"product_brand":[],"product_cat":[41],"product_tag":[],"class_list":{"0":"post-3073","1":"product","2":"type-product","3":"status-publish","4":"has-post-thumbnail","6":"product_cat-vannucci-il-cioccolato","8":"first","9":"instock","10":"shipping-taxable","11":"purchasable","12":"product-type-simple"},"jetpack_publicize_connections":[],"jetpack_sharing_enabled":true,"_links":{"self":[{"href":"https:\/\/www.positivitee.sk\/index.php\/wp-json\/wp\/v2\/product\/3073","targetHints":{"allow":["GET"]}}],"collection":[{"href":"https:\/\/www.positivitee.sk\/index.php\/wp-json\/wp\/v2\/product"}],"about":[{"href":"https:\/\/www.positivitee.sk\/index.php\/wp-json\/wp\/v2\/types\/product"}],"wp:featuredmedia":[{"embeddable":true,"href":"https:\/\/www.positivitee.sk\/index.php\/wp-json\/wp\/v2\/media\/3074"}],"wp:attachment":[{"href":"https:\/\/www.positivitee.sk\/index.php\/wp-json\/wp\/v2\/media?parent=3073"}],"wp:term":[{"taxonomy":"product_brand","embeddable":true,"href":"https:\/\/www.positivitee.sk\/index.php\/wp-json\/wp\/v2\/product_brand?post=3073"},{"taxonomy":"product_cat","embeddable":true,"href":"https:\/\/www.positivitee.sk\/index.php\/wp-json\/wp\/v2\/product_cat?post=3073"},{"taxonomy":"product_tag","embeddable":true,"href":"https:\/\/www.positivitee.sk\/index.php\/wp-json\/wp\/v2\/product_tag?post=3073"}],"curies":[{"name":"wp","href":"https:\/\/api.w.org\/{rel}","templated":true}]}}