{"id":3076,"date":"2020-01-30T06:07:00","date_gmt":"2020-01-30T06:07:00","guid":{"rendered":"https:\/\/www.positivitee.sk\/?post_type=product&#038;p=3076"},"modified":"2025-04-09T14:55:32","modified_gmt":"2025-04-09T14:55:32","slug":"vannucci-cokolada-plnena-kokosom-35g","status":"publish","type":"product","link":"https:\/\/www.positivitee.sk\/index.php\/product\/vannucci-cokolada-plnena-kokosom-35g\/","title":{"rendered":"Vannucci &#8211; \u010cOKOL\u00c1DA PLNEN\u00c1 KOKOSOM, 35g"},"content":{"rendered":"<p><code>1-017<\/code>\u010cOKOL\u00c1DA PLNEN\u00c1 KOKOSOM, 35g.<img decoding=\"async\" src=\"https:\/\/www.positivitee.sk\/img\/Vannucci\/Sfogliatine_cocco.jpg\" alt=\"\u010cOKOL\u00c1DA PLNEN\u00c1 KOKOSOM\" \/><\/p>\n<p>EXTRA TMAV\u00c1 \u010cOKOL\u00c1DA PLNEN\u00c1 KOKOSOM, Obsah kakaa min. 58%.<\/p>\n<p>Zlo\u017eenie: cukor, kakaov\u00e1 hmota, <strong>mandle<\/strong>, str\u00fahan\u00fd kokos 8.5%, gluk\u00f3zov\u00fd sirup, kakaov\u00e9 maslo, odtu\u010dnen\u00e9 pr\u00e1\u0161kov\u00e9 <strong>mlieko<\/strong>, <strong>maslo<\/strong>, invert\u00e1za, <strong>s\u00f3jov\u00fd<\/strong> lecit\u00edn, pr\u00e1\u0161kov\u00e1 pr\u00edrodn\u00e1 vanilka. M\u00f4\u017ee obsahova\u0165stopy \u010fal\u0161\u00edch <strong>orechov<\/strong>.<\/p>\n<p>Nutri\u010dn\u00e9 hodnoty na 100g produktu: energia 2370 kJ\/566 kcal, tuk 37,3g z toho nas\u00fdten\u00e9 22,5g, uhlohydr\u00e1ty 47,2g z toho cukor 46,2g, bielkoviny 8,8g, so\u013e 0,025g.<\/p>\n<p>Krajina p\u00f4vodu: Taliansko.<\/p>\n<p><a href=\"http:\/\/www.vannuccichocolates.com\" target=\"_blank\" rel=\"noopener noreferrer\"><br \/>\n<img decoding=\"async\" src=\"https:\/\/www.positivitee.sk\/img\/Vannucci\/vann1_300x300.png\" alt=\"Vannucci il Cioccolato\" \/><br \/>\n<\/a><\/p>\n","protected":false},"excerpt":{"rendered":"<p>1-017 \u010cOKOL\u00c1DA PLNEN\u00c1 KOKOSOM, 35g.<\/p>\n","protected":false},"featured_media":3077,"template":"","meta":{"jetpack_post_was_ever_published":false,"jetpack_publicize_message":"","jetpack_publicize_feature_enabled":true,"jetpack_social_post_already_shared":true,"jetpack_social_options":{"image_generator_settings":{"template":"highway","default_image_id":0,"font":"","enabled":false},"version":2}},"product_brand":[],"product_cat":[41],"product_tag":[],"class_list":{"0":"post-3076","1":"product","2":"type-product","3":"status-publish","4":"has-post-thumbnail","6":"product_cat-vannucci-il-cioccolato","8":"first","9":"instock","10":"shipping-taxable","11":"purchasable","12":"product-type-simple"},"jetpack_publicize_connections":[],"jetpack_sharing_enabled":true,"_links":{"self":[{"href":"https:\/\/www.positivitee.sk\/index.php\/wp-json\/wp\/v2\/product\/3076","targetHints":{"allow":["GET"]}}],"collection":[{"href":"https:\/\/www.positivitee.sk\/index.php\/wp-json\/wp\/v2\/product"}],"about":[{"href":"https:\/\/www.positivitee.sk\/index.php\/wp-json\/wp\/v2\/types\/product"}],"wp:featuredmedia":[{"embeddable":true,"href":"https:\/\/www.positivitee.sk\/index.php\/wp-json\/wp\/v2\/media\/3077"}],"wp:attachment":[{"href":"https:\/\/www.positivitee.sk\/index.php\/wp-json\/wp\/v2\/media?parent=3076"}],"wp:term":[{"taxonomy":"product_brand","embeddable":true,"href":"https:\/\/www.positivitee.sk\/index.php\/wp-json\/wp\/v2\/product_brand?post=3076"},{"taxonomy":"product_cat","embeddable":true,"href":"https:\/\/www.positivitee.sk\/index.php\/wp-json\/wp\/v2\/product_cat?post=3076"},{"taxonomy":"product_tag","embeddable":true,"href":"https:\/\/www.positivitee.sk\/index.php\/wp-json\/wp\/v2\/product_tag?post=3076"}],"curies":[{"name":"wp","href":"https:\/\/api.w.org\/{rel}","templated":true}]}}