{"id":310,"date":"2019-04-09T14:23:48","date_gmt":"2019-04-09T14:23:48","guid":{"rendered":"http:\/\/www.demmer.sk\/?post_type=product&#038;p=310"},"modified":"2025-04-11T07:24:17","modified_gmt":"2025-04-11T07:24:17","slug":"vannucci-rondo-nocciole-specialita-z-mliecnej-cokolady-plnena-lieskovcami-a-celymi-lieskovcami-v-cukre","status":"publish","type":"product","link":"https:\/\/www.positivitee.sk\/index.php\/product\/vannucci-rondo-nocciole-specialita-z-mliecnej-cokolady-plnena-lieskovcami-a-celymi-lieskovcami-v-cukre\/","title":{"rendered":"Vannucci &#8211; Rond\u00f2 nocciole, Remeseln\u00e1 \u010dokol\u00e1da plnen\u00e1 lieskovcami a cel\u00fdmi lieskovcami v cukre 250 g"},"content":{"rendered":"<p><code>1-593<\/code>Rond\u00f2 nocciole, Remeseln\u00e1 \u010dokol\u00e1da plnen\u00e1 lieskovcami a cel\u00fdmi lieskovcami v cukre, 250g.<\/p>\n<p><img loading=\"lazy\" decoding=\"async\" class=\"attachment-266x266 size-266x266\" src=\"https:\/\/www.positivitee.sk\/wp-content\/uploads\/2019\/04\/rondo_velke_nocciolato1-324x324.png\" sizes=\"auto, (max-width: 266px) 100vw, 266px\" srcset=\"https:\/\/www.positivitee.sk\/wp-content\/uploads\/2019\/04\/rondo_velke_nocciolato1-324x324.png 324w, https:\/\/www.positivitee.sk\/wp-content\/uploads\/2019\/04\/rondo_velke_nocciolato1-150x150.png 150w, https:\/\/www.positivitee.sk\/wp-content\/uploads\/2019\/04\/rondo_velke_nocciolato1-100x100.png 100w\" alt=\"\" width=\"266\" height=\"266\" \/><\/p>\n<p>Remeseln\u00e1 \u010dokol\u00e1da: obsah kakaa: 32% min.<br \/>\nZlo\u017eenie: kakaov\u00e1 hmota, cukor,, cel\u00e9 <strong>lieskovce<\/strong> (14%) s cukrom (2%), pr\u00e1\u0161kov\u00fd cukor (cukor, kukuri\u010dn\u00fd \u0161krob ) 10,3%, plnotu\u010dn\u00e9 pr\u00e1\u0161kov\u00e9 <strong>mlieko<\/strong>, kakaov\u00e9 maslo, <strong>maslo<\/strong>, emulg\u00e1tor: <strong>s\u00f3jov\u00fd<\/strong> lecit\u00edn, pr\u00edrodn\u00fd vanilkov\u00fd pr\u00e1\u0161ok, invert\u00e1za. M\u00f4\u017ee obsahova\u0165 stopy <strong>orechov<\/strong>.<br \/>\nNutri\u010dn\u00e9 hodnoty na 100g produktu: energia 2545 kJ\/608 kcal, tuk 44,5g z toho nas\u00fdten\u00e9 16,3g, uh\u013eohydr\u00e1ty 42,7g z toho cukor 36,7g, bielkoviny 9,3g, so\u013e 0,01g (v\u00fdlu\u010dne ako d\u00f4sledok prirodzenej pr\u00edtomnosti sod\u00edka).<\/p>\n<p><a href=\"http:\/\/www.vannuccichocolates.com\" target=\"_blank\" rel=\"noopener noreferrer\"><br \/>\n<img decoding=\"async\" src=\"https:\/\/www.positivitee.sk\/img\/Vannucci\/vann1_300x300.png\" alt=\"Vannucci il Cioccolato\" \/><br \/>\n<\/a><\/p>\n","protected":false},"excerpt":{"rendered":"<p>1-593 Rond\u00f2 nocciole, Remeseln\u00e1 \u010dokol\u00e1da plnen\u00e1 lieskovcami a cel\u00fdmi lieskovcami v cukre, 250g.<\/p>\n","protected":false},"featured_media":4540,"template":"","meta":{"jetpack_post_was_ever_published":false,"jetpack_publicize_message":"","jetpack_publicize_feature_enabled":true,"jetpack_social_post_already_shared":true,"jetpack_social_options":{"image_generator_settings":{"template":"highway","default_image_id":0,"font":"","enabled":false},"version":2}},"product_brand":[],"product_cat":[41],"product_tag":[],"class_list":{"0":"post-310","1":"product","2":"type-product","3":"status-publish","4":"has-post-thumbnail","6":"product_cat-vannucci-il-cioccolato","8":"first","9":"instock","10":"shipping-taxable","11":"purchasable","12":"product-type-simple"},"jetpack_publicize_connections":[],"jetpack_sharing_enabled":true,"_links":{"self":[{"href":"https:\/\/www.positivitee.sk\/index.php\/wp-json\/wp\/v2\/product\/310","targetHints":{"allow":["GET"]}}],"collection":[{"href":"https:\/\/www.positivitee.sk\/index.php\/wp-json\/wp\/v2\/product"}],"about":[{"href":"https:\/\/www.positivitee.sk\/index.php\/wp-json\/wp\/v2\/types\/product"}],"wp:featuredmedia":[{"embeddable":true,"href":"https:\/\/www.positivitee.sk\/index.php\/wp-json\/wp\/v2\/media\/4540"}],"wp:attachment":[{"href":"https:\/\/www.positivitee.sk\/index.php\/wp-json\/wp\/v2\/media?parent=310"}],"wp:term":[{"taxonomy":"product_brand","embeddable":true,"href":"https:\/\/www.positivitee.sk\/index.php\/wp-json\/wp\/v2\/product_brand?post=310"},{"taxonomy":"product_cat","embeddable":true,"href":"https:\/\/www.positivitee.sk\/index.php\/wp-json\/wp\/v2\/product_cat?post=310"},{"taxonomy":"product_tag","embeddable":true,"href":"https:\/\/www.positivitee.sk\/index.php\/wp-json\/wp\/v2\/product_tag?post=310"}],"curies":[{"name":"wp","href":"https:\/\/api.w.org\/{rel}","templated":true}]}}