{"id":3746,"date":"2020-03-13T06:11:23","date_gmt":"2020-03-13T06:11:23","guid":{"rendered":"https:\/\/www.positivitee.sk\/?post_type=product&#038;p=3746"},"modified":"2026-04-08T07:19:24","modified_gmt":"2026-04-08T07:19:24","slug":"rocca-dubaky-susene-extra-kvalita-50g","status":"publish","type":"product","link":"https:\/\/www.positivitee.sk\/index.php\/product\/rocca-dubaky-susene-extra-kvalita-50g\/","title":{"rendered":"Rocca &#8211; Dub\u00e1ky su\u0161en\u00e9 extra kvalita, 50g"},"content":{"rendered":"<p><code>N610<\/code>Dub\u00e1ky su\u0161en\u00e9 extra kvalita, 50g.<img decoding=\"async\" src=\"http:\/\/www.positivitee.sk\/img\/Rocca\/N610.jpg\" alt=\"Dub\u00e1ky su\u0161en\u00e9 extra kvalita\" \/><\/p>\n<p>Krajina p\u00f4vodu: Taliansko<\/p>\n<p><a href=\"https:\/\/rocca1870.it\/\" target=\"_blank\" rel=\"noopener noreferrer\"><br \/>\n<img decoding=\"async\" src=\"https:\/\/www.positivitee.sk\/img\/Rocca\/rocca-nuovo_300x300.png\" alt=\"Rocca Luigi &amp; Figlio srl\" \/><br \/>\n<\/a><\/p>\n","protected":false},"excerpt":{"rendered":"<p>N610 Dub\u00e1ky su\u0161en\u00e9 extra kvalita, 50g.<\/p>\n","protected":false},"featured_media":3747,"template":"","meta":{"jetpack_post_was_ever_published":false,"jetpack_publicize_message":"","jetpack_publicize_feature_enabled":true,"jetpack_social_post_already_shared":true,"jetpack_social_options":{"image_generator_settings":{"template":"highway","default_image_id":0,"font":"","enabled":false},"version":2}},"product_brand":[],"product_cat":[46],"product_tag":[],"class_list":{"0":"post-3746","1":"product","2":"type-product","3":"status-publish","4":"has-post-thumbnail","6":"product_cat-talianske-pochutky","8":"first","9":"instock","10":"shipping-taxable","11":"purchasable","12":"product-type-simple"},"jetpack_publicize_connections":[],"jetpack_sharing_enabled":true,"_links":{"self":[{"href":"https:\/\/www.positivitee.sk\/index.php\/wp-json\/wp\/v2\/product\/3746","targetHints":{"allow":["GET"]}}],"collection":[{"href":"https:\/\/www.positivitee.sk\/index.php\/wp-json\/wp\/v2\/product"}],"about":[{"href":"https:\/\/www.positivitee.sk\/index.php\/wp-json\/wp\/v2\/types\/product"}],"wp:featuredmedia":[{"embeddable":true,"href":"https:\/\/www.positivitee.sk\/index.php\/wp-json\/wp\/v2\/media\/3747"}],"wp:attachment":[{"href":"https:\/\/www.positivitee.sk\/index.php\/wp-json\/wp\/v2\/media?parent=3746"}],"wp:term":[{"taxonomy":"product_brand","embeddable":true,"href":"https:\/\/www.positivitee.sk\/index.php\/wp-json\/wp\/v2\/product_brand?post=3746"},{"taxonomy":"product_cat","embeddable":true,"href":"https:\/\/www.positivitee.sk\/index.php\/wp-json\/wp\/v2\/product_cat?post=3746"},{"taxonomy":"product_tag","embeddable":true,"href":"https:\/\/www.positivitee.sk\/index.php\/wp-json\/wp\/v2\/product_tag?post=3746"}],"curies":[{"name":"wp","href":"https:\/\/api.w.org\/{rel}","templated":true}]}}