{"id":3748,"date":"2020-03-13T06:23:37","date_gmt":"2020-03-13T06:23:37","guid":{"rendered":"https:\/\/www.positivitee.sk\/?post_type=product&#038;p=3748"},"modified":"2026-04-08T07:19:04","modified_gmt":"2026-04-08T07:19:04","slug":"rocca-pizzoccheri-remeselne-vyrabane-cestoviny-500g","status":"publish","type":"product","link":"https:\/\/www.positivitee.sk\/index.php\/product\/rocca-pizzoccheri-remeselne-vyrabane-cestoviny-500g\/","title":{"rendered":"Rocca &#8211; Pizzoccheri, remeselne vyr\u00e1bane cestoviny, 500g"},"content":{"rendered":"<p><code>X130<\/code>Pizzoccheri, remeselne vyr\u00e1bane cestoviny, 500g.<img decoding=\"async\" src=\"http:\/\/www.positivitee.sk\/img\/Rocca\/X130.jpg\" alt=\"Pizzoccheri\" \/><\/p>\n<p>Zlo\u017eenie: m\u00faka z tvrdej p\u0161enice, poh\u00e1nka mechanicky mlet\u00e9 kame\u0148mi.<\/p>\n<p>N\u00e1vod na pr\u00edpravu: var\u00edme 10 \u2013 12 min\u00fat v dostato\u010dnom mno\u017estve vody.<\/p>\n<p>Pod\u00e1vame premie\u0161an\u00e9 so zeleninou napr. mlad\u00fdm \u0161pen\u00e1tom, \u0161parg\u013eou, zelenou fazu\u013ekou, maslom, parmez\u00e1non, olivami a olivov\u00fdm olejom, \u0161alviou alebo in\u00e9 bylinky pod\u013ea preferenci\u00ed. Tradi\u010dne prid\u00e1me aj zemiaky nakr\u00e1jane na mal\u00e9 kocky a uvaren\u00e9 vo vode.<\/p>\n<p>Krajina p\u00f4vodu: Taliansko<\/p>\n<p><a href=\"https:\/\/rocca1870.it\/\" target=\"_blank\" rel=\"noopener noreferrer\"><br \/>\n<img decoding=\"async\" src=\"https:\/\/www.positivitee.sk\/img\/Rocca\/rocca-nuovo_300x300.png\" alt=\"Rocca Luigi &amp; Figlio srl\" \/><br \/>\n<\/a><\/p>\n","protected":false},"excerpt":{"rendered":"<p>X130 Pizzoccheri, remeselne vyr\u00e1bane cestoviny, 500g.<\/p>\n","protected":false},"featured_media":3749,"template":"","meta":{"jetpack_post_was_ever_published":false,"jetpack_publicize_message":"","jetpack_publicize_feature_enabled":true,"jetpack_social_post_already_shared":true,"jetpack_social_options":{"image_generator_settings":{"template":"highway","default_image_id":0,"font":"","enabled":false},"version":2}},"product_brand":[],"product_cat":[46],"product_tag":[],"class_list":{"0":"post-3748","1":"product","2":"type-product","3":"status-publish","4":"has-post-thumbnail","6":"product_cat-talianske-pochutky","8":"first","9":"instock","10":"shipping-taxable","11":"purchasable","12":"product-type-simple"},"jetpack_publicize_connections":[],"jetpack_sharing_enabled":true,"_links":{"self":[{"href":"https:\/\/www.positivitee.sk\/index.php\/wp-json\/wp\/v2\/product\/3748","targetHints":{"allow":["GET"]}}],"collection":[{"href":"https:\/\/www.positivitee.sk\/index.php\/wp-json\/wp\/v2\/product"}],"about":[{"href":"https:\/\/www.positivitee.sk\/index.php\/wp-json\/wp\/v2\/types\/product"}],"wp:featuredmedia":[{"embeddable":true,"href":"https:\/\/www.positivitee.sk\/index.php\/wp-json\/wp\/v2\/media\/3749"}],"wp:attachment":[{"href":"https:\/\/www.positivitee.sk\/index.php\/wp-json\/wp\/v2\/media?parent=3748"}],"wp:term":[{"taxonomy":"product_brand","embeddable":true,"href":"https:\/\/www.positivitee.sk\/index.php\/wp-json\/wp\/v2\/product_brand?post=3748"},{"taxonomy":"product_cat","embeddable":true,"href":"https:\/\/www.positivitee.sk\/index.php\/wp-json\/wp\/v2\/product_cat?post=3748"},{"taxonomy":"product_tag","embeddable":true,"href":"https:\/\/www.positivitee.sk\/index.php\/wp-json\/wp\/v2\/product_tag?post=3748"}],"curies":[{"name":"wp","href":"https:\/\/api.w.org\/{rel}","templated":true}]}}