{"id":3750,"date":"2020-03-13T06:40:00","date_gmt":"2020-03-13T06:40:00","guid":{"rendered":"https:\/\/www.positivitee.sk\/?post_type=product&#038;p=3750"},"modified":"2026-04-08T07:18:25","modified_gmt":"2026-04-08T07:18:25","slug":"rocca-hubova-fantazia-s-hribom-smrekovym-190g","status":"publish","type":"product","link":"https:\/\/www.positivitee.sk\/index.php\/product\/rocca-hubova-fantazia-s-hribom-smrekovym-190g\/","title":{"rendered":"Rocca &#8211; Hubov\u00e1 fant\u00e1zia s hr\u00edbom smrekov\u00fdm, 190g"},"content":{"rendered":"<p><code>T910<\/code>Hubov\u00e1 fant\u00e1zia s hr\u00edbom smrekov\u00fdm, 190g.<img decoding=\"async\" src=\"http:\/\/www.positivitee.sk\/img\/Rocca\/T910.jpg\" alt=\"Hubov\u00e1 fant\u00e1zia s hr\u00edbom smrekov\u00fdm\" \/><\/p>\n<p>\u010cist\u00e1 hmotnos\u0165 190g.<\/p>\n<p>Doporu\u010dujeme pod\u00e1va\u0165 k syrom, do ry\u017eov\u00e9ho \u0161al\u00e1tu, do cestov\u00edn.<\/p>\n<p>Zlo\u017eenie: zmes h\u00fab 63% (\u0161upina\u010dka menliv\u00e1 nameko &#8211; Pholiota nameko mutabilis, \u0161itak\u00e9 &#8211; h\u00fa\u017eevnatec jedl\u00fd, po\u0161vovec \u010diernovl\u00e1knit\u00fd &#8211; Volvariella volvacea,<br \/>\n\u0161ampi\u00f3n &#8211; Psalliota bispora, hr\u00edb smrekov\u00fd &#8211; Boletus edulis), olivov\u00fd olej 32%, ocot, so\u013e, koreniny, antioxidant: kysekina L askorbov\u00e1, regul\u00e1tor kyslosti: kyselina citr\u00f3nov\u00e1 a mlie\u010dna.<\/p>\n<p>Nutri\u010dn\u00e9 hodnoty na 100g produktu: energia 215 kJ\/52 kcal, tuk 3,5g z toho nas\u00fdten\u00e9 1,3g, uh\u013eohydr\u00e1ty 2,0g z toho cukor 0,46g, bielkoviny 3g, so\u013e 1,7g.<\/p>\n<p>Krajina p\u00f4vodu: Taliansko<\/p>\n<p><a href=\"https:\/\/rocca1870.it\/\" target=\"_blank\" rel=\"noopener noreferrer\"><br \/>\n<img decoding=\"async\" src=\"https:\/\/www.positivitee.sk\/img\/Rocca\/rocca-nuovo_300x300.png\" alt=\"Rocca Luigi &amp; Figlio srl\" \/><br \/>\n<\/a><\/p>\n","protected":false},"excerpt":{"rendered":"<p>T910 Hubov\u00e1 fant\u00e1zia s hr\u00edbom smrekov\u00fdm, 190g.<\/p>\n","protected":false},"featured_media":3751,"template":"","meta":{"jetpack_post_was_ever_published":false,"jetpack_publicize_message":"","jetpack_publicize_feature_enabled":true,"jetpack_social_post_already_shared":true,"jetpack_social_options":{"image_generator_settings":{"template":"highway","default_image_id":0,"font":"","enabled":false},"version":2}},"product_brand":[],"product_cat":[46],"product_tag":[],"class_list":{"0":"post-3750","1":"product","2":"type-product","3":"status-publish","4":"has-post-thumbnail","6":"product_cat-talianske-pochutky","8":"first","9":"instock","10":"shipping-taxable","11":"purchasable","12":"product-type-simple"},"jetpack_publicize_connections":[],"jetpack_sharing_enabled":true,"_links":{"self":[{"href":"https:\/\/www.positivitee.sk\/index.php\/wp-json\/wp\/v2\/product\/3750","targetHints":{"allow":["GET"]}}],"collection":[{"href":"https:\/\/www.positivitee.sk\/index.php\/wp-json\/wp\/v2\/product"}],"about":[{"href":"https:\/\/www.positivitee.sk\/index.php\/wp-json\/wp\/v2\/types\/product"}],"wp:featuredmedia":[{"embeddable":true,"href":"https:\/\/www.positivitee.sk\/index.php\/wp-json\/wp\/v2\/media\/3751"}],"wp:attachment":[{"href":"https:\/\/www.positivitee.sk\/index.php\/wp-json\/wp\/v2\/media?parent=3750"}],"wp:term":[{"taxonomy":"product_brand","embeddable":true,"href":"https:\/\/www.positivitee.sk\/index.php\/wp-json\/wp\/v2\/product_brand?post=3750"},{"taxonomy":"product_cat","embeddable":true,"href":"https:\/\/www.positivitee.sk\/index.php\/wp-json\/wp\/v2\/product_cat?post=3750"},{"taxonomy":"product_tag","embeddable":true,"href":"https:\/\/www.positivitee.sk\/index.php\/wp-json\/wp\/v2\/product_tag?post=3750"}],"curies":[{"name":"wp","href":"https:\/\/api.w.org\/{rel}","templated":true}]}}