{"id":3784,"date":"2020-03-18T22:06:15","date_gmt":"2020-03-18T22:06:15","guid":{"rendered":"https:\/\/www.positivitee.sk\/?post_type=product&#038;p=3784"},"modified":"2022-01-11T12:36:23","modified_gmt":"2022-01-11T12:36:23","slug":"dunoon-skye-swoosh","status":"publish","type":"product","link":"https:\/\/www.positivitee.sk\/index.php\/product\/dunoon-skye-swoosh\/","title":{"rendered":"Dunoon &#8211; Skye, Swoosh!"},"content":{"rendered":"<p>Skye, Swoosh!, 4,5dl.<img decoding=\"async\" src=\"https:\/\/www.positivitee.sk\/img\/Dunoon\/SKYE SWOOSH!.jpg\" alt=\"Skye, Swoosh!\" \/><\/p>\n<p>Zna\u010dka DUNOON, FINE BONE CHINA MADE IN ENGLAND, tvar Skye, objem 4,5dl (v\u00fd\u0161ka: 103 mm, priemer 115 mm). V\u017edy v dar\u010dekovej krabi\u010dke.<br \/>\nPulzuj\u00faci trendov\u00fd design od ilustr\u00e1torky Caroline Bessey v jej ob\u013e\u00fabenom \u0161t\u00fdle akvarelu. N\u00e1dhera prenikav\u00fdch \u017eiariv\u00fdch farieb s dominanciou fialovomodrej s t\u00f3nmi zelenej na tomto fascinuj\u00facom k\u00fasku.<\/p>\n<p><a href=\"https:\/\/www.dunoonmugs.co.uk\/\" target=\"_blank\" rel=\"noopener noreferrer\"><br \/>\n<img decoding=\"async\" src=\"https:\/\/www.positivitee.sk\/img\/Dunoon\/Dunoon-logo-small.jpg\" alt=\"Dunoon Mugs\" \/><br \/>\n<\/a><\/p>\n","protected":false},"excerpt":{"rendered":"<p>Skye, Swoosh!, 4,5dl.<\/p>\n","protected":false},"featured_media":3785,"template":"","meta":{"jetpack_post_was_ever_published":false,"jetpack_publicize_message":"","jetpack_publicize_feature_enabled":true,"jetpack_social_post_already_shared":true,"jetpack_social_options":{"image_generator_settings":{"template":"highway","default_image_id":0,"font":"","enabled":false},"version":2}},"product_brand":[],"product_cat":[63,110],"product_tag":[],"class_list":{"0":"post-3784","1":"product","2":"type-product","3":"status-publish","4":"has-post-thumbnail","6":"product_cat-dunoon","7":"product_cat-skye-0-45l","9":"first","10":"instock","11":"shipping-taxable","12":"purchasable","13":"product-type-simple"},"jetpack_publicize_connections":[],"jetpack_sharing_enabled":true,"_links":{"self":[{"href":"https:\/\/www.positivitee.sk\/index.php\/wp-json\/wp\/v2\/product\/3784","targetHints":{"allow":["GET"]}}],"collection":[{"href":"https:\/\/www.positivitee.sk\/index.php\/wp-json\/wp\/v2\/product"}],"about":[{"href":"https:\/\/www.positivitee.sk\/index.php\/wp-json\/wp\/v2\/types\/product"}],"wp:featuredmedia":[{"embeddable":true,"href":"https:\/\/www.positivitee.sk\/index.php\/wp-json\/wp\/v2\/media\/3785"}],"wp:attachment":[{"href":"https:\/\/www.positivitee.sk\/index.php\/wp-json\/wp\/v2\/media?parent=3784"}],"wp:term":[{"taxonomy":"product_brand","embeddable":true,"href":"https:\/\/www.positivitee.sk\/index.php\/wp-json\/wp\/v2\/product_brand?post=3784"},{"taxonomy":"product_cat","embeddable":true,"href":"https:\/\/www.positivitee.sk\/index.php\/wp-json\/wp\/v2\/product_cat?post=3784"},{"taxonomy":"product_tag","embeddable":true,"href":"https:\/\/www.positivitee.sk\/index.php\/wp-json\/wp\/v2\/product_tag?post=3784"}],"curies":[{"name":"wp","href":"https:\/\/api.w.org\/{rel}","templated":true}]}}