{"id":3798,"date":"2020-03-22T10:03:26","date_gmt":"2020-03-22T10:03:26","guid":{"rendered":"https:\/\/www.positivitee.sk\/?post_type=product&#038;p=3798"},"modified":"2025-10-23T12:39:19","modified_gmt":"2025-10-23T12:39:19","slug":"premium-tea-bio-sunny-green-100g","status":"publish","type":"product","link":"https:\/\/www.positivitee.sk\/index.php\/product\/premium-tea-bio-sunny-green-100g\/","title":{"rendered":"Premium Tea &#8211; BIO SUNNY GREEN, 100g"},"content":{"rendered":"<p><code>4361<\/code>BIO SUNNY GREEN, 100g.<\/p>\n<p><img loading=\"lazy\" decoding=\"async\" class=\"attachment-266x266 size-266x266\" src=\"https:\/\/www.positivitee.sk\/wp-content\/uploads\/2020\/03\/00-04361_stamm_4-300x300.jpg\" sizes=\"auto, (max-width: 266px) 100vw, 266px\" srcset=\"https:\/\/www.positivitee.sk\/wp-content\/uploads\/2020\/03\/00-04361_stamm_4-300x300.jpg 300w, https:\/\/www.positivitee.sk\/wp-content\/uploads\/2020\/03\/00-04361_stamm_4-150x150.jpg 150w, https:\/\/www.positivitee.sk\/wp-content\/uploads\/2020\/03\/00-04361_stamm_4-324x324.jpg 324w, https:\/\/www.positivitee.sk\/wp-content\/uploads\/2020\/03\/00-04361_stamm_4-100x100.jpg 100w, https:\/\/www.positivitee.sk\/wp-content\/uploads\/2020\/03\/00-04361_stamm_4.jpg 340w\" alt=\"\" width=\"266\" height=\"266\" \/><\/p>\n<p>Osvie\u017euj\u00faco zahrievacia zmes zelen\u00e9ho \u010daju z Indie s pomaran\u010dovou k\u00f4rou,\u00a0 z\u00e1zvorom, pr\u00edrodnou arr\u00f3mou, grepom a kvetinami necht\u00edka. N\u00e1apoj svetlej farby delik\u00e1tnej citrusovej chute s dotykom z\u00e1zvoru.<\/p>\n<p>Zlo\u017eenie: indick\u00fd zelen\u00fd \u010daj, z\u00e1zvor, pomaran\u010dov\u00e1 k\u00f4ra, pirodn\u00e1 ar\u00f3ma, k\u00f4ra grepu, lupene kvetov necht\u00edka<\/p>\n<p>Pr\u00edprava: 1 \u010dajov\u00fa ly\u017ei\u010dku (2g) \u010daju zalejeme 2,5dl vody 80\u00b0C. L\u00fahujte 2 minuty.<\/p>\n","protected":false},"excerpt":{"rendered":"<p>4361 BIO SUNNY GREEN, 100g.<\/p>\n","protected":false},"featured_media":3799,"template":"","meta":{"jetpack_post_was_ever_published":false,"jetpack_publicize_message":"","jetpack_publicize_feature_enabled":true,"jetpack_social_post_already_shared":true,"jetpack_social_options":{"image_generator_settings":{"template":"highway","default_image_id":0,"font":"","enabled":false},"version":2}},"product_brand":[],"product_cat":[50,70],"product_tag":[],"class_list":{"0":"post-3798","1":"product","2":"type-product","3":"status-publish","4":"has-post-thumbnail","6":"product_cat-premium-caje","7":"product_cat-zelene","9":"first","10":"instock","11":"shipping-taxable","12":"purchasable","13":"product-type-simple"},"jetpack_publicize_connections":[],"jetpack_sharing_enabled":true,"_links":{"self":[{"href":"https:\/\/www.positivitee.sk\/index.php\/wp-json\/wp\/v2\/product\/3798","targetHints":{"allow":["GET"]}}],"collection":[{"href":"https:\/\/www.positivitee.sk\/index.php\/wp-json\/wp\/v2\/product"}],"about":[{"href":"https:\/\/www.positivitee.sk\/index.php\/wp-json\/wp\/v2\/types\/product"}],"wp:featuredmedia":[{"embeddable":true,"href":"https:\/\/www.positivitee.sk\/index.php\/wp-json\/wp\/v2\/media\/3799"}],"wp:attachment":[{"href":"https:\/\/www.positivitee.sk\/index.php\/wp-json\/wp\/v2\/media?parent=3798"}],"wp:term":[{"taxonomy":"product_brand","embeddable":true,"href":"https:\/\/www.positivitee.sk\/index.php\/wp-json\/wp\/v2\/product_brand?post=3798"},{"taxonomy":"product_cat","embeddable":true,"href":"https:\/\/www.positivitee.sk\/index.php\/wp-json\/wp\/v2\/product_cat?post=3798"},{"taxonomy":"product_tag","embeddable":true,"href":"https:\/\/www.positivitee.sk\/index.php\/wp-json\/wp\/v2\/product_tag?post=3798"}],"curies":[{"name":"wp","href":"https:\/\/api.w.org\/{rel}","templated":true}]}}