{"id":380,"date":"2019-04-11T13:07:06","date_gmt":"2019-04-11T13:07:06","guid":{"rendered":"http:\/\/www.positivitee.sk\/?post_type=product&#038;p=380"},"modified":"2025-07-28T15:46:53","modified_gmt":"2025-07-28T15:46:53","slug":"dolfin-horuca-cokolada-so-chutou-cappuccina","status":"publish","type":"product","link":"https:\/\/www.positivitee.sk\/index.php\/product\/dolfin-horuca-cokolada-so-chutou-cappuccina\/","title":{"rendered":"Dolfin &#8211; Hor\u00faca \u010dokol\u00e1da s chu\u0165ou cappuccina"},"content":{"rendered":"<p><code>DO2504<\/code>Hor\u00faca \u010dokol\u00e1da s chu\u0165ou cappuccina, 250g.<img decoding=\"async\" src=\"https:\/\/www.positivitee.sk\/img\/Dolfin\/choco-cappu_320x320.png\" alt=\"Hor\u00faca \u010dokol\u00e1da so chu\u0165ou cappuccina\" \/><\/p>\n<p>Minim\u00e1lny obsah kakaa 32%.<br \/>\nZlo\u017eenie: cukor, pr\u00e1\u0161kov\u00e9 kakao, pr\u00edchu\u0165.<\/p>\n<p>Alerg\u00e9ny: m\u00f4\u017ee obsahova\u0165 <strong>lepok<\/strong>, <strong>vaj\u00ed\u010dka<\/strong>, <strong>s\u00f3ju<\/strong>, <strong>mlieko<\/strong>, <strong>ovocie<\/strong> a <strong>orechy<\/strong>, <strong>zeler<\/strong>, <strong>siri\u010ditany<\/strong>.<\/p>\n<p>Krajina p\u00f4vodu: Belgicko.<\/p>\n<p><a href=\"http:\/\/www.dolfin.be\/\" target=\"_blank\" rel=\"noopener noreferrer\"><br \/>\n<img decoding=\"async\" src=\"https:\/\/www.positivitee.sk\/img\/Dolfin\/dolfin_logo_7.jpg\" alt=\"Dolfin - The Art of Blending\" \/><br \/>\n<\/a><\/p>\n","protected":false},"excerpt":{"rendered":"<p>DO2504 Hor\u00faca \u010dokol\u00e1da s chu\u0165ou cappuccina, 250g.<\/p>\n","protected":false},"featured_media":381,"template":"","meta":{"jetpack_post_was_ever_published":false,"jetpack_publicize_message":"","jetpack_publicize_feature_enabled":true,"jetpack_social_post_already_shared":true,"jetpack_social_options":{"image_generator_settings":{"template":"highway","default_image_id":0,"font":"","enabled":false},"version":2}},"product_brand":[],"product_cat":[40],"product_tag":[],"class_list":{"0":"post-380","1":"product","2":"type-product","3":"status-publish","4":"has-post-thumbnail","6":"product_cat-rucne-robene-cukrovinky-z-belgicka","8":"first","9":"instock","10":"shipping-taxable","11":"purchasable","12":"product-type-simple"},"jetpack_publicize_connections":[],"jetpack_sharing_enabled":true,"_links":{"self":[{"href":"https:\/\/www.positivitee.sk\/index.php\/wp-json\/wp\/v2\/product\/380","targetHints":{"allow":["GET"]}}],"collection":[{"href":"https:\/\/www.positivitee.sk\/index.php\/wp-json\/wp\/v2\/product"}],"about":[{"href":"https:\/\/www.positivitee.sk\/index.php\/wp-json\/wp\/v2\/types\/product"}],"wp:featuredmedia":[{"embeddable":true,"href":"https:\/\/www.positivitee.sk\/index.php\/wp-json\/wp\/v2\/media\/381"}],"wp:attachment":[{"href":"https:\/\/www.positivitee.sk\/index.php\/wp-json\/wp\/v2\/media?parent=380"}],"wp:term":[{"taxonomy":"product_brand","embeddable":true,"href":"https:\/\/www.positivitee.sk\/index.php\/wp-json\/wp\/v2\/product_brand?post=380"},{"taxonomy":"product_cat","embeddable":true,"href":"https:\/\/www.positivitee.sk\/index.php\/wp-json\/wp\/v2\/product_cat?post=380"},{"taxonomy":"product_tag","embeddable":true,"href":"https:\/\/www.positivitee.sk\/index.php\/wp-json\/wp\/v2\/product_tag?post=380"}],"curies":[{"name":"wp","href":"https:\/\/api.w.org\/{rel}","templated":true}]}}