{"id":3805,"date":"2020-03-22T10:38:53","date_gmt":"2020-03-22T10:38:53","guid":{"rendered":"https:\/\/www.positivitee.sk\/?post_type=product&#038;p=3805"},"modified":"2020-04-24T07:00:07","modified_gmt":"2020-04-24T07:00:07","slug":"jewel-hrncek-so-sitkom-cats","status":"publish","type":"product","link":"https:\/\/www.positivitee.sk\/index.php\/product\/jewel-hrncek-so-sitkom-cats\/","title":{"rendered":"JEWEL &#8211; Hrn\u010dek so s\u00edtkom, CATS"},"content":{"rendered":"<p><code>96677<\/code>Hrn\u010dek so s\u00edtkom, CATS.<img decoding=\"async\" src=\"https:\/\/www.positivitee.sk\/img\/Jewel\/mug cats.jpg\" alt=\"Hrn\u010dek so s\u00edtkom, CATS\" \/><\/p>\n<p>Hrn\u010dek na \u010daj japonskej zna\u010dky JEWEL so s\u00edtkom, objem 2,5 dl.<\/p>\n<p>Hrn\u010dek &#8211; vhodn\u00e9 do um\u00fdva\u010dky riadov a do mikrovlnky. Hygienick\u00e9, neutr\u00e1lne k potravin\u00e1m, jemne tkan\u00e9 a preto vhodn\u00e9 aj pre l\u00e1mane a drven\u00e9 \u010daje a \u010dajoviny, odoln\u00e9 v\u00f4\u010di mechanick\u00e9mu po\u0161kodeniu.<\/p>\n<p>S\u00edtko   &#8211; jednoduch\u00e1 \u00fadr\u017eba, vhodn\u00e9 do um\u00fdva\u010dky riadu.<\/p>\n","protected":false},"excerpt":{"rendered":"<p>96677 Hrn\u010dek so s\u00edtkom, CATS.<\/p>\n","protected":false},"featured_media":3806,"template":"","meta":{"jetpack_post_was_ever_published":false,"jetpack_publicize_message":"","jetpack_publicize_feature_enabled":true,"jetpack_social_post_already_shared":true,"jetpack_social_options":{"image_generator_settings":{"template":"highway","default_image_id":0,"font":"","enabled":false},"version":2}},"product_brand":[],"product_cat":[93],"product_tag":[],"class_list":{"0":"post-3805","1":"product","2":"type-product","3":"status-publish","4":"has-post-thumbnail","6":"product_cat-jewel","8":"first","9":"instock","10":"sale","11":"shipping-taxable","12":"purchasable","13":"product-type-simple"},"jetpack_publicize_connections":[],"jetpack_sharing_enabled":true,"_links":{"self":[{"href":"https:\/\/www.positivitee.sk\/index.php\/wp-json\/wp\/v2\/product\/3805","targetHints":{"allow":["GET"]}}],"collection":[{"href":"https:\/\/www.positivitee.sk\/index.php\/wp-json\/wp\/v2\/product"}],"about":[{"href":"https:\/\/www.positivitee.sk\/index.php\/wp-json\/wp\/v2\/types\/product"}],"wp:featuredmedia":[{"embeddable":true,"href":"https:\/\/www.positivitee.sk\/index.php\/wp-json\/wp\/v2\/media\/3806"}],"wp:attachment":[{"href":"https:\/\/www.positivitee.sk\/index.php\/wp-json\/wp\/v2\/media?parent=3805"}],"wp:term":[{"taxonomy":"product_brand","embeddable":true,"href":"https:\/\/www.positivitee.sk\/index.php\/wp-json\/wp\/v2\/product_brand?post=3805"},{"taxonomy":"product_cat","embeddable":true,"href":"https:\/\/www.positivitee.sk\/index.php\/wp-json\/wp\/v2\/product_cat?post=3805"},{"taxonomy":"product_tag","embeddable":true,"href":"https:\/\/www.positivitee.sk\/index.php\/wp-json\/wp\/v2\/product_tag?post=3805"}],"curies":[{"name":"wp","href":"https:\/\/api.w.org\/{rel}","templated":true}]}}