{"id":3818,"date":"2020-04-01T05:42:00","date_gmt":"2020-04-01T05:42:00","guid":{"rendered":"https:\/\/www.positivitee.sk\/?post_type=product&#038;p=3818"},"modified":"2024-11-20T15:57:19","modified_gmt":"2024-11-20T15:57:19","slug":"premium-tea-sipky-100g","status":"publish","type":"product","link":"https:\/\/www.positivitee.sk\/index.php\/product\/premium-tea-sipky-100g\/","title":{"rendered":"Premium Tea &#8211; \u0160\u00cdPKY, 100g"},"content":{"rendered":"<p><code>6561<\/code>\u0160\u00cdPKY, 100g.<img decoding=\"async\" src=\"https:\/\/www.positivitee.sk\/img\/Premium\/00-06561.jpg\" alt=\"\u0160\u00cdPKY\" \/><\/p>\n<p>Vysokokvalitn\u00e9, \u010diasto\u010dn\u00e9 nasekan\u00e9 k\u00f4ry \u0161ipok z jesenn\u00e9ho zberu divokorast\u00facich kr\u00edkov. N\u00e1poj ovocnej chute s mimoriadne vysok\u00fdm obsahom vitam\u00ednu C.<br \/>\nS\u00fa bohat\u00e9 na antioxidanty a vitam\u00edny A a K, Sel\u00e9n, Calcium, Mang\u00e1n,<br \/>\nAj kvoli svojmu vysok\u00e9mu obsahu vitam\u00ednu C maj\u00fa mnoh\u00e9 zdravotn\u00e9 benefity.<br \/>\nZni\u017euju pr\u00edznaky reumatickej artrit\u00eddy, u\u013eavia pri respira\u010dn\u00fdch \u0165a\u017ekostiach, zn\u00ed\u017euju cholesterol, napom\u00e1haj\u00fa tr\u00e1veniu, posil\u0148uj\u00fa imunitu, zlep\u0161uju cirkul\u00e1ciu krvi, posil\u0148uj\u00fa kosti a k\u013aby nako\u013eko podporuje synt\u00e9zu kolag\u00e9nu.<\/p>\n<p>Zlo\u017eenie: k\u00f4ra plodov \u0161\u00edpok<\/p>\n<p>N\u00e1vod na pr\u00edpravu: 1 \u010dajov\u00fa ly\u017ei\u010dku (2g) \u010daju zalejeme 2,5dl vriacej vody. L\u00fahujte 5 a\u017e 8 min\u00fat. Alebo, ak m\u00e1me mo\u017enos\u0165, su\u0161en\u00e9 \u0161\u00edpky zalejeme studenou vodou a privedieme k varu, nech\u00e1me prevrie\u0165. N\u00e1sledne nech\u00e1 tento &#8222;v\u00fdvar&#8220; odst\u00e1\u0165 dlh\u0161iu dobu.<\/p>\n","protected":false},"excerpt":{"rendered":"<p>6561 \u0160\u00cdPKY, 100g.<\/p>\n","protected":false},"featured_media":3819,"template":"","meta":{"jetpack_post_was_ever_published":false,"jetpack_publicize_message":"","jetpack_publicize_feature_enabled":true,"jetpack_social_post_already_shared":true,"jetpack_social_options":{"image_generator_settings":{"template":"highway","default_image_id":0,"font":"","enabled":false},"version":2}},"product_brand":[],"product_cat":[74,50,72],"product_tag":[],"class_list":{"0":"post-3818","1":"product","2":"type-product","3":"status-publish","4":"has-post-thumbnail","6":"product_cat-bylinkove","7":"product_cat-premium-caje","8":"product_cat-ovocne","10":"first","11":"instock","12":"shipping-taxable","13":"purchasable","14":"product-type-simple"},"jetpack_publicize_connections":[],"jetpack_sharing_enabled":true,"_links":{"self":[{"href":"https:\/\/www.positivitee.sk\/index.php\/wp-json\/wp\/v2\/product\/3818","targetHints":{"allow":["GET"]}}],"collection":[{"href":"https:\/\/www.positivitee.sk\/index.php\/wp-json\/wp\/v2\/product"}],"about":[{"href":"https:\/\/www.positivitee.sk\/index.php\/wp-json\/wp\/v2\/types\/product"}],"wp:featuredmedia":[{"embeddable":true,"href":"https:\/\/www.positivitee.sk\/index.php\/wp-json\/wp\/v2\/media\/3819"}],"wp:attachment":[{"href":"https:\/\/www.positivitee.sk\/index.php\/wp-json\/wp\/v2\/media?parent=3818"}],"wp:term":[{"taxonomy":"product_brand","embeddable":true,"href":"https:\/\/www.positivitee.sk\/index.php\/wp-json\/wp\/v2\/product_brand?post=3818"},{"taxonomy":"product_cat","embeddable":true,"href":"https:\/\/www.positivitee.sk\/index.php\/wp-json\/wp\/v2\/product_cat?post=3818"},{"taxonomy":"product_tag","embeddable":true,"href":"https:\/\/www.positivitee.sk\/index.php\/wp-json\/wp\/v2\/product_tag?post=3818"}],"curies":[{"name":"wp","href":"https:\/\/api.w.org\/{rel}","templated":true}]}}