{"id":3822,"date":"2020-04-01T05:54:40","date_gmt":"2020-04-01T05:54:40","guid":{"rendered":"https:\/\/www.positivitee.sk\/?post_type=product&#038;p=3822"},"modified":"2024-10-28T13:57:21","modified_gmt":"2024-10-28T13:57:21","slug":"premium-tea-bio-rooibos-kapske-mesto-100g","status":"publish","type":"product","link":"https:\/\/www.positivitee.sk\/index.php\/product\/premium-tea-bio-rooibos-kapske-mesto-100g\/","title":{"rendered":"Premium Tea &#8211; BIO ROOIBOS KAPSK\u00c9 MESTO, 100g"},"content":{"rendered":"<p><code>6761<\/code>BIO ROOIBOS KAPSK\u00c9 MESTO, 100g.<img decoding=\"async\" src=\"https:\/\/www.positivitee.sk\/img\/Premium\/00-06761_stamm_2.jpg\" alt=\"BIO ROOIBOS KAPSK\u00c9 MESTO\" \/><\/p>\n<p>Juhoafrick\u00fd rooibos bohatej ar\u00f3my a chute vyladen\u00fd k\u00faskami citr\u00f3novej tr\u00e1vy, k\u00f4ry a kyselinou citr\u00f3novou. V\u00fdborn\u00fd aj na pr\u00edpravu \u013eadov\u00e9ho \u010daju.<\/p>\n<p>Zlo\u017eenie: rooibos, k\u00fasky jab\u013ak, citr\u00f3nov\u00e1 tr\u00e1va a k\u00f4ra, pr\u00edrodn\u00e1 citr\u00f3nov\u00e1 ar\u00f3ma, kyselina citr\u00f3nov\u00e1<\/p>\n<p>Pr\u00edprava: 1 \u010dajov\u00fa ly\u017ei\u010dku (2g) \u010daju zalejeme 2,5dl vriacej vody. L\u00fahujte 5 a\u017e 8 min\u00fat.<\/p>\n","protected":false},"excerpt":{"rendered":"<p>6761 BIO ROOIBOS KAPSK\u00c9 MESTO, 100g.<\/p>\n","protected":false},"featured_media":3823,"template":"","meta":{"jetpack_post_was_ever_published":false,"jetpack_publicize_message":"","jetpack_publicize_feature_enabled":true,"jetpack_social_post_already_shared":true,"jetpack_social_options":{"image_generator_settings":{"template":"highway","default_image_id":0,"font":"","enabled":false},"version":2}},"product_brand":[],"product_cat":[50,73],"product_tag":[],"class_list":{"0":"post-3822","1":"product","2":"type-product","3":"status-publish","4":"has-post-thumbnail","6":"product_cat-premium-caje","7":"product_cat-rooibos","9":"first","10":"instock","11":"shipping-taxable","12":"purchasable","13":"product-type-simple"},"jetpack_publicize_connections":[],"jetpack_sharing_enabled":true,"_links":{"self":[{"href":"https:\/\/www.positivitee.sk\/index.php\/wp-json\/wp\/v2\/product\/3822","targetHints":{"allow":["GET"]}}],"collection":[{"href":"https:\/\/www.positivitee.sk\/index.php\/wp-json\/wp\/v2\/product"}],"about":[{"href":"https:\/\/www.positivitee.sk\/index.php\/wp-json\/wp\/v2\/types\/product"}],"wp:featuredmedia":[{"embeddable":true,"href":"https:\/\/www.positivitee.sk\/index.php\/wp-json\/wp\/v2\/media\/3823"}],"wp:attachment":[{"href":"https:\/\/www.positivitee.sk\/index.php\/wp-json\/wp\/v2\/media?parent=3822"}],"wp:term":[{"taxonomy":"product_brand","embeddable":true,"href":"https:\/\/www.positivitee.sk\/index.php\/wp-json\/wp\/v2\/product_brand?post=3822"},{"taxonomy":"product_cat","embeddable":true,"href":"https:\/\/www.positivitee.sk\/index.php\/wp-json\/wp\/v2\/product_cat?post=3822"},{"taxonomy":"product_tag","embeddable":true,"href":"https:\/\/www.positivitee.sk\/index.php\/wp-json\/wp\/v2\/product_tag?post=3822"}],"curies":[{"name":"wp","href":"https:\/\/api.w.org\/{rel}","templated":true}]}}