{"id":3847,"date":"2020-04-25T05:19:51","date_gmt":"2020-04-25T05:19:51","guid":{"rendered":"https:\/\/www.positivitee.sk\/?post_type=product&#038;p=3847"},"modified":"2020-11-01T18:54:17","modified_gmt":"2020-11-01T18:54:17","slug":"premium-tea-irske-ranajky-100g","status":"publish","type":"product","link":"https:\/\/www.positivitee.sk\/index.php\/product\/premium-tea-irske-ranajky-100g\/","title":{"rendered":"Premium Tea &#8211; \u00cdRSKE RA\u0147AJKY, 100g"},"content":{"rendered":"<p><code>3311<\/code>\u00cdRSKE RA\u0147AJKY, 100g.<img decoding=\"async\" src=\"https:\/\/www.positivitee.sk\/img\/Premium\/00-03311_stamm_1.jpg\" alt=\"\u00cdRSKE RA\u0147AJKY\" \/><\/p>\n<p>Pln\u00e1 zmes Cejl\u00f3n Pekoe a Assam Broken namie\u0161an\u00e1 pod\u013ea \u00edrskych trad\u00edcii. Aromatick\u00e1 \u0161\u00e1lka, korenist\u00e1 chu\u0165, mimoriadne dobre harmonizuj\u00faca s kvapkou mlieka. Ide\u00e1lna zmes na ra\u0148ajky.<\/p>\n<p>Zlo\u017eenie: cejl\u00f3nsky a indick\u00fd \u010dierny \u010daj<\/p>\n<p>Pr\u00edprava: 1 \u010dajov\u00fa ly\u017ei\u010dku (2g) \u010daju zalejeme 2,5dl vriacej vody. L\u00fahujte 2 a\u017e 4 min\u00faty.<\/p>\n","protected":false},"excerpt":{"rendered":"<p>3311 \u00cdRSKE RA\u0147AJKY, 100g.<\/p>\n","protected":false},"featured_media":3848,"template":"","meta":{"jetpack_post_was_ever_published":false,"jetpack_publicize_message":"","jetpack_publicize_feature_enabled":true,"jetpack_social_post_already_shared":true,"jetpack_social_options":{"image_generator_settings":{"template":"highway","default_image_id":0,"font":"","enabled":false},"version":2}},"product_brand":[],"product_cat":[50,69],"product_tag":[],"class_list":{"0":"post-3847","1":"product","2":"type-product","3":"status-publish","4":"has-post-thumbnail","6":"product_cat-premium-caje","7":"product_cat-cierne","9":"first","10":"instock","11":"shipping-taxable","12":"purchasable","13":"product-type-simple"},"jetpack_publicize_connections":[],"jetpack_sharing_enabled":true,"_links":{"self":[{"href":"https:\/\/www.positivitee.sk\/index.php\/wp-json\/wp\/v2\/product\/3847","targetHints":{"allow":["GET"]}}],"collection":[{"href":"https:\/\/www.positivitee.sk\/index.php\/wp-json\/wp\/v2\/product"}],"about":[{"href":"https:\/\/www.positivitee.sk\/index.php\/wp-json\/wp\/v2\/types\/product"}],"wp:featuredmedia":[{"embeddable":true,"href":"https:\/\/www.positivitee.sk\/index.php\/wp-json\/wp\/v2\/media\/3848"}],"wp:attachment":[{"href":"https:\/\/www.positivitee.sk\/index.php\/wp-json\/wp\/v2\/media?parent=3847"}],"wp:term":[{"taxonomy":"product_brand","embeddable":true,"href":"https:\/\/www.positivitee.sk\/index.php\/wp-json\/wp\/v2\/product_brand?post=3847"},{"taxonomy":"product_cat","embeddable":true,"href":"https:\/\/www.positivitee.sk\/index.php\/wp-json\/wp\/v2\/product_cat?post=3847"},{"taxonomy":"product_tag","embeddable":true,"href":"https:\/\/www.positivitee.sk\/index.php\/wp-json\/wp\/v2\/product_tag?post=3847"}],"curies":[{"name":"wp","href":"https:\/\/api.w.org\/{rel}","templated":true}]}}