{"id":3849,"date":"2020-04-25T05:29:37","date_gmt":"2020-04-25T05:29:37","guid":{"rendered":"https:\/\/www.positivitee.sk\/?post_type=product&#038;p=3849"},"modified":"2026-05-12T17:28:09","modified_gmt":"2026-05-12T17:28:09","slug":"premium-tea-bio-vietnam-100g","status":"publish","type":"product","link":"https:\/\/www.positivitee.sk\/index.php\/product\/premium-tea-bio-vietnam-100g\/","title":{"rendered":"Premium Tea &#8211; BIO VIETNAM, 100g"},"content":{"rendered":"<p><code>1691<\/code>BIO VIETNAM, 100g.<img decoding=\"async\" src=\"https:\/\/www.positivitee.sk\/img\/Premium\/bio_vietnam.png\" alt=\"BIO VIETNAM\" \/><\/p>\n<p>Absol\u00fatne raritn\u00fd, kr\u00e1sny \u0161tavnat\u00fd \u010daj plnej \u010dervenej farby z divokorast\u00facicj \u010dajovn\u00edkov na severe Vietnamu.<\/p>\n<p>Zlo\u017eenie: vietnamsk\u00fd \u010dierny \u010daj<\/p>\n<p>Pr\u00edprava: 1 \u010dajov\u00fa ly\u017ei\u010dku (2g) \u010daju zalejeme 2,5dl vriacej vody. L\u00fahujte 2 a\u017e 4 min\u00faty.<\/p>\n","protected":false},"excerpt":{"rendered":"<p>1691 BIO VIETNAM, 100g.<\/p>\n","protected":false},"featured_media":3852,"template":"","meta":{"jetpack_post_was_ever_published":false,"jetpack_publicize_message":"","jetpack_publicize_feature_enabled":true,"jetpack_social_post_already_shared":true,"jetpack_social_options":{"image_generator_settings":{"template":"highway","default_image_id":0,"font":"","enabled":false},"version":2}},"product_brand":[],"product_cat":[50,69],"product_tag":[],"class_list":{"0":"post-3849","1":"product","2":"type-product","3":"status-publish","4":"has-post-thumbnail","6":"product_cat-premium-caje","7":"product_cat-cierne","9":"first","10":"instock","11":"shipping-taxable","12":"purchasable","13":"product-type-simple"},"jetpack_publicize_connections":[],"jetpack_sharing_enabled":true,"_links":{"self":[{"href":"https:\/\/www.positivitee.sk\/index.php\/wp-json\/wp\/v2\/product\/3849","targetHints":{"allow":["GET"]}}],"collection":[{"href":"https:\/\/www.positivitee.sk\/index.php\/wp-json\/wp\/v2\/product"}],"about":[{"href":"https:\/\/www.positivitee.sk\/index.php\/wp-json\/wp\/v2\/types\/product"}],"wp:featuredmedia":[{"embeddable":true,"href":"https:\/\/www.positivitee.sk\/index.php\/wp-json\/wp\/v2\/media\/3852"}],"wp:attachment":[{"href":"https:\/\/www.positivitee.sk\/index.php\/wp-json\/wp\/v2\/media?parent=3849"}],"wp:term":[{"taxonomy":"product_brand","embeddable":true,"href":"https:\/\/www.positivitee.sk\/index.php\/wp-json\/wp\/v2\/product_brand?post=3849"},{"taxonomy":"product_cat","embeddable":true,"href":"https:\/\/www.positivitee.sk\/index.php\/wp-json\/wp\/v2\/product_cat?post=3849"},{"taxonomy":"product_tag","embeddable":true,"href":"https:\/\/www.positivitee.sk\/index.php\/wp-json\/wp\/v2\/product_tag?post=3849"}],"curies":[{"name":"wp","href":"https:\/\/api.w.org\/{rel}","templated":true}]}}