{"id":3853,"date":"2020-04-25T05:43:48","date_gmt":"2020-04-25T05:43:48","guid":{"rendered":"https:\/\/www.positivitee.sk\/?post_type=product&#038;p=3853"},"modified":"2026-01-20T10:37:01","modified_gmt":"2026-01-20T10:37:01","slug":"premium-tea-zlaty-darjeeling-gfop-100g","status":"publish","type":"product","link":"https:\/\/www.positivitee.sk\/index.php\/product\/premium-tea-zlaty-darjeeling-gfop-100g\/","title":{"rendered":"Premium Tea &#8211; ZLAT\u00dd DARJEELING GFOP, 100g"},"content":{"rendered":"<p><code>1081<\/code>ZLAT\u00dd DARJEELING GFOP, 100g.<img decoding=\"async\" src=\"https:\/\/www.positivitee.sk\/img\/Premium\/00-01081_stamm_1.jpg\" alt=\"ZLAT\u00dd DARJEELING GFOP\" \/><\/p>\n<p>Jedna z najrobustnej\u0161ich darjeelingov\u00fdch zmesi a z\u00e1rove\u0148 u\u017e viac ne\u017e dek\u00e1du najpopul\u00e1rnej\u0161\u00edch. N\u00e1poj ovocn\u00fdch t\u00f3nov. Mimoriadne chutn\u00fd aj s kvapkou mlieka \u010di u\u017e r\u00e1no alebo aj ako popolud\u0148aj\u0161i \u010daj.<\/p>\n<p>Zlo\u017eenie: indick\u00fd \u010dierny \u010daj<\/p>\n<p>Pr\u00edprava: 1 \u010dajov\u00fa ly\u017ei\u010dku (2g) \u010daju zalejeme 2,5dl vriacej vody. L\u00fahujte 2 a\u017e 4 min\u00faty.<\/p>\n","protected":false},"excerpt":{"rendered":"<p>1081 ZLAT\u00dd DARJEELING GFOP, 100g.<\/p>\n","protected":false},"featured_media":3854,"template":"","meta":{"jetpack_post_was_ever_published":false,"jetpack_publicize_message":"","jetpack_publicize_feature_enabled":true,"jetpack_social_post_already_shared":true,"jetpack_social_options":{"image_generator_settings":{"template":"highway","default_image_id":0,"font":"","enabled":false},"version":2}},"product_brand":[],"product_cat":[50,69],"product_tag":[],"class_list":{"0":"post-3853","1":"product","2":"type-product","3":"status-publish","4":"has-post-thumbnail","6":"product_cat-premium-caje","7":"product_cat-cierne","9":"first","10":"instock","11":"shipping-taxable","12":"purchasable","13":"product-type-simple"},"jetpack_publicize_connections":[],"jetpack_sharing_enabled":true,"_links":{"self":[{"href":"https:\/\/www.positivitee.sk\/index.php\/wp-json\/wp\/v2\/product\/3853","targetHints":{"allow":["GET"]}}],"collection":[{"href":"https:\/\/www.positivitee.sk\/index.php\/wp-json\/wp\/v2\/product"}],"about":[{"href":"https:\/\/www.positivitee.sk\/index.php\/wp-json\/wp\/v2\/types\/product"}],"wp:featuredmedia":[{"embeddable":true,"href":"https:\/\/www.positivitee.sk\/index.php\/wp-json\/wp\/v2\/media\/3854"}],"wp:attachment":[{"href":"https:\/\/www.positivitee.sk\/index.php\/wp-json\/wp\/v2\/media?parent=3853"}],"wp:term":[{"taxonomy":"product_brand","embeddable":true,"href":"https:\/\/www.positivitee.sk\/index.php\/wp-json\/wp\/v2\/product_brand?post=3853"},{"taxonomy":"product_cat","embeddable":true,"href":"https:\/\/www.positivitee.sk\/index.php\/wp-json\/wp\/v2\/product_cat?post=3853"},{"taxonomy":"product_tag","embeddable":true,"href":"https:\/\/www.positivitee.sk\/index.php\/wp-json\/wp\/v2\/product_tag?post=3853"}],"curies":[{"name":"wp","href":"https:\/\/api.w.org\/{rel}","templated":true}]}}