{"id":3868,"date":"2020-05-01T18:09:53","date_gmt":"2020-05-01T18:09:53","guid":{"rendered":"https:\/\/www.positivitee.sk\/?post_type=product&#038;p=3868"},"modified":"2023-02-10T12:00:17","modified_gmt":"2023-02-10T12:00:17","slug":"premium-tea-mango-koktail-100g","status":"publish","type":"product","link":"https:\/\/www.positivitee.sk\/index.php\/product\/premium-tea-mango-koktail-100g\/","title":{"rendered":"Premium Tea &#8211; MANGO KOKTAIL, 100g"},"content":{"rendered":"<p><code>5811<\/code>MANGO KOKTAIL, 100g.<\/p>\n<p><img decoding=\"async\" src=\"https:\/\/www.positivitee.sk\/wp-content\/uploads\/2020\/05\/mango-kok-300x300.png\" \/><\/p>\n<p>&nbsp;<\/p>\n<p>Atrakt\u00edvna, bohat\u00e1 zmes popul\u00e1rna u mal\u00fdch aj ve\u013ek\u00fdch.<\/p>\n<p>Zlo\u017eenie:\u00a0 \u0161\u00edpky, ibi\u0161te, k\u00fasky jabka, k\u00faskz manga a anan\u00e1su,\u00a0 pomaran\u010dov\u00e1 k\u00f4ra, doladen\u00e9 pr\u00edrodnou ar\u00f3mou\u00a0 zrel\u00e9ho manga a kr\u00e1snymi kvetinami necht\u00edka. Excelentn\u00e1 v\u00fdrazna chu\u0165. Vhodn\u00fd aj na pr\u00edpravu \u013eadov\u00e9ho \u010daju.<\/p>\n<p>Pr\u00edprava: 1 \u010dajov\u00fa ly\u017ei\u010dku (2g) \u010daju zalejeme 2,5dl vriacej vody. L\u00fahujte 5 a\u017e 8 min\u00fat.<\/p>\n","protected":false},"excerpt":{"rendered":"<p><code>5811<\/code>MANGO KOKTAIL, 100g.<\/p>\n","protected":false},"featured_media":5318,"template":"","meta":{"jetpack_post_was_ever_published":false,"jetpack_publicize_message":"","jetpack_publicize_feature_enabled":true,"jetpack_social_post_already_shared":true,"jetpack_social_options":{"image_generator_settings":{"template":"highway","default_image_id":0,"font":"","enabled":false},"version":2}},"product_brand":[],"product_cat":[50,72],"product_tag":[],"class_list":{"0":"post-3868","1":"product","2":"type-product","3":"status-publish","4":"has-post-thumbnail","6":"product_cat-premium-caje","7":"product_cat-ovocne","9":"first","10":"instock","11":"shipping-taxable","12":"purchasable","13":"product-type-simple"},"jetpack_publicize_connections":[],"jetpack_sharing_enabled":true,"_links":{"self":[{"href":"https:\/\/www.positivitee.sk\/index.php\/wp-json\/wp\/v2\/product\/3868","targetHints":{"allow":["GET"]}}],"collection":[{"href":"https:\/\/www.positivitee.sk\/index.php\/wp-json\/wp\/v2\/product"}],"about":[{"href":"https:\/\/www.positivitee.sk\/index.php\/wp-json\/wp\/v2\/types\/product"}],"wp:featuredmedia":[{"embeddable":true,"href":"https:\/\/www.positivitee.sk\/index.php\/wp-json\/wp\/v2\/media\/5318"}],"wp:attachment":[{"href":"https:\/\/www.positivitee.sk\/index.php\/wp-json\/wp\/v2\/media?parent=3868"}],"wp:term":[{"taxonomy":"product_brand","embeddable":true,"href":"https:\/\/www.positivitee.sk\/index.php\/wp-json\/wp\/v2\/product_brand?post=3868"},{"taxonomy":"product_cat","embeddable":true,"href":"https:\/\/www.positivitee.sk\/index.php\/wp-json\/wp\/v2\/product_cat?post=3868"},{"taxonomy":"product_tag","embeddable":true,"href":"https:\/\/www.positivitee.sk\/index.php\/wp-json\/wp\/v2\/product_tag?post=3868"}],"curies":[{"name":"wp","href":"https:\/\/api.w.org\/{rel}","templated":true}]}}