{"id":3872,"date":"2020-05-01T20:08:36","date_gmt":"2020-05-01T20:08:36","guid":{"rendered":"https:\/\/www.positivitee.sk\/?post_type=product&#038;p=3872"},"modified":"2020-11-01T18:28:18","modified_gmt":"2020-11-01T18:28:18","slug":"premium-tea-bio-gunpowder-100g","status":"publish","type":"product","link":"https:\/\/www.positivitee.sk\/index.php\/product\/premium-tea-bio-gunpowder-100g\/","title":{"rendered":"Premium Tea &#8211; BIO GUNPOWDER, 100g"},"content":{"rendered":"<p><code>2131<\/code>BIO GUNPOWDER, 100g.<img decoding=\"async\" src=\"https:\/\/www.positivitee.sk\/img\/Premium\/00-02131_stamm_1.jpg\" alt=\"BIO GUNPOWDER\" \/><\/p>\n<p>Jeden z najzn\u00e1mej\u0161\u00edch zelen\u00fdch \u010dajov v\u010fa\u010d\u00ed za svoj n\u00e1zov tvaru, do ktor\u00e9ho s\u00fa zato\u010den\u00e9 \u010dajov\u00e9 l\u00edstky. Do gu\u013e\u00f4\u010dok sto\u010den\u00e9 l\u00edstky pon\u00fakaj\u00fa n\u00e1poj v\u00fdraznej svie\u017eej chute a ar\u00f3my.<\/p>\n<p>Zlo\u017eenie: \u010d\u00ednsky zelen\u00fd \u010daj<\/p>\n<p>Pr\u00edprava: 1 \u010dajov\u00fa ly\u017ei\u010dku (2g) \u010daju zalejeme 2,5dl vody 80\u00b0C. L\u00fahujte 2 minuty.<\/p>\n","protected":false},"excerpt":{"rendered":"<p>2131 BIO GUNPOWDER, 100g.<\/p>\n","protected":false},"featured_media":3873,"template":"","meta":{"jetpack_post_was_ever_published":false,"jetpack_publicize_message":"","jetpack_publicize_feature_enabled":true,"jetpack_social_post_already_shared":true,"jetpack_social_options":{"image_generator_settings":{"template":"highway","default_image_id":0,"font":"","enabled":false},"version":2}},"product_brand":[],"product_cat":[50,70],"product_tag":[],"class_list":{"0":"post-3872","1":"product","2":"type-product","3":"status-publish","4":"has-post-thumbnail","6":"product_cat-premium-caje","7":"product_cat-zelene","9":"first","10":"instock","11":"shipping-taxable","12":"purchasable","13":"product-type-simple"},"jetpack_publicize_connections":[],"jetpack_sharing_enabled":true,"_links":{"self":[{"href":"https:\/\/www.positivitee.sk\/index.php\/wp-json\/wp\/v2\/product\/3872","targetHints":{"allow":["GET"]}}],"collection":[{"href":"https:\/\/www.positivitee.sk\/index.php\/wp-json\/wp\/v2\/product"}],"about":[{"href":"https:\/\/www.positivitee.sk\/index.php\/wp-json\/wp\/v2\/types\/product"}],"wp:featuredmedia":[{"embeddable":true,"href":"https:\/\/www.positivitee.sk\/index.php\/wp-json\/wp\/v2\/media\/3873"}],"wp:attachment":[{"href":"https:\/\/www.positivitee.sk\/index.php\/wp-json\/wp\/v2\/media?parent=3872"}],"wp:term":[{"taxonomy":"product_brand","embeddable":true,"href":"https:\/\/www.positivitee.sk\/index.php\/wp-json\/wp\/v2\/product_brand?post=3872"},{"taxonomy":"product_cat","embeddable":true,"href":"https:\/\/www.positivitee.sk\/index.php\/wp-json\/wp\/v2\/product_cat?post=3872"},{"taxonomy":"product_tag","embeddable":true,"href":"https:\/\/www.positivitee.sk\/index.php\/wp-json\/wp\/v2\/product_tag?post=3872"}],"curies":[{"name":"wp","href":"https:\/\/api.w.org\/{rel}","templated":true}]}}